{"id":61,"date":"2014-02-03T16:01:26","date_gmt":"2014-02-03T15:01:26","guid":{"rendered":"http:\/\/lespilles.fr\/lespillesautrefois\/?page_id=61"},"modified":"2020-07-28T13:43:45","modified_gmt":"2020-07-28T12:43:45","slug":"nous-contacter","status":"publish","type":"page","link":"https:\/\/lespilles.fr\/lespillesautrefois\/?page_id=61","title":{"rendered":"Nous contacter"},"content":{"rendered":"<p>Ce site a \u00e9t\u00e9 fait avec tous les documents que vous nous avez faits parvenir : il continuera de grandir et d&rsquo;\u00e9voluer si vous nous en envoyez encore&#8230;<\/p>\n<p>Pour nous faire parvenir des photos ou des documents:<\/p>\n<p>lespilles.histoireetpatrimoine@gmail.com \u00a0 <em>ou<\/em>\u00a0\u00a0 marrydel@orange.fr<\/p>\n","protected":false},"excerpt":{"rendered":"<p>Ce site a \u00e9t\u00e9 fait avec tous les documents que vous nous avez faits parvenir : il continuera de grandir et d&rsquo;\u00e9voluer si vous nous en envoyez encore&#8230; Pour nous faire parvenir des photos ou des documents: lespilles.histoireetpatrimoine@gmail.com \u00a0 ou\u00a0\u00a0 marrydel@orange.fr<\/p>\n","protected":false},"author":1,"featured_media":0,"parent":0,"menu_order":0,"comment_status":"closed","ping_status":"open","template":"","meta":{"footnotes":""},"class_list":["post-61","page","type-page","status-publish","hentry"],"_links":{"self":[{"href":"https:\/\/lespilles.fr\/lespillesautrefois\/index.php?rest_route=\/wp\/v2\/pages\/61","targetHints":{"allow":["GET"]}}],"collection":[{"href":"https:\/\/lespilles.fr\/lespillesautrefois\/index.php?rest_route=\/wp\/v2\/pages"}],"about":[{"href":"https:\/\/lespilles.fr\/lespillesautrefois\/index.php?rest_route=\/wp\/v2\/types\/page"}],"author":[{"embeddable":true,"href":"https:\/\/lespilles.fr\/lespillesautrefois\/index.php?rest_route=\/wp\/v2\/users\/1"}],"replies":[{"embeddable":true,"href":"https:\/\/lespilles.fr\/lespillesautrefois\/index.php?rest_route=%2Fwp%2Fv2%2Fcomments&post=61"}],"version-history":[{"count":3,"href":"https:\/\/lespilles.fr\/lespillesautrefois\/index.php?rest_route=\/wp\/v2\/pages\/61\/revisions"}],"predecessor-version":[{"id":1200,"href":"https:\/\/lespilles.fr\/lespillesautrefois\/index.php?rest_route=\/wp\/v2\/pages\/61\/revisions\/1200"}],"wp:attachment":[{"href":"https:\/\/lespilles.fr\/lespillesautrefois\/index.php?rest_route=%2Fwp%2Fv2%2Fmedia&parent=61"}],"curies":[{"name":"wp","href":"https:\/\/api.w.org\/{rel}","templated":true}]}}