{"id":57,"date":"2014-02-03T15:50:25","date_gmt":"2014-02-03T14:50:25","guid":{"rendered":"http:\/\/lespilles.fr\/lespillesautrefois\/?page_id=57"},"modified":"2024-11-29T14:22:19","modified_gmt":"2024-11-29T13:22:19","slug":"croix-de-mission","status":"publish","type":"page","link":"https:\/\/lespilles.fr\/lespillesautrefois\/?page_id=57","title":{"rendered":"Le Pont"},"content":{"rendered":"\n<p class=\"has-medium-font-size\">On a vu que le village des Pilles, en raison de sa position sur la route des Alpes, avait \u00e9t\u00e9 connu dans l&rsquo;Antiquit\u00e9 et avait notamment vu passer les marchands grecs, les soldats de Carthage et naturellement les Romains.<\/p>\n\n\n\n<p class=\"has-medium-font-size\">Au Moyen-\u00e2ge, le village pouvait \u00eatre consid\u00e9r\u00e9 comme la cl\u00e9 des Baronnies, \u00e0 l\u2019est de Nyons, et sa population \u00e9tait sensiblement plus dense que de nos jours, d&rsquo;autant plus que, soumise au Pape, elle ne payait que des imp\u00f4ts l\u00e9gers ce qui attirait vers elle des habitants de localit\u00e9s voisines beaucoup plus lourdement impos\u00e9es.<\/p>\n\n\n\n<p class=\"has-medium-font-size\">Il n&rsquo;est pas \u00e9tonnant dans ces conditions, et par suite de la r\u00e9partition de ses maisons sur les deux rives de l&rsquo;Eygues, qu&rsquo;un pont important ait \u00e9t\u00e9 construit dans un pass\u00e9 d\u00e9j\u00e0 lointain.<\/p>\n\n\n\n<figure class=\"wp-block-gallery has-nested-images columns-1 is-cropped wp-block-gallery-1 is-layout-flex wp-block-gallery-is-layout-flex\">\n<figure class=\"wp-block-image size-medium\"><a href=\"https:\/\/lespilles.fr\/lespillesautrefois\/wp-content\/uploads\/2024\/11\/Le-Pont-roman-des-Pilles-1-scaled.jpg\" target=\"_blank\"><img loading=\"lazy\" decoding=\"async\" width=\"300\" height=\"189\" data-id=\"2252\" src=\"https:\/\/lespilles.fr\/lespillesautrefois\/wp-content\/uploads\/2024\/11\/Le-Pont-roman-des-Pilles-1-300x189.jpg\" alt=\"\" class=\"wp-image-2252\" srcset=\"https:\/\/lespilles.fr\/lespillesautrefois\/wp-content\/uploads\/2024\/11\/Le-Pont-roman-des-Pilles-1-300x189.jpg 300w, https:\/\/lespilles.fr\/lespillesautrefois\/wp-content\/uploads\/2024\/11\/Le-Pont-roman-des-Pilles-1-1024x646.jpg 1024w, https:\/\/lespilles.fr\/lespillesautrefois\/wp-content\/uploads\/2024\/11\/Le-Pont-roman-des-Pilles-1-768x485.jpg 768w, https:\/\/lespilles.fr\/lespillesautrefois\/wp-content\/uploads\/2024\/11\/Le-Pont-roman-des-Pilles-1-1536x969.jpg 1536w, https:\/\/lespilles.fr\/lespillesautrefois\/wp-content\/uploads\/2024\/11\/Le-Pont-roman-des-Pilles-1-2048x1292.jpg 2048w\" sizes=\"auto, (max-width: 300px) 100vw, 300px\" \/><\/a><\/figure>\n\n\n\n<figure class=\"wp-block-image size-medium\"><a href=\"https:\/\/lespilles.fr\/lespillesautrefois\/wp-content\/uploads\/2024\/11\/Le-Pont-roman-des-Pilles-5-scaled.jpg\" target=\"_blank\"><img loading=\"lazy\" decoding=\"async\" width=\"300\" height=\"192\" data-id=\"2253\" src=\"https:\/\/lespilles.fr\/lespillesautrefois\/wp-content\/uploads\/2024\/11\/Le-Pont-roman-des-Pilles-5-300x192.jpg\" alt=\"\" class=\"wp-image-2253\" srcset=\"https:\/\/lespilles.fr\/lespillesautrefois\/wp-content\/uploads\/2024\/11\/Le-Pont-roman-des-Pilles-5-300x192.jpg 300w, https:\/\/lespilles.fr\/lespillesautrefois\/wp-content\/uploads\/2024\/11\/Le-Pont-roman-des-Pilles-5-1024x655.jpg 1024w, https:\/\/lespilles.fr\/lespillesautrefois\/wp-content\/uploads\/2024\/11\/Le-Pont-roman-des-Pilles-5-768x491.jpg 768w, https:\/\/lespilles.fr\/lespillesautrefois\/wp-content\/uploads\/2024\/11\/Le-Pont-roman-des-Pilles-5-1536x982.jpg 1536w, https:\/\/lespilles.fr\/lespillesautrefois\/wp-content\/uploads\/2024\/11\/Le-Pont-roman-des-Pilles-5-2048x1310.jpg 2048w\" sizes=\"auto, (max-width: 300px) 100vw, 300px\" \/><\/a><\/figure>\n\n\n\n<figure class=\"wp-block-image size-medium\"><a href=\"https:\/\/lespilles.fr\/lespillesautrefois\/wp-content\/uploads\/2024\/11\/Le-Pont-roman-des-Pilles-9-scaled.jpg\" target=\"_blank\"><img loading=\"lazy\" decoding=\"async\" width=\"194\" height=\"300\" data-id=\"2254\" src=\"https:\/\/lespilles.fr\/lespillesautrefois\/wp-content\/uploads\/2024\/11\/Le-Pont-roman-des-Pilles-9-194x300.jpg\" alt=\"\" class=\"wp-image-2254\" srcset=\"https:\/\/lespilles.fr\/lespillesautrefois\/wp-content\/uploads\/2024\/11\/Le-Pont-roman-des-Pilles-9-194x300.jpg 194w, https:\/\/lespilles.fr\/lespillesautrefois\/wp-content\/uploads\/2024\/11\/Le-Pont-roman-des-Pilles-9-663x1024.jpg 663w, https:\/\/lespilles.fr\/lespillesautrefois\/wp-content\/uploads\/2024\/11\/Le-Pont-roman-des-Pilles-9-768x1186.jpg 768w, https:\/\/lespilles.fr\/lespillesautrefois\/wp-content\/uploads\/2024\/11\/Le-Pont-roman-des-Pilles-9-995x1536.jpg 995w, https:\/\/lespilles.fr\/lespillesautrefois\/wp-content\/uploads\/2024\/11\/Le-Pont-roman-des-Pilles-9-1327x2048.jpg 1327w, https:\/\/lespilles.fr\/lespillesautrefois\/wp-content\/uploads\/2024\/11\/Le-Pont-roman-des-Pilles-9-scaled.jpg 1658w\" sizes=\"auto, (max-width: 194px) 100vw, 194px\" \/><\/a><\/figure>\n\n\n\n<figure class=\"wp-block-image size-medium\"><a href=\"https:\/\/lespilles.fr\/lespillesautrefois\/wp-content\/uploads\/2024\/11\/01-1898-b.jpg\" target=\"_blank\"><img loading=\"lazy\" decoding=\"async\" width=\"300\" height=\"242\" data-id=\"2246\" src=\"https:\/\/lespilles.fr\/lespillesautrefois\/wp-content\/uploads\/2024\/11\/01-1898-b-300x242.jpg\" alt=\"\" class=\"wp-image-2246\" srcset=\"https:\/\/lespilles.fr\/lespillesautrefois\/wp-content\/uploads\/2024\/11\/01-1898-b-300x242.jpg 300w, https:\/\/lespilles.fr\/lespillesautrefois\/wp-content\/uploads\/2024\/11\/01-1898-b-1024x827.jpg 1024w, https:\/\/lespilles.fr\/lespillesautrefois\/wp-content\/uploads\/2024\/11\/01-1898-b-768x620.jpg 768w, https:\/\/lespilles.fr\/lespillesautrefois\/wp-content\/uploads\/2024\/11\/01-1898-b.jpg 1300w\" sizes=\"auto, (max-width: 300px) 100vw, 300px\" \/><\/a><\/figure>\n<\/figure>\n\n\n\n<p class=\"has-medium-font-size\">Cet ouvrage, qui ressemblait comme un fr\u00e8re \u00e0 celui de Nyons, lui \u00e9tait peut-\u00eatre contemporain. On sait que celui-ci fut achev\u00e9 au d\u00e9but du 15\u00e8me si\u00e8cle et a r\u00e9sist\u00e9 \u00e0 tous les ouvrages du temps et des hommes. Le pont des Pilles \u00e9tait plus \u00e9troit que le pont de Nyons et les nombreuses bornes dispos\u00e9es de part et d&rsquo;autre de la chauss\u00e9e, fortement en dos d&rsquo;\u00e2ne, pour prot\u00e9ger les parapets r\u00e9duisaient encore la largeur du passage mais il aurait pu encore durer des si\u00e8cles s&rsquo;il n&rsquo;avait \u00e9t\u00e9 victime de la guerre.<\/p>\n\n\n\n<p class=\"has-large-font-size\"><strong>P\u00e9age<\/strong><\/p>\n\n\n\n<p class=\"has-medium-font-size\">Un manuscrit datant du 1<sup>er<\/sup> juillet 1557 pr\u00e9cise que \u00ab&nbsp;<em>pour chacune beste passant par le dit lieu, portant sel, bl\u00e9, avoine ou autre graine, se paye deux deniers&nbsp;; item pour chaque beste portant vin, deux petits deniers&nbsp;; item pour chacune beste portant huile, fromage, chenepoie&nbsp;?, lavis&nbsp;?, fenis&nbsp;?, merceries, draps et autres bonnes marchandises, et chasse de bois, douze petits deniers.&nbsp;<\/em>\u00bb<em> (Dauphin\u00e9 Lib\u00e9r\u00e9 8 mai 1975)<\/em><\/p>\n\n\n\n<p class=\"has-large-font-size\"><strong>Destruction du pont<\/strong><\/p>\n\n\n\n<p class=\"has-medium-font-size\">C&rsquo;est en effet en juin 1944 qu&rsquo;un r\u00e9sistant le fit sauter avec une charge d&rsquo;explosif. Celui-ci avait \u00e9t\u00e9 dispos\u00e9 depuis quelque temps et il semble que c&rsquo;est \u00e0 la suite d&rsquo;une erreur ou d&rsquo;un malentendu que la charge fut mise \u00e0 feu car la destruction de l&rsquo;ouvrage ne pouvait avoir&nbsp; aucune influence dans la lutte engag\u00e9e contre les troupes hitl\u00e9riennes.<\/p>\n\n\n\n<p class=\"has-medium-font-size\">Dans un vacarme effroyable et un nuage de poussi\u00e8re qui furent per\u00e7us de loin par les travailleurs des champs la belle arche du pont s&rsquo;effondra dans l&rsquo;Eygues qui eut t\u00f4t fait de faire dispara\u00eetre dans son courant les pierres mutil\u00e9es.<\/p>\n\n\n\n<figure class=\"wp-block-gallery has-nested-images columns-default is-cropped wp-block-gallery-2 is-layout-flex wp-block-gallery-is-layout-flex\">\n<figure class=\"wp-block-image size-medium\"><a href=\"https:\/\/lespilles.fr\/lespillesautrefois\/wp-content\/uploads\/2024\/11\/02-13-juin-1944-scaled.jpg\" target=\"_blank\"><img loading=\"lazy\" decoding=\"async\" width=\"300\" height=\"212\" data-id=\"2247\" src=\"https:\/\/lespilles.fr\/lespillesautrefois\/wp-content\/uploads\/2024\/11\/02-13-juin-1944-300x212.jpg\" alt=\"\" class=\"wp-image-2247\" srcset=\"https:\/\/lespilles.fr\/lespillesautrefois\/wp-content\/uploads\/2024\/11\/02-13-juin-1944-300x212.jpg 300w, https:\/\/lespilles.fr\/lespillesautrefois\/wp-content\/uploads\/2024\/11\/02-13-juin-1944-1024x724.jpg 1024w, https:\/\/lespilles.fr\/lespillesautrefois\/wp-content\/uploads\/2024\/11\/02-13-juin-1944-768x543.jpg 768w, https:\/\/lespilles.fr\/lespillesautrefois\/wp-content\/uploads\/2024\/11\/02-13-juin-1944-1536x1086.jpg 1536w, https:\/\/lespilles.fr\/lespillesautrefois\/wp-content\/uploads\/2024\/11\/02-13-juin-1944-2048x1448.jpg 2048w\" sizes=\"auto, (max-width: 300px) 100vw, 300px\" \/><\/a><\/figure>\n<\/figure>\n\n\n\n<p class=\"has-large-font-size\"><strong>La passerelle<\/strong><\/p>\n\n\n\n<p class=\"has-medium-font-size\">Mais la population-se trouva alors devant le difficile probl\u00e8me de la communication entre les deux rives. Les agriculteurs de la rive droite, en p\u00e9riode de basse eaux,avaient l\u00e0 possibilit\u00e9 \u00e0 la rigueur de gagner la rive gauche o\u00f9 se trouvaient leurs cultures, en traversant la rivi\u00e8re l\u00e0 o\u00f9 ses berges \u00e9taient les plus accessibles c&rsquo;est-\u00e0-dire entre la Jardini\u00e8re (endroit o\u00f9 se trouve le monument aux morts) et le pr\u00e9 du B\u00e9al, en face, mais si l&rsquo;Eygues \u00e9tait grosse il fallait faire le long d\u00e9tour par le pont de Curnier.<\/p>\n\n\n\n<p class=\"has-medium-font-size\">Aussi en septembre 44 un comit\u00e9 d&rsquo;entraide pour l&rsquo;am\u00e9nagement provisoire d&rsquo;une passerelle lan\u00e7a-t-il un appel \u00e0 la population des Pilles, de Ch\u00e2teauneuf et de Montaulieu. Pr\u00e9sid\u00e9 par M. Charles Hugues, propri\u00e9taire de la scierie situ\u00e9e \u00e0 la sortie est des Pilles, devenue depuis propri\u00e9t\u00e9 de M. Emmanuel Rodari, ce comit\u00e9 qui avait \u00e9galement \u00e0 sa t\u00eate le maire M. Bonnefoy et le pr\u00e9sident du Comit\u00e9 de Lib\u00e9ration, M. Martin, avait pour vice-pr\u00e9sident M. F\u00e9lix Peyrol, tr\u00e9sorier, M. Charles Coynel, secr\u00e9taire, M. Abel Long et administrateur, Mrs Henri Br\u00e8s, Ren\u00e9 Dens, Gabriel Mourier et Fernand Chabrol.<\/p>\n\n\n\n<p class=\"has-medium-font-size\">Non seulement les habitants souscrivent p\u00e9cuniairement mais imitant l\u2019exemple de leur maire M. Bonnefoy qui avait eu l&rsquo;id\u00e9e de constituer cette passerelle au moyen de peupliers qu&rsquo;il poss\u00e9dait au pr\u00e9 du B\u00e9al et que M. Hugues d\u00e9bita comme il convenait. Chacun apporta son concours \u00e0 la confection de l&rsquo;ouvrage sous la direction de M. Dante Rodari, entrepreneur \u00e0 Nyons.<\/p>\n\n\n\n<p class=\"has-medium-font-size\">De la sorte, tous les pi\u00e9tons purent passer d&rsquo;une rive \u00e0 l&rsquo;autre en attendant la passerelle enti\u00e8rement horizontale \u00e9difi\u00e9e plus tard par M. Rolland, entrepreneur et maire de Ballons, adjudicataire du pont en b\u00e9ton pour les Ponts et Chauss\u00e9es et qui ne fut r\u00e9alis\u00e9 que beaucoup plus tard avec, de nouveau, la participation active des habitants des Pilles qui sont coutumiers du fait et savent toujours d\u00e9fendre les int\u00e9r\u00eats &nbsp;de la collectivit\u00e9 dans un exemplaire esprit d&rsquo;amiti\u00e9 et de solidarit\u00e9.<em> (La Tribune 6 avril 1978)<\/em><\/p>\n\n\n\n<figure class=\"wp-block-gallery has-nested-images columns-2 is-cropped wp-block-gallery-3 is-layout-flex wp-block-gallery-is-layout-flex\">\n<figure class=\"wp-block-image size-medium\"><a href=\"https:\/\/lespilles.fr\/lespillesautrefois\/wp-content\/uploads\/2024\/11\/03-Passage-provisoire-scaled.jpg\" target=\"_blank\"><img loading=\"lazy\" decoding=\"async\" width=\"300\" height=\"213\" data-id=\"2248\" src=\"https:\/\/lespilles.fr\/lespillesautrefois\/wp-content\/uploads\/2024\/11\/03-Passage-provisoire-300x213.jpg\" alt=\"\" class=\"wp-image-2248\" srcset=\"https:\/\/lespilles.fr\/lespillesautrefois\/wp-content\/uploads\/2024\/11\/03-Passage-provisoire-300x213.jpg 300w, https:\/\/lespilles.fr\/lespillesautrefois\/wp-content\/uploads\/2024\/11\/03-Passage-provisoire-1024x726.jpg 1024w, https:\/\/lespilles.fr\/lespillesautrefois\/wp-content\/uploads\/2024\/11\/03-Passage-provisoire-768x545.jpg 768w, https:\/\/lespilles.fr\/lespillesautrefois\/wp-content\/uploads\/2024\/11\/03-Passage-provisoire-1536x1089.jpg 1536w, https:\/\/lespilles.fr\/lespillesautrefois\/wp-content\/uploads\/2024\/11\/03-Passage-provisoire-2048x1452.jpg 2048w\" sizes=\"auto, (max-width: 300px) 100vw, 300px\" \/><\/a><\/figure>\n\n\n\n<figure class=\"wp-block-image size-medium\"><a href=\"https:\/\/lespilles.fr\/lespillesautrefois\/wp-content\/uploads\/2024\/11\/04-La-Passerelle-scaled.jpg\" target=\"_blank\"><img loading=\"lazy\" decoding=\"async\" width=\"300\" height=\"194\" data-id=\"2249\" src=\"https:\/\/lespilles.fr\/lespillesautrefois\/wp-content\/uploads\/2024\/11\/04-La-Passerelle-300x194.jpg\" alt=\"\" class=\"wp-image-2249\" srcset=\"https:\/\/lespilles.fr\/lespillesautrefois\/wp-content\/uploads\/2024\/11\/04-La-Passerelle-300x194.jpg 300w, https:\/\/lespilles.fr\/lespillesautrefois\/wp-content\/uploads\/2024\/11\/04-La-Passerelle-1024x663.jpg 1024w, https:\/\/lespilles.fr\/lespillesautrefois\/wp-content\/uploads\/2024\/11\/04-La-Passerelle-768x498.jpg 768w, https:\/\/lespilles.fr\/lespillesautrefois\/wp-content\/uploads\/2024\/11\/04-La-Passerelle-1536x995.jpg 1536w, https:\/\/lespilles.fr\/lespillesautrefois\/wp-content\/uploads\/2024\/11\/04-La-Passerelle-2048x1327.jpg 2048w\" sizes=\"auto, (max-width: 300px) 100vw, 300px\" \/><\/a><\/figure>\n\n\n\n<figure class=\"wp-block-image size-medium\"><a href=\"https:\/\/lespilles.fr\/lespillesautrefois\/wp-content\/uploads\/2024\/11\/07-1949-scaled.jpg\" target=\"_blank\"><img loading=\"lazy\" decoding=\"async\" width=\"300\" height=\"225\" data-id=\"2251\" src=\"https:\/\/lespilles.fr\/lespillesautrefois\/wp-content\/uploads\/2024\/11\/07-1949-300x225.jpg\" alt=\"\" class=\"wp-image-2251\" srcset=\"https:\/\/lespilles.fr\/lespillesautrefois\/wp-content\/uploads\/2024\/11\/07-1949-300x225.jpg 300w, https:\/\/lespilles.fr\/lespillesautrefois\/wp-content\/uploads\/2024\/11\/07-1949-1024x767.jpg 1024w, https:\/\/lespilles.fr\/lespillesautrefois\/wp-content\/uploads\/2024\/11\/07-1949-768x575.jpg 768w, https:\/\/lespilles.fr\/lespillesautrefois\/wp-content\/uploads\/2024\/11\/07-1949-1536x1150.jpg 1536w, https:\/\/lespilles.fr\/lespillesautrefois\/wp-content\/uploads\/2024\/11\/07-1949-2048x1534.jpg 2048w\" sizes=\"auto, (max-width: 300px) 100vw, 300px\" \/><\/a><figcaption class=\"wp-element-caption\">Inauguration du pont actuel<\/figcaption><\/figure>\n<\/figure>\n\n\n\n<p class=\"has-large-font-size\"><strong>\u00c9tude du pont :<\/strong><\/p>\n\n\n\n<p class=\"has-medium-font-size\">Article sorti sur <a href=\"file:\/\/\/C:\/Users\/MARYLENE\/Documents\/LES%20PILLES%20HISTOIRE%20et%20PATRIMOINE\/Recherches\/Pont\/1-Ter-EY-Les%20Pilles-n\u00b069-ju22.pdf\"><a href=\"file:\/\/\/C:\/Users\/MARYLENE\/Documents\/LES%20PILLES%20HISTOIRE%20et%20PATRIMOINE\/Recherches\/Pont\/1-Ter-EY-Les%20Pilles-n\u00b069-ju22.pdf\">Terre d\u2019Eygues 69 de juin 2022 <\/a><\/a>  (cliquer)<\/p>\n\n\n\n<p><\/p>\n","protected":false},"excerpt":{"rendered":"<p>On a vu que le village des Pilles, en raison de sa position sur la route des Alpes, avait \u00e9t\u00e9 connu dans l&rsquo;Antiquit\u00e9 et avait notamment vu passer les marchands grecs, les soldats de Carthage et naturellement les Romains. Au Moyen-\u00e2ge, le village pouvait \u00eatre consid\u00e9r\u00e9 comme la cl\u00e9 des Baronnies, \u00e0 l\u2019est de Nyons, &hellip; <a href=\"https:\/\/lespilles.fr\/lespillesautrefois\/?page_id=57\" class=\"more-link\">Continuer la lecture de <span class=\"screen-reader-text\">Le Pont<\/span> <span class=\"meta-nav\">&rarr;<\/span><\/a><\/p>\n","protected":false},"author":1,"featured_media":0,"parent":0,"menu_order":0,"comment_status":"closed","ping_status":"open","template":"","meta":{"footnotes":""},"class_list":["post-57","page","type-page","status-publish","hentry"],"_links":{"self":[{"href":"https:\/\/lespilles.fr\/lespillesautrefois\/index.php?rest_route=\/wp\/v2\/pages\/57","targetHints":{"allow":["GET"]}}],"collection":[{"href":"https:\/\/lespilles.fr\/lespillesautrefois\/index.php?rest_route=\/wp\/v2\/pages"}],"about":[{"href":"https:\/\/lespilles.fr\/lespillesautrefois\/index.php?rest_route=\/wp\/v2\/types\/page"}],"author":[{"embeddable":true,"href":"https:\/\/lespilles.fr\/lespillesautrefois\/index.php?rest_route=\/wp\/v2\/users\/1"}],"replies":[{"embeddable":true,"href":"https:\/\/lespilles.fr\/lespillesautrefois\/index.php?rest_route=%2Fwp%2Fv2%2Fcomments&post=57"}],"version-history":[{"count":22,"href":"https:\/\/lespilles.fr\/lespillesautrefois\/index.php?rest_route=\/wp\/v2\/pages\/57\/revisions"}],"predecessor-version":[{"id":2272,"href":"https:\/\/lespilles.fr\/lespillesautrefois\/index.php?rest_route=\/wp\/v2\/pages\/57\/revisions\/2272"}],"wp:attachment":[{"href":"https:\/\/lespilles.fr\/lespillesautrefois\/index.php?rest_route=%2Fwp%2Fv2%2Fmedia&parent=57"}],"curies":[{"name":"wp","href":"https:\/\/api.w.org\/{rel}","templated":true}]}}