{"id":55,"date":"2014-02-03T15:49:58","date_gmt":"2014-02-03T14:49:58","guid":{"rendered":"http:\/\/lespilles.fr\/lespillesautrefois\/?page_id=55"},"modified":"2015-07-08T19:25:36","modified_gmt":"2015-07-08T18:25:36","slug":"le-rocher-enchaine","status":"publish","type":"page","link":"https:\/\/lespilles.fr\/lespillesautrefois\/?page_id=55","title":{"rendered":"Les Vents"},"content":{"rendered":"<p style=\"text-align: justify;\">Le 16\/09\/1964 de 21h 30 \u00e0 23h un orage venu de la vall\u00e9e du Rh\u00f4ne, accompagn\u00e9 pluie et vent extr\u00eamement violent a bris\u00e9 des branches ma\u00eetresses des platanes qui obstru\u00e8rent en totalit\u00e9 la RN 94 aux Pilles. Deux camions et douze voitures furent immobilis\u00e9s pendant plus de trois heures. Mr Ricou, adjoint au maire, forma avec la population une \u00e9quipe de travail pour commencer les travaux de d\u00e9blaiement.<\/p>\n<p style=\"text-align: justify;\">La circulation fut r\u00e9tablie \u00e0 3h du matin. Pas d\u2019accident de personnes mais de nombreuses voitures s\u00e9rieusement endommag\u00e9es.\u00a0 <i>(Dauphin\u00e9 Lib\u00e9r\u00e9 du 18 septembre 1964)<\/i><\/p>\n<p><strong>La V\u00e9zine\u00a0:<\/strong><\/p>\n<p style=\"text-align: justify;\">Vent sp\u00e9cial aux Pilles. Il souffle seulement en \u00e9t\u00e9, vers le solstice, \u00e0 l\u2019entr\u00e9e de l\u2019automne ou \u00e0 la fin du printemps. Il se l\u00e8ve lorsque le Pontias cesse, vers les 8 \u2013 9 h du matin et continue jusqu\u2019\u00e0 3 ou 4h du soir\u00a0; il souffle contre mont et \u00ab\u00a0perce les barri\u00e8res du pont et du d\u00e9troit des montagnes\u00a0\u00bb, ne varie ni \u00e0 son lever ni \u00e0 son coucher\u00a0; il est froid au-dessous du village et de la porte de la Lauze et br\u00fblant au-dessous du chemin qui est au pied de Jarrige\u00a0; il fait parfois rebondir la rivi\u00e8re par-dessus le pont et \u00e9branle les toitures des maisons.\u00a0 \u00a0\u00a0 \u00a0 <i>A.Lacroix \u2013 Histoire de l\u2019arrondissement de Nyons T.II P.229<\/i><\/p>\n<p><strong>La V\u00e9sine\u00a0:<\/strong><\/p>\n<p style=\"text-align: justify;\">Il existe aux Pilles un vent appel\u00e9 \u00ab\u00a0la V\u00e9sine\u00a0\u00bb qui a la r\u00e9putation de nuire aux r\u00e9coltes\u00a0; il souffle surtout depuis le mois d\u2019ao\u00fbt jusqu\u2019\u00e0 la fin octobre et pr\u00e9c\u00e8de g\u00e9n\u00e9ralement la pluie.<\/p>\n","protected":false},"excerpt":{"rendered":"<p>Le 16\/09\/1964 de 21h 30 \u00e0 23h un orage venu de la vall\u00e9e du Rh\u00f4ne, accompagn\u00e9 pluie et vent extr\u00eamement violent a bris\u00e9 des branches ma\u00eetresses des platanes qui obstru\u00e8rent en totalit\u00e9 la RN 94 aux Pilles. Deux camions et douze voitures furent immobilis\u00e9s pendant plus de trois heures. Mr Ricou, adjoint au maire, forma &hellip; <a href=\"https:\/\/lespilles.fr\/lespillesautrefois\/?page_id=55\" class=\"more-link\">Continuer la lecture de <span class=\"screen-reader-text\">Les Vents<\/span> <span class=\"meta-nav\">&rarr;<\/span><\/a><\/p>\n","protected":false},"author":1,"featured_media":0,"parent":0,"menu_order":0,"comment_status":"closed","ping_status":"open","template":"","meta":{"footnotes":""},"class_list":["post-55","page","type-page","status-publish","hentry"],"_links":{"self":[{"href":"https:\/\/lespilles.fr\/lespillesautrefois\/index.php?rest_route=\/wp\/v2\/pages\/55","targetHints":{"allow":["GET"]}}],"collection":[{"href":"https:\/\/lespilles.fr\/lespillesautrefois\/index.php?rest_route=\/wp\/v2\/pages"}],"about":[{"href":"https:\/\/lespilles.fr\/lespillesautrefois\/index.php?rest_route=\/wp\/v2\/types\/page"}],"author":[{"embeddable":true,"href":"https:\/\/lespilles.fr\/lespillesautrefois\/index.php?rest_route=\/wp\/v2\/users\/1"}],"replies":[{"embeddable":true,"href":"https:\/\/lespilles.fr\/lespillesautrefois\/index.php?rest_route=%2Fwp%2Fv2%2Fcomments&post=55"}],"version-history":[{"count":3,"href":"https:\/\/lespilles.fr\/lespillesautrefois\/index.php?rest_route=\/wp\/v2\/pages\/55\/revisions"}],"predecessor-version":[{"id":301,"href":"https:\/\/lespilles.fr\/lespillesautrefois\/index.php?rest_route=\/wp\/v2\/pages\/55\/revisions\/301"}],"wp:attachment":[{"href":"https:\/\/lespilles.fr\/lespillesautrefois\/index.php?rest_route=%2Fwp%2Fv2%2Fmedia&parent=55"}],"curies":[{"name":"wp","href":"https:\/\/api.w.org\/{rel}","templated":true}]}}