{"id":477,"date":"2015-07-27T17:08:05","date_gmt":"2015-07-27T16:08:05","guid":{"rendered":"http:\/\/lespilles.fr\/lespillesautrefois\/?page_id=477"},"modified":"2024-09-24T15:19:12","modified_gmt":"2024-09-24T14:19:12","slug":"bulletin","status":"publish","type":"page","link":"https:\/\/lespilles.fr\/lespillesautrefois\/?page_id=477","title":{"rendered":"Livre \u00ab\u00a0Les Pilles et ses Poilus\u00a0\u00bb"},"content":{"rendered":"<p align=\"justify\"><span style=\"font-size: large;\"><span style=\"font-family: Times New Roman, serif;\"><span style=\"font-size: medium;\"><a href=\"https:\/\/lespilles.fr\/lespillesautrefois\/wp-content\/uploads\/2015\/07\/Couv-2.jpg\" target=\"_blank\" rel=\"noopener noreferrer\"><img loading=\"lazy\" decoding=\"async\" class=\"alignleft size-medium wp-image-1016\" src=\"https:\/\/lespilles.fr\/lespillesautrefois\/wp-content\/uploads\/2015\/07\/Couv-2-200x300.jpg\" alt=\"Couv 2\" width=\"200\" height=\"300\" srcset=\"https:\/\/lespilles.fr\/lespillesautrefois\/wp-content\/uploads\/2015\/07\/Couv-2-200x300.jpg 200w, https:\/\/lespilles.fr\/lespillesautrefois\/wp-content\/uploads\/2015\/07\/Couv-2.jpg 514w\" sizes=\"auto, (max-width: 200px) 100vw, 200px\" \/><\/a>Dans le cadre des <\/span><\/span><span style=\"font-family: Times New Roman, serif;\"><span style=\"font-size: medium;\">comm\u00e9moration<\/span><\/span><span style=\"font-family: Times New Roman, serif;\"><span style=\"font-size: medium;\">s de la guerre de 14-18,<\/span><\/span> <span style=\"font-family: Times New Roman, serif;\"><span style=\"font-size: medium;\">l\u2019association <\/span><\/span><\/span><span style=\"font-family: Times New Roman, serif;\"><span style=\"font-size: medium;\">Les Pilles, Histoire et Patrimoine a voulu que soit honor\u00e9e la m\u00e9moire de ceux dont les noms sont grav\u00e9s sur le Monument aux Morts des Pilles, mais aussi de ceux qui sont revenus bless\u00e9s au corps ou \u00e0 l&rsquo;\u00e2me. <\/span><\/span><\/p>\n<p align=\"justify\"><span style=\"font-family: Times New Roman, serif;\"><span style=\"font-size: medium;\"> L\u2019association vous propose un livre de 144 pages qui est le fruit de longues recherches dans les archives aussi bien publiques que priv\u00e9es. Il est le reflet de multiples prises de contacts pour recueillir les t\u00e9moignages des anciens des Pilles, descendants de ces hommes qui ont particip\u00e9 \u00e0 cette terrible \u00e9preuve que fut la premi\u00e8re guerre mondiale .<\/span><\/span><\/p>\n<p align=\"justify\"><span style=\"font-family: Times New Roman, serif;\"><span style=\"font-size: medium;\"> L&rsquo;Histoire locale rejoignant l&rsquo;Histoire mondiale, ce livre en \u00e9clairant le pass\u00e9 nous montre la voie de tous les possibles.<\/span><\/span><\/p>\n<p>Vous pouvez vous le procurer en Mairie ou aupr\u00e8s des membres du bureau :<\/p>\n<p>Maryl\u00e8ne Delmarre et Olivier Barlet.<\/p>\n<p>Prix\u00a0 20\u20ac au profit des actions Patrimoine<\/p>\n<p style=\"text-align: left;\"><em>Vous pouvez le commander par correspondance aupr\u00e8s de\u00a0\u00a0<\/em><\/p>\n<p style=\"text-align: left;\"><em>Association Les Pilles, Histoire et Patrimoine<\/em><\/p>\n<p style=\"text-align: left;\"><em> &#8211; 26 Grande Rue &#8211; 26110 LES PILLES\u00a0\u00a0\u00a0\u00a0\u00a0 \u00a0 \u00a0 \u00a0 \u00a0 \u00a0 \u00a0 \u00a0 \u00a0 \u00a0 \u00a0 \u00a0 \u00a0 \u00a0 \u00a0 \u00a0 \u00a0 \u00a0 \u00a0 \u00a0 \u00a0 \u00a0 \u00a0 \u00a0 \u00a0 \u00a0 \u00a0 \u00a0 \u00a0 \u00a0 \u00a0 \u00a0 \u00a0 \u00a0\u00a0<\/em><\/p>\n<p style=\"text-align: left;\"><em> avec un ch\u00e8que de 20 euros (Port + 4,70 euros)<\/em><\/p>\n<p>******************************************************************************************<\/p>\n<p><a href=\"https:\/\/lespilles.fr\/lespillesautrefois\/wp-content\/uploads\/2024\/09\/2015-1er-bulletin-Couverture-1-copie2-scaled.jpg\" target=\"_blank\" rel=\"noopener noreferrer\"><img loading=\"lazy\" decoding=\"async\" class=\"alignleft wp-image-1937\" src=\"https:\/\/lespilles.fr\/lespillesautrefois\/wp-content\/uploads\/2024\/09\/2015-1er-bulletin-Couverture-1-copie2-212x300.jpg\" alt=\"\" width=\"124\" height=\"176\" srcset=\"https:\/\/lespilles.fr\/lespillesautrefois\/wp-content\/uploads\/2024\/09\/2015-1er-bulletin-Couverture-1-copie2-212x300.jpg 212w, https:\/\/lespilles.fr\/lespillesautrefois\/wp-content\/uploads\/2024\/09\/2015-1er-bulletin-Couverture-1-copie2-724x1024.jpg 724w, https:\/\/lespilles.fr\/lespillesautrefois\/wp-content\/uploads\/2024\/09\/2015-1er-bulletin-Couverture-1-copie2-768x1086.jpg 768w, https:\/\/lespilles.fr\/lespillesautrefois\/wp-content\/uploads\/2024\/09\/2015-1er-bulletin-Couverture-1-copie2-1086x1536.jpg 1086w, https:\/\/lespilles.fr\/lespillesautrefois\/wp-content\/uploads\/2024\/09\/2015-1er-bulletin-Couverture-1-copie2-1448x2048.jpg 1448w, https:\/\/lespilles.fr\/lespillesautrefois\/wp-content\/uploads\/2024\/09\/2015-1er-bulletin-Couverture-1-copie2-scaled.jpg 1810w\" sizes=\"auto, (max-width: 124px) 100vw, 124px\" \/><\/a><a href=\"https:\/\/lespilles.fr\/lespillesautrefois\/wp-content\/uploads\/2024\/09\/2016-Bulletin-2-Couverture-copie-scaled.jpg\" target=\"_blank\" rel=\"noopener noreferrer\"><img loading=\"lazy\" decoding=\"async\" class=\"alignleft wp-image-1938\" src=\"https:\/\/lespilles.fr\/lespillesautrefois\/wp-content\/uploads\/2024\/09\/2016-Bulletin-2-Couverture-copie-213x300.jpg\" alt=\"\" width=\"122\" height=\"171\" srcset=\"https:\/\/lespilles.fr\/lespillesautrefois\/wp-content\/uploads\/2024\/09\/2016-Bulletin-2-Couverture-copie-213x300.jpg 213w, https:\/\/lespilles.fr\/lespillesautrefois\/wp-content\/uploads\/2024\/09\/2016-Bulletin-2-Couverture-copie-727x1024.jpg 727w, https:\/\/lespilles.fr\/lespillesautrefois\/wp-content\/uploads\/2024\/09\/2016-Bulletin-2-Couverture-copie-768x1082.jpg 768w, https:\/\/lespilles.fr\/lespillesautrefois\/wp-content\/uploads\/2024\/09\/2016-Bulletin-2-Couverture-copie-1090x1536.jpg 1090w, https:\/\/lespilles.fr\/lespillesautrefois\/wp-content\/uploads\/2024\/09\/2016-Bulletin-2-Couverture-copie-1453x2048.jpg 1453w, https:\/\/lespilles.fr\/lespillesautrefois\/wp-content\/uploads\/2024\/09\/2016-Bulletin-2-Couverture-copie-scaled.jpg 1817w\" sizes=\"auto, (max-width: 122px) 100vw, 122px\" \/><\/a><a href=\"https:\/\/lespilles.fr\/lespillesautrefois\/wp-content\/uploads\/2024\/09\/2019-Bulletin-3.jpg\" target=\"_blank\" rel=\"noopener noreferrer\"><img loading=\"lazy\" decoding=\"async\" class=\"alignleft wp-image-1939\" src=\"https:\/\/lespilles.fr\/lespillesautrefois\/wp-content\/uploads\/2024\/09\/2019-Bulletin-3-212x300.jpg\" alt=\"\" width=\"123\" height=\"174\" srcset=\"https:\/\/lespilles.fr\/lespillesautrefois\/wp-content\/uploads\/2024\/09\/2019-Bulletin-3-212x300.jpg 212w, https:\/\/lespilles.fr\/lespillesautrefois\/wp-content\/uploads\/2024\/09\/2019-Bulletin-3.jpg 625w\" sizes=\"auto, (max-width: 123px) 100vw, 123px\" \/><\/a><a href=\"https:\/\/lespilles.fr\/lespillesautrefois\/wp-content\/uploads\/2024\/09\/2023-Bulletin-4.jpg\" target=\"_blank\" rel=\"noopener noreferrer\"><img loading=\"lazy\" decoding=\"async\" class=\"alignleft wp-image-1940\" src=\"https:\/\/lespilles.fr\/lespillesautrefois\/wp-content\/uploads\/2024\/09\/2023-Bulletin-4-212x300.jpg\" alt=\"\" width=\"122\" height=\"173\" srcset=\"https:\/\/lespilles.fr\/lespillesautrefois\/wp-content\/uploads\/2024\/09\/2023-Bulletin-4-212x300.jpg 212w, https:\/\/lespilles.fr\/lespillesautrefois\/wp-content\/uploads\/2024\/09\/2023-Bulletin-4.jpg 623w\" sizes=\"auto, (max-width: 122px) 100vw, 122px\" \/><\/a><\/p>\n<p>&nbsp;<\/p>\n<p>&nbsp;<\/p>\n<p>&nbsp;<\/p>\n<p>&nbsp;<\/p>\n<p>L\u2019association Les Pilles, Histoire et Patrimoine a vu le jour le 12 ao\u00fbt 2014.<\/p>\n<p>En cette ann\u00e9e 2024 nous f\u00eatons nos 10 ans d&rsquo;existence et par son dynamisme notre association a d\u00e9j\u00e0 \u00e0 son actif un bilan tr\u00e8s positif. Nettoyage de l\u2019\u00e9glise, Journ\u00e9es du Patrimoine avec expositions, rencontres avec des historiens, recherches dans les archives et sur le terrain, ont permis d\u2019en savoir plus sur l\u2019histoire de notre village mais aussi \u00e0 relancer une dynamique de curiosit\u00e9 et de convivialit\u00e9.\u00a0 \u00ab\u00a0Conna\u00eetre le Pass\u00e9, pour mieux vivre le Pr\u00e9sent et bien pr\u00e9parer l\u2019Avenir \u00bb.<\/p>\n<p>L\u2019\u00e9dition des bulletins fait partie de notre volont\u00e9 de faire conna\u00eetre l\u2019histoire de notre village au plus pr\u00e8s de la v\u00e9rit\u00e9 historique. 5 bulletins ont vu le jour depuis 2014;<\/p>\n<p>Pour le centenaire de 14-18 nous avons aussi \u00e9dit\u00e9 un livre de 144 pages raccontant la vie du village \u00e0 cette \u00e9poque et le courage de ceux qui \u00e9taient \u00ab\u00a0partis\u00a0\u00bb au front !<\/p>\n<p>Vous pouvez vous les procurer en Mairie ou aupr\u00e8s des membres du bureau : Maryl\u00e8ne Delmarre et Olivier Barlet<\/p>\n<p>Prix\u00a0 5\u20ac au profit des actions Patrimoine<\/p>\n<p><em>Vous pouvez le commander par correspondance aupr\u00e8s de\u00a0\u00a0\u00a0\u00a0\u00a0\u00a0\u00a0\u00a0\u00a0\u00a0\u00a0\u00a0\u00a0\u00a0\u00a0\u00a0\u00a0\u00a0\u00a0\u00a0\u00a0\u00a0\u00a0\u00a0\u00a0\u00a0\u00a0\u00a0\u00a0\u00a0\u00a0\u00a0\u00a0\u00a0\u00a0\u00a0\u00a0\u00a0\u00a0\u00a0\u00a0\u00a0\u00a0\u00a0\u00a0\u00a0\u00a0\u00a0\u00a0\u00a0\u00a0\u00a0\u00a0\u00a0\u00a0\u00a0\u00a0\u00a0\u00a0\u00a0\u00a0\u00a0\u00a0\u00a0\u00a0\u00a0 Olivier BARLET &#8211; 42 Grande Rue &#8211; 26110 LES PILLES\u00a0 <\/em><\/p>\n<p><em>pour les bulletins : avec un ch\u00e8que de 7,50\u00a0 euros (Port + 2,50 euros)<\/em><\/p>\n<p>pour le livre 20 \u20ac + 4,70\u20ac de port<\/p>\n","protected":false},"excerpt":{"rendered":"<p>Dans le cadre des comm\u00e9morations de la guerre de 14-18, l\u2019association Les Pilles, Histoire et Patrimoine a voulu que soit honor\u00e9e la m\u00e9moire de ceux dont les noms sont grav\u00e9s sur le Monument aux Morts des Pilles, mais aussi de ceux qui sont revenus bless\u00e9s au corps ou \u00e0 l&rsquo;\u00e2me. L\u2019association vous propose un livre &hellip; <a href=\"https:\/\/lespilles.fr\/lespillesautrefois\/?page_id=477\" class=\"more-link\">Continuer la lecture de <span class=\"screen-reader-text\">Livre \u00ab\u00a0Les Pilles et ses Poilus\u00a0\u00bb<\/span> <span class=\"meta-nav\">&rarr;<\/span><\/a><\/p>\n","protected":false},"author":2,"featured_media":0,"parent":0,"menu_order":0,"comment_status":"closed","ping_status":"open","template":"","meta":{"footnotes":""},"class_list":["post-477","page","type-page","status-publish","hentry"],"_links":{"self":[{"href":"https:\/\/lespilles.fr\/lespillesautrefois\/index.php?rest_route=\/wp\/v2\/pages\/477","targetHints":{"allow":["GET"]}}],"collection":[{"href":"https:\/\/lespilles.fr\/lespillesautrefois\/index.php?rest_route=\/wp\/v2\/pages"}],"about":[{"href":"https:\/\/lespilles.fr\/lespillesautrefois\/index.php?rest_route=\/wp\/v2\/types\/page"}],"author":[{"embeddable":true,"href":"https:\/\/lespilles.fr\/lespillesautrefois\/index.php?rest_route=\/wp\/v2\/users\/2"}],"replies":[{"embeddable":true,"href":"https:\/\/lespilles.fr\/lespillesautrefois\/index.php?rest_route=%2Fwp%2Fv2%2Fcomments&post=477"}],"version-history":[{"count":24,"href":"https:\/\/lespilles.fr\/lespillesautrefois\/index.php?rest_route=\/wp\/v2\/pages\/477\/revisions"}],"predecessor-version":[{"id":1943,"href":"https:\/\/lespilles.fr\/lespillesautrefois\/index.php?rest_route=\/wp\/v2\/pages\/477\/revisions\/1943"}],"wp:attachment":[{"href":"https:\/\/lespilles.fr\/lespillesautrefois\/index.php?rest_route=%2Fwp%2Fv2%2Fmedia&parent=477"}],"curies":[{"name":"wp","href":"https:\/\/api.w.org\/{rel}","templated":true}]}}