{"id":42,"date":"2014-02-03T15:46:53","date_gmt":"2014-02-03T14:46:53","guid":{"rendered":"http:\/\/lespilles.fr\/lespillesautrefois\/?page_id=42"},"modified":"2024-11-29T11:15:07","modified_gmt":"2024-11-29T10:15:07","slug":"mairie","status":"publish","type":"page","link":"https:\/\/lespilles.fr\/lespillesautrefois\/?page_id=42","title":{"rendered":"Mairie"},"content":{"rendered":"\n<p>L&rsquo;histoire de la mairie de notre village&#8230;<\/p>\n\n\n\n<p>Nous avons trace dans des documents de 1680 d&rsquo;une maison de la Communaut\u00e9 cise en face de l&rsquo;\u00e9glise qui deviendra apr\u00e8s la R\u00e9volution Fran\u00e7aise la Mairie du village.<\/p>\n\n\n\n<p>Dans les ann\u00e9es 80, elle d\u00e9m\u00e9nagera \u00e0 l&#8217;emplacement actuel.<\/p>\n\n\n\n<figure class=\"wp-block-gallery has-nested-images columns-2 is-cropped wp-block-gallery-1 is-layout-flex wp-block-gallery-is-layout-flex\">\n<figure class=\"wp-block-image size-medium\"><a href=\"https:\/\/lespilles.fr\/lespillesautrefois\/wp-content\/uploads\/2024\/11\/01-Lancienne-mairie-face-a-leglise.jpg\" target=\"_blank\"><img loading=\"lazy\" decoding=\"async\" width=\"192\" height=\"300\" data-id=\"2228\" src=\"https:\/\/lespilles.fr\/lespillesautrefois\/wp-content\/uploads\/2024\/11\/01-Lancienne-mairie-face-a-leglise-192x300.jpg\" alt=\"\" class=\"wp-image-2228\" srcset=\"https:\/\/lespilles.fr\/lespillesautrefois\/wp-content\/uploads\/2024\/11\/01-Lancienne-mairie-face-a-leglise-192x300.jpg 192w, https:\/\/lespilles.fr\/lespillesautrefois\/wp-content\/uploads\/2024\/11\/01-Lancienne-mairie-face-a-leglise-656x1024.jpg 656w, https:\/\/lespilles.fr\/lespillesautrefois\/wp-content\/uploads\/2024\/11\/01-Lancienne-mairie-face-a-leglise-768x1200.jpg 768w, https:\/\/lespilles.fr\/lespillesautrefois\/wp-content\/uploads\/2024\/11\/01-Lancienne-mairie-face-a-leglise-983x1536.jpg 983w, https:\/\/lespilles.fr\/lespillesautrefois\/wp-content\/uploads\/2024\/11\/01-Lancienne-mairie-face-a-leglise-1311x2048.jpg 1311w, https:\/\/lespilles.fr\/lespillesautrefois\/wp-content\/uploads\/2024\/11\/01-Lancienne-mairie-face-a-leglise.jpg 1352w\" sizes=\"auto, (max-width: 192px) 100vw, 192px\" \/><\/a><figcaption class=\"wp-element-caption\">Mme Sacouman sortant de la mairie<\/figcaption><\/figure>\n\n\n\n<figure class=\"wp-block-image size-medium\"><a href=\"https:\/\/lespilles.fr\/lespillesautrefois\/wp-content\/uploads\/2024\/11\/02-Mme-Sacoumen-jour-de-vote.jpg\" target=\"_blank\"><img loading=\"lazy\" decoding=\"async\" width=\"300\" height=\"190\" data-id=\"2229\" src=\"https:\/\/lespilles.fr\/lespillesautrefois\/wp-content\/uploads\/2024\/11\/02-Mme-Sacoumen-jour-de-vote-300x190.jpg\" alt=\"\" class=\"wp-image-2229\" srcset=\"https:\/\/lespilles.fr\/lespillesautrefois\/wp-content\/uploads\/2024\/11\/02-Mme-Sacoumen-jour-de-vote-300x190.jpg 300w, https:\/\/lespilles.fr\/lespillesautrefois\/wp-content\/uploads\/2024\/11\/02-Mme-Sacoumen-jour-de-vote-1024x650.jpg 1024w, https:\/\/lespilles.fr\/lespillesautrefois\/wp-content\/uploads\/2024\/11\/02-Mme-Sacoumen-jour-de-vote-768x487.jpg 768w, https:\/\/lespilles.fr\/lespillesautrefois\/wp-content\/uploads\/2024\/11\/02-Mme-Sacoumen-jour-de-vote-1536x974.jpg 1536w, https:\/\/lespilles.fr\/lespillesautrefois\/wp-content\/uploads\/2024\/11\/02-Mme-Sacoumen-jour-de-vote-2048x1299.jpg 2048w\" sizes=\"auto, (max-width: 300px) 100vw, 300px\" \/><\/a><figcaption class=\"wp-element-caption\">Mme Sacouman Jour de vote<\/figcaption><\/figure>\n\n\n\n<figure class=\"wp-block-image size-medium\"><a href=\"https:\/\/lespilles.fr\/lespillesautrefois\/wp-content\/uploads\/2024\/11\/img201.jpg\" target=\"_blank\"><img loading=\"lazy\" decoding=\"async\" width=\"300\" height=\"207\" data-id=\"2230\" src=\"https:\/\/lespilles.fr\/lespillesautrefois\/wp-content\/uploads\/2024\/11\/img201-300x207.jpg\" alt=\"\" class=\"wp-image-2230\" srcset=\"https:\/\/lespilles.fr\/lespillesautrefois\/wp-content\/uploads\/2024\/11\/img201-300x207.jpg 300w, https:\/\/lespilles.fr\/lespillesautrefois\/wp-content\/uploads\/2024\/11\/img201-1024x708.jpg 1024w, https:\/\/lespilles.fr\/lespillesautrefois\/wp-content\/uploads\/2024\/11\/img201-768x531.jpg 768w, https:\/\/lespilles.fr\/lespillesautrefois\/wp-content\/uploads\/2024\/11\/img201-1536x1062.jpg 1536w, https:\/\/lespilles.fr\/lespillesautrefois\/wp-content\/uploads\/2024\/11\/img201.jpg 1920w\" sizes=\"auto, (max-width: 300px) 100vw, 300px\" \/><\/a><figcaption class=\"wp-element-caption\">Inauguration de la nouvelle mairie<\/figcaption><\/figure>\n\n\n\n<figure class=\"wp-block-image size-medium\"><a href=\"https:\/\/lespilles.fr\/lespillesautrefois\/wp-content\/uploads\/2024\/11\/img203.jpg\" target=\"_blank\"><img loading=\"lazy\" decoding=\"async\" width=\"207\" height=\"300\" data-id=\"2231\" src=\"https:\/\/lespilles.fr\/lespillesautrefois\/wp-content\/uploads\/2024\/11\/img203-207x300.jpg\" alt=\"\" class=\"wp-image-2231\" srcset=\"https:\/\/lespilles.fr\/lespillesautrefois\/wp-content\/uploads\/2024\/11\/img203-207x300.jpg 207w, https:\/\/lespilles.fr\/lespillesautrefois\/wp-content\/uploads\/2024\/11\/img203-705x1024.jpg 705w, https:\/\/lespilles.fr\/lespillesautrefois\/wp-content\/uploads\/2024\/11\/img203-768x1115.jpg 768w, https:\/\/lespilles.fr\/lespillesautrefois\/wp-content\/uploads\/2024\/11\/img203-1058x1536.jpg 1058w, https:\/\/lespilles.fr\/lespillesautrefois\/wp-content\/uploads\/2024\/11\/img203.jpg 1328w\" sizes=\"auto, (max-width: 207px) 100vw, 207px\" \/><\/a><figcaption class=\"wp-element-caption\">Conseil municipal <\/figcaption><\/figure>\n<\/figure>\n\n\n\n<p><\/p>\n\n\n\n<p class=\"has-medium-font-size\"><strong>Les Maires de Les Pilles<\/strong><\/p>\n\n\n\n<p>En cliquant sur le lien vous aurez les noms des maires de Les Pilles depuis la R\u00e9volution Fran\u00e7aise:<\/p>\n\n\n\n<p><a href=\"https:\/\/lespilles.fr\/lespillesautrefois\/wp-content\/uploads\/2014\/02\/Maires-des-Pilles1.pdf\" target=\"_blank\" rel=\"noreferrer noopener\">Maires des Pilles<\/a><\/p>\n","protected":false},"excerpt":{"rendered":"<p>L&rsquo;histoire de la mairie de notre village&#8230; Nous avons trace dans des documents de 1680 d&rsquo;une maison de la Communaut\u00e9 cise en face de l&rsquo;\u00e9glise qui deviendra apr\u00e8s la R\u00e9volution Fran\u00e7aise la Mairie du village. Dans les ann\u00e9es 80, elle d\u00e9m\u00e9nagera \u00e0 l&#8217;emplacement actuel. Les Maires de Les Pilles En cliquant sur le lien vous &hellip; <a href=\"https:\/\/lespilles.fr\/lespillesautrefois\/?page_id=42\" class=\"more-link\">Continuer la lecture de <span class=\"screen-reader-text\">Mairie<\/span> <span class=\"meta-nav\">&rarr;<\/span><\/a><\/p>\n","protected":false},"author":1,"featured_media":0,"parent":0,"menu_order":0,"comment_status":"closed","ping_status":"open","template":"","meta":{"footnotes":""},"class_list":["post-42","page","type-page","status-publish","hentry"],"_links":{"self":[{"href":"https:\/\/lespilles.fr\/lespillesautrefois\/index.php?rest_route=\/wp\/v2\/pages\/42","targetHints":{"allow":["GET"]}}],"collection":[{"href":"https:\/\/lespilles.fr\/lespillesautrefois\/index.php?rest_route=\/wp\/v2\/pages"}],"about":[{"href":"https:\/\/lespilles.fr\/lespillesautrefois\/index.php?rest_route=\/wp\/v2\/types\/page"}],"author":[{"embeddable":true,"href":"https:\/\/lespilles.fr\/lespillesautrefois\/index.php?rest_route=\/wp\/v2\/users\/1"}],"replies":[{"embeddable":true,"href":"https:\/\/lespilles.fr\/lespillesautrefois\/index.php?rest_route=%2Fwp%2Fv2%2Fcomments&post=42"}],"version-history":[{"count":9,"href":"https:\/\/lespilles.fr\/lespillesautrefois\/index.php?rest_route=\/wp\/v2\/pages\/42\/revisions"}],"predecessor-version":[{"id":2241,"href":"https:\/\/lespilles.fr\/lespillesautrefois\/index.php?rest_route=\/wp\/v2\/pages\/42\/revisions\/2241"}],"wp:attachment":[{"href":"https:\/\/lespilles.fr\/lespillesautrefois\/index.php?rest_route=%2Fwp%2Fv2%2Fmedia&parent=42"}],"curies":[{"name":"wp","href":"https:\/\/api.w.org\/{rel}","templated":true}]}}