{"id":36,"date":"2014-02-03T15:43:07","date_gmt":"2014-02-03T14:43:07","guid":{"rendered":"http:\/\/lespilles.fr\/lespillesautrefois\/?page_id=36"},"modified":"2024-11-28T17:03:33","modified_gmt":"2024-11-28T16:03:33","slug":"fete-du-bicentenaire","status":"publish","type":"page","link":"https:\/\/lespilles.fr\/lespillesautrefois\/?page_id=36","title":{"rendered":"F\u00eates du bicentenaire"},"content":{"rendered":"\n<p>Les f\u00eates du bicentenaire de 1989 furent l&rsquo;occasion d&rsquo;un beau d\u00e9fil\u00e9 de chars avec les enfants des \u00e9coles mais aussi de planter un olivier en souvenir de ces moments citoyens: chaque habitant apportant sa \u00ab\u00a0pellet\u00e9e\u00a0\u00bb. <\/p>\n\n\n\n<p>Ainsi vit le jour la Place de l&rsquo;Olivier, symbole du pass\u00e9 pour les habitants d\u2019aujourd\u2019hui et ceux de demain.<\/p>\n\n\n\n<figure class=\"wp-block-gallery has-nested-images columns-2 is-cropped wp-block-gallery-1 is-layout-flex wp-block-gallery-is-layout-flex\">\n<figure class=\"wp-block-image size-medium\"><a href=\"https:\/\/lespilles.fr\/lespillesautrefois\/wp-content\/uploads\/2024\/11\/1-Defile-de-chars-dans-la-Grande-Rue-scaled.jpg\" target=\"_blank\"><img loading=\"lazy\" decoding=\"async\" width=\"300\" height=\"226\" data-id=\"2148\" src=\"https:\/\/lespilles.fr\/lespillesautrefois\/wp-content\/uploads\/2024\/11\/1-Defile-de-chars-dans-la-Grande-Rue-300x226.jpg\" alt=\"\" class=\"wp-image-2148\" srcset=\"https:\/\/lespilles.fr\/lespillesautrefois\/wp-content\/uploads\/2024\/11\/1-Defile-de-chars-dans-la-Grande-Rue-300x226.jpg 300w, https:\/\/lespilles.fr\/lespillesautrefois\/wp-content\/uploads\/2024\/11\/1-Defile-de-chars-dans-la-Grande-Rue-1024x772.jpg 1024w, https:\/\/lespilles.fr\/lespillesautrefois\/wp-content\/uploads\/2024\/11\/1-Defile-de-chars-dans-la-Grande-Rue-768x579.jpg 768w, https:\/\/lespilles.fr\/lespillesautrefois\/wp-content\/uploads\/2024\/11\/1-Defile-de-chars-dans-la-Grande-Rue-1536x1158.jpg 1536w, https:\/\/lespilles.fr\/lespillesautrefois\/wp-content\/uploads\/2024\/11\/1-Defile-de-chars-dans-la-Grande-Rue-2048x1544.jpg 2048w\" sizes=\"auto, (max-width: 300px) 100vw, 300px\" \/><\/a><\/figure>\n\n\n\n<figure class=\"wp-block-image size-medium\"><a href=\"https:\/\/lespilles.fr\/lespillesautrefois\/wp-content\/uploads\/2024\/11\/2--scaled.jpg\" target=\"_blank\"><img loading=\"lazy\" decoding=\"async\" width=\"300\" height=\"227\" data-id=\"2149\" src=\"https:\/\/lespilles.fr\/lespillesautrefois\/wp-content\/uploads\/2024\/11\/2--300x227.jpg\" alt=\"\" class=\"wp-image-2149\" srcset=\"https:\/\/lespilles.fr\/lespillesautrefois\/wp-content\/uploads\/2024\/11\/2--300x227.jpg 300w, https:\/\/lespilles.fr\/lespillesautrefois\/wp-content\/uploads\/2024\/11\/2--1024x774.jpg 1024w, https:\/\/lespilles.fr\/lespillesautrefois\/wp-content\/uploads\/2024\/11\/2--768x581.jpg 768w, https:\/\/lespilles.fr\/lespillesautrefois\/wp-content\/uploads\/2024\/11\/2--1536x1161.jpg 1536w, https:\/\/lespilles.fr\/lespillesautrefois\/wp-content\/uploads\/2024\/11\/2--2048x1548.jpg 2048w\" sizes=\"auto, (max-width: 300px) 100vw, 300px\" \/><\/a><\/figure>\n\n\n\n<figure class=\"wp-block-image size-medium\"><a href=\"https:\/\/lespilles.fr\/lespillesautrefois\/wp-content\/uploads\/2024\/11\/3-Les-enfants-du-village-scaled.jpg\" target=\"_blank\"><img loading=\"lazy\" decoding=\"async\" width=\"300\" height=\"227\" data-id=\"2150\" src=\"https:\/\/lespilles.fr\/lespillesautrefois\/wp-content\/uploads\/2024\/11\/3-Les-enfants-du-village-300x227.jpg\" alt=\"\" class=\"wp-image-2150\" srcset=\"https:\/\/lespilles.fr\/lespillesautrefois\/wp-content\/uploads\/2024\/11\/3-Les-enfants-du-village-300x227.jpg 300w, https:\/\/lespilles.fr\/lespillesautrefois\/wp-content\/uploads\/2024\/11\/3-Les-enfants-du-village-1024x774.jpg 1024w, https:\/\/lespilles.fr\/lespillesautrefois\/wp-content\/uploads\/2024\/11\/3-Les-enfants-du-village-768x580.jpg 768w, https:\/\/lespilles.fr\/lespillesautrefois\/wp-content\/uploads\/2024\/11\/3-Les-enfants-du-village-1536x1161.jpg 1536w, https:\/\/lespilles.fr\/lespillesautrefois\/wp-content\/uploads\/2024\/11\/3-Les-enfants-du-village-2048x1547.jpg 2048w\" sizes=\"auto, (max-width: 300px) 100vw, 300px\" \/><\/a><\/figure>\n\n\n\n<figure class=\"wp-block-image size-medium\"><a href=\"https:\/\/lespilles.fr\/lespillesautrefois\/wp-content\/uploads\/2024\/11\/4-Attention-aux-cables-scaled.jpg\" target=\"_blank\"><img loading=\"lazy\" decoding=\"async\" width=\"300\" height=\"228\" data-id=\"2151\" src=\"https:\/\/lespilles.fr\/lespillesautrefois\/wp-content\/uploads\/2024\/11\/4-Attention-aux-cables-300x228.jpg\" alt=\"\" class=\"wp-image-2151\" srcset=\"https:\/\/lespilles.fr\/lespillesautrefois\/wp-content\/uploads\/2024\/11\/4-Attention-aux-cables-300x228.jpg 300w, https:\/\/lespilles.fr\/lespillesautrefois\/wp-content\/uploads\/2024\/11\/4-Attention-aux-cables-1024x777.jpg 1024w, https:\/\/lespilles.fr\/lespillesautrefois\/wp-content\/uploads\/2024\/11\/4-Attention-aux-cables-768x583.jpg 768w, https:\/\/lespilles.fr\/lespillesautrefois\/wp-content\/uploads\/2024\/11\/4-Attention-aux-cables-1536x1166.jpg 1536w, https:\/\/lespilles.fr\/lespillesautrefois\/wp-content\/uploads\/2024\/11\/4-Attention-aux-cables-2048x1554.jpg 2048w\" sizes=\"auto, (max-width: 300px) 100vw, 300px\" \/><\/a><\/figure>\n\n\n\n<figure class=\"wp-block-image size-medium\"><a href=\"https:\/\/lespilles.fr\/lespillesautrefois\/wp-content\/uploads\/2024\/11\/5--scaled.jpg\" target=\"_blank\"><img loading=\"lazy\" decoding=\"async\" width=\"300\" height=\"226\" data-id=\"2152\" src=\"https:\/\/lespilles.fr\/lespillesautrefois\/wp-content\/uploads\/2024\/11\/5--300x226.jpg\" alt=\"\" class=\"wp-image-2152\" srcset=\"https:\/\/lespilles.fr\/lespillesautrefois\/wp-content\/uploads\/2024\/11\/5--300x226.jpg 300w, https:\/\/lespilles.fr\/lespillesautrefois\/wp-content\/uploads\/2024\/11\/5--1024x773.jpg 1024w, https:\/\/lespilles.fr\/lespillesautrefois\/wp-content\/uploads\/2024\/11\/5--768x580.jpg 768w, https:\/\/lespilles.fr\/lespillesautrefois\/wp-content\/uploads\/2024\/11\/5--1536x1159.jpg 1536w, https:\/\/lespilles.fr\/lespillesautrefois\/wp-content\/uploads\/2024\/11\/5--2048x1545.jpg 2048w\" sizes=\"auto, (max-width: 300px) 100vw, 300px\" \/><\/a><\/figure>\n\n\n\n<figure class=\"wp-block-image size-medium\"><a href=\"https:\/\/lespilles.fr\/lespillesautrefois\/wp-content\/uploads\/2024\/11\/6-Lolivier-Pelletee-de-Delmarre-Adrien-scaled.jpg\" target=\"_blank\"><img loading=\"lazy\" decoding=\"async\" width=\"300\" height=\"212\" data-id=\"2153\" src=\"https:\/\/lespilles.fr\/lespillesautrefois\/wp-content\/uploads\/2024\/11\/6-Lolivier-Pelletee-de-Delmarre-Adrien-300x212.jpg\" alt=\"\" class=\"wp-image-2153\" srcset=\"https:\/\/lespilles.fr\/lespillesautrefois\/wp-content\/uploads\/2024\/11\/6-Lolivier-Pelletee-de-Delmarre-Adrien-300x212.jpg 300w, https:\/\/lespilles.fr\/lespillesautrefois\/wp-content\/uploads\/2024\/11\/6-Lolivier-Pelletee-de-Delmarre-Adrien-1024x725.jpg 1024w, https:\/\/lespilles.fr\/lespillesautrefois\/wp-content\/uploads\/2024\/11\/6-Lolivier-Pelletee-de-Delmarre-Adrien-768x544.jpg 768w, https:\/\/lespilles.fr\/lespillesautrefois\/wp-content\/uploads\/2024\/11\/6-Lolivier-Pelletee-de-Delmarre-Adrien-1536x1087.jpg 1536w, https:\/\/lespilles.fr\/lespillesautrefois\/wp-content\/uploads\/2024\/11\/6-Lolivier-Pelletee-de-Delmarre-Adrien-2048x1449.jpg 2048w\" sizes=\"auto, (max-width: 300px) 100vw, 300px\" \/><\/a><\/figure>\n\n\n\n<figure class=\"wp-block-image size-medium\"><a href=\"https:\/\/lespilles.fr\/lespillesautrefois\/wp-content\/uploads\/2024\/11\/7-Mme-Odette-Delmarre-scaled.jpg\" target=\"_blank\"><img loading=\"lazy\" decoding=\"async\" width=\"300\" height=\"218\" data-id=\"2154\" src=\"https:\/\/lespilles.fr\/lespillesautrefois\/wp-content\/uploads\/2024\/11\/7-Mme-Odette-Delmarre-300x218.jpg\" alt=\"\" class=\"wp-image-2154\" srcset=\"https:\/\/lespilles.fr\/lespillesautrefois\/wp-content\/uploads\/2024\/11\/7-Mme-Odette-Delmarre-300x218.jpg 300w, https:\/\/lespilles.fr\/lespillesautrefois\/wp-content\/uploads\/2024\/11\/7-Mme-Odette-Delmarre-1024x745.jpg 1024w, https:\/\/lespilles.fr\/lespillesautrefois\/wp-content\/uploads\/2024\/11\/7-Mme-Odette-Delmarre-768x559.jpg 768w, https:\/\/lespilles.fr\/lespillesautrefois\/wp-content\/uploads\/2024\/11\/7-Mme-Odette-Delmarre-1536x1117.jpg 1536w, https:\/\/lespilles.fr\/lespillesautrefois\/wp-content\/uploads\/2024\/11\/7-Mme-Odette-Delmarre-2048x1489.jpg 2048w\" sizes=\"auto, (max-width: 300px) 100vw, 300px\" \/><\/a><figcaption class=\"wp-element-caption\">Mme Odette Delmarre<\/figcaption><\/figure>\n\n\n\n<figure class=\"wp-block-image size-medium\"><a href=\"https:\/\/lespilles.fr\/lespillesautrefois\/wp-content\/uploads\/2024\/11\/8-Les-habitants-sur-la-desormais-Place-de-lOlivier-scaled.jpg\" target=\"_blank\"><img loading=\"lazy\" decoding=\"async\" width=\"300\" height=\"228\" data-id=\"2155\" src=\"https:\/\/lespilles.fr\/lespillesautrefois\/wp-content\/uploads\/2024\/11\/8-Les-habitants-sur-la-desormais-Place-de-lOlivier-300x228.jpg\" alt=\"\" class=\"wp-image-2155\" srcset=\"https:\/\/lespilles.fr\/lespillesautrefois\/wp-content\/uploads\/2024\/11\/8-Les-habitants-sur-la-desormais-Place-de-lOlivier-300x228.jpg 300w, https:\/\/lespilles.fr\/lespillesautrefois\/wp-content\/uploads\/2024\/11\/8-Les-habitants-sur-la-desormais-Place-de-lOlivier-1024x777.jpg 1024w, https:\/\/lespilles.fr\/lespillesautrefois\/wp-content\/uploads\/2024\/11\/8-Les-habitants-sur-la-desormais-Place-de-lOlivier-768x583.jpg 768w, https:\/\/lespilles.fr\/lespillesautrefois\/wp-content\/uploads\/2024\/11\/8-Les-habitants-sur-la-desormais-Place-de-lOlivier-1536x1166.jpg 1536w, https:\/\/lespilles.fr\/lespillesautrefois\/wp-content\/uploads\/2024\/11\/8-Les-habitants-sur-la-desormais-Place-de-lOlivier-2048x1554.jpg 2048w\" sizes=\"auto, (max-width: 300px) 100vw, 300px\" \/><\/a><\/figure>\n<\/figure>\n","protected":false},"excerpt":{"rendered":"<p>Les f\u00eates du bicentenaire de 1989 furent l&rsquo;occasion d&rsquo;un beau d\u00e9fil\u00e9 de chars avec les enfants des \u00e9coles mais aussi de planter un olivier en souvenir de ces moments citoyens: chaque habitant apportant sa \u00ab\u00a0pellet\u00e9e\u00a0\u00bb. Ainsi vit le jour la Place de l&rsquo;Olivier, symbole du pass\u00e9 pour les habitants d\u2019aujourd\u2019hui et ceux de demain.<\/p>\n","protected":false},"author":1,"featured_media":0,"parent":0,"menu_order":0,"comment_status":"closed","ping_status":"open","template":"","meta":{"footnotes":""},"class_list":["post-36","page","type-page","status-publish","hentry"],"_links":{"self":[{"href":"https:\/\/lespilles.fr\/lespillesautrefois\/index.php?rest_route=\/wp\/v2\/pages\/36","targetHints":{"allow":["GET"]}}],"collection":[{"href":"https:\/\/lespilles.fr\/lespillesautrefois\/index.php?rest_route=\/wp\/v2\/pages"}],"about":[{"href":"https:\/\/lespilles.fr\/lespillesautrefois\/index.php?rest_route=\/wp\/v2\/types\/page"}],"author":[{"embeddable":true,"href":"https:\/\/lespilles.fr\/lespillesautrefois\/index.php?rest_route=\/wp\/v2\/users\/1"}],"replies":[{"embeddable":true,"href":"https:\/\/lespilles.fr\/lespillesautrefois\/index.php?rest_route=%2Fwp%2Fv2%2Fcomments&post=36"}],"version-history":[{"count":8,"href":"https:\/\/lespilles.fr\/lespillesautrefois\/index.php?rest_route=\/wp\/v2\/pages\/36\/revisions"}],"predecessor-version":[{"id":2192,"href":"https:\/\/lespilles.fr\/lespillesautrefois\/index.php?rest_route=\/wp\/v2\/pages\/36\/revisions\/2192"}],"wp:attachment":[{"href":"https:\/\/lespilles.fr\/lespillesautrefois\/index.php?rest_route=%2Fwp%2Fv2%2Fmedia&parent=36"}],"curies":[{"name":"wp","href":"https:\/\/api.w.org\/{rel}","templated":true}]}}