{"id":28,"date":"2014-02-03T15:41:07","date_gmt":"2014-02-03T14:41:07","guid":{"rendered":"http:\/\/lespilles.fr\/lespillesautrefois\/?page_id=28"},"modified":"2015-07-08T19:25:36","modified_gmt":"2015-07-08T18:25:36","slug":"levenementiel","status":"publish","type":"page","link":"https:\/\/lespilles.fr\/lespillesautrefois\/?page_id=28","title":{"rendered":"L&rsquo;\u00e9v\u00e9nementiel"},"content":{"rendered":"<p>La vie des notre village a \u00e9t\u00e9 ponctu\u00e9e d&rsquo;\u00e9v\u00e9nements marquants.<\/p>\n<p>En voici quelques-uns.<\/p>\n","protected":false},"excerpt":{"rendered":"<p>La vie des notre village a \u00e9t\u00e9 ponctu\u00e9e d&rsquo;\u00e9v\u00e9nements marquants. En voici quelques-uns.<\/p>\n","protected":false},"author":1,"featured_media":0,"parent":0,"menu_order":0,"comment_status":"closed","ping_status":"open","template":"","meta":{"footnotes":""},"class_list":["post-28","page","type-page","status-publish","hentry"],"_links":{"self":[{"href":"https:\/\/lespilles.fr\/lespillesautrefois\/index.php?rest_route=\/wp\/v2\/pages\/28","targetHints":{"allow":["GET"]}}],"collection":[{"href":"https:\/\/lespilles.fr\/lespillesautrefois\/index.php?rest_route=\/wp\/v2\/pages"}],"about":[{"href":"https:\/\/lespilles.fr\/lespillesautrefois\/index.php?rest_route=\/wp\/v2\/types\/page"}],"author":[{"embeddable":true,"href":"https:\/\/lespilles.fr\/lespillesautrefois\/index.php?rest_route=\/wp\/v2\/users\/1"}],"replies":[{"embeddable":true,"href":"https:\/\/lespilles.fr\/lespillesautrefois\/index.php?rest_route=%2Fwp%2Fv2%2Fcomments&post=28"}],"version-history":[{"count":2,"href":"https:\/\/lespilles.fr\/lespillesautrefois\/index.php?rest_route=\/wp\/v2\/pages\/28\/revisions"}],"predecessor-version":[{"id":135,"href":"https:\/\/lespilles.fr\/lespillesautrefois\/index.php?rest_route=\/wp\/v2\/pages\/28\/revisions\/135"}],"wp:attachment":[{"href":"https:\/\/lespilles.fr\/lespillesautrefois\/index.php?rest_route=%2Fwp%2Fv2%2Fmedia&parent=28"}],"curies":[{"name":"wp","href":"https:\/\/api.w.org\/{rel}","templated":true}]}}