{"id":26,"date":"2014-02-03T15:39:28","date_gmt":"2014-02-03T14:39:28","guid":{"rendered":"http:\/\/lespilles.fr\/lespillesautrefois\/?page_id=26"},"modified":"2024-11-28T16:33:34","modified_gmt":"2024-11-28T15:33:34","slug":"distractions","status":"publish","type":"page","link":"https:\/\/lespilles.fr\/lespillesautrefois\/?page_id=26","title":{"rendered":"Distractions"},"content":{"rendered":"\n<p>Hier comme aujourd&rsquo;hui, les jeunes et les moins jeunes aiment se distraire.<\/p>\n\n\n\n<p>Autrefois les gar\u00e7ons partaient \u00ab\u00a0en vir\u00e9e \u00e0 Nyons\u00a0\u00bb<\/p>\n\n\n\n<figure class=\"wp-block-gallery has-nested-images columns-default is-cropped wp-block-gallery-1 is-layout-flex wp-block-gallery-is-layout-flex\">\n<figure class=\"wp-block-image size-medium\"><a href=\"https:\/\/lespilles.fr\/lespillesautrefois\/wp-content\/uploads\/2024\/11\/01-souvenir-dun-jour-de-sortie-a-Nyons-1921-scaled.jpg\" target=\"_blank\"><img loading=\"lazy\" decoding=\"async\" width=\"194\" height=\"300\" data-id=\"2037\" src=\"https:\/\/lespilles.fr\/lespillesautrefois\/wp-content\/uploads\/2024\/11\/01-souvenir-dun-jour-de-sortie-a-Nyons-1921-194x300.jpg\" alt=\"\" class=\"wp-image-2037\" srcset=\"https:\/\/lespilles.fr\/lespillesautrefois\/wp-content\/uploads\/2024\/11\/01-souvenir-dun-jour-de-sortie-a-Nyons-1921-194x300.jpg 194w, https:\/\/lespilles.fr\/lespillesautrefois\/wp-content\/uploads\/2024\/11\/01-souvenir-dun-jour-de-sortie-a-Nyons-1921-663x1024.jpg 663w, https:\/\/lespilles.fr\/lespillesautrefois\/wp-content\/uploads\/2024\/11\/01-souvenir-dun-jour-de-sortie-a-Nyons-1921-768x1187.jpg 768w, https:\/\/lespilles.fr\/lespillesautrefois\/wp-content\/uploads\/2024\/11\/01-souvenir-dun-jour-de-sortie-a-Nyons-1921-994x1536.jpg 994w, https:\/\/lespilles.fr\/lespillesautrefois\/wp-content\/uploads\/2024\/11\/01-souvenir-dun-jour-de-sortie-a-Nyons-1921-1325x2048.jpg 1325w, https:\/\/lespilles.fr\/lespillesautrefois\/wp-content\/uploads\/2024\/11\/01-souvenir-dun-jour-de-sortie-a-Nyons-1921-scaled.jpg 1656w\" sizes=\"auto, (max-width: 194px) 100vw, 194px\" \/><\/a><\/figure>\n<\/figure>\n\n\n\n<p>Les demoiselles se retrouvaient pour papoter et se promener :<\/p>\n\n\n\n<figure class=\"wp-block-gallery has-nested-images columns-default is-cropped wp-block-gallery-2 is-layout-flex wp-block-gallery-is-layout-flex\">\n<figure class=\"wp-block-image size-medium\"><a href=\"https:\/\/lespilles.fr\/lespillesautrefois\/wp-content\/uploads\/2024\/11\/02a-Jeunes-filles-aux-Pilles-13-juillet-1923.jpg\" target=\"_blank\"><img loading=\"lazy\" decoding=\"async\" width=\"300\" height=\"202\" data-id=\"2038\" src=\"https:\/\/lespilles.fr\/lespillesautrefois\/wp-content\/uploads\/2024\/11\/02a-Jeunes-filles-aux-Pilles-13-juillet-1923-300x202.jpg\" alt=\"\" class=\"wp-image-2038\" srcset=\"https:\/\/lespilles.fr\/lespillesautrefois\/wp-content\/uploads\/2024\/11\/02a-Jeunes-filles-aux-Pilles-13-juillet-1923-300x202.jpg 300w, https:\/\/lespilles.fr\/lespillesautrefois\/wp-content\/uploads\/2024\/11\/02a-Jeunes-filles-aux-Pilles-13-juillet-1923-1024x689.jpg 1024w, https:\/\/lespilles.fr\/lespillesautrefois\/wp-content\/uploads\/2024\/11\/02a-Jeunes-filles-aux-Pilles-13-juillet-1923-768x517.jpg 768w, https:\/\/lespilles.fr\/lespillesautrefois\/wp-content\/uploads\/2024\/11\/02a-Jeunes-filles-aux-Pilles-13-juillet-1923-1536x1034.jpg 1536w, https:\/\/lespilles.fr\/lespillesautrefois\/wp-content\/uploads\/2024\/11\/02a-Jeunes-filles-aux-Pilles-13-juillet-1923-2048x1378.jpg 2048w\" sizes=\"auto, (max-width: 300px) 100vw, 300px\" \/><\/a><\/figure>\n\n\n\n<figure class=\"wp-block-image size-medium\"><a href=\"https:\/\/lespilles.fr\/lespillesautrefois\/wp-content\/uploads\/2024\/11\/02b-Jeunes-filles-aux-Pilles-13-juillet-1923-Noms.jpg\" target=\"_blank\"><img loading=\"lazy\" decoding=\"async\" width=\"300\" height=\"202\" data-id=\"2039\" src=\"https:\/\/lespilles.fr\/lespillesautrefois\/wp-content\/uploads\/2024\/11\/02b-Jeunes-filles-aux-Pilles-13-juillet-1923-Noms-300x202.jpg\" alt=\"\" class=\"wp-image-2039\" srcset=\"https:\/\/lespilles.fr\/lespillesautrefois\/wp-content\/uploads\/2024\/11\/02b-Jeunes-filles-aux-Pilles-13-juillet-1923-Noms-300x202.jpg 300w, https:\/\/lespilles.fr\/lespillesautrefois\/wp-content\/uploads\/2024\/11\/02b-Jeunes-filles-aux-Pilles-13-juillet-1923-Noms-1024x689.jpg 1024w, https:\/\/lespilles.fr\/lespillesautrefois\/wp-content\/uploads\/2024\/11\/02b-Jeunes-filles-aux-Pilles-13-juillet-1923-Noms-768x517.jpg 768w, https:\/\/lespilles.fr\/lespillesautrefois\/wp-content\/uploads\/2024\/11\/02b-Jeunes-filles-aux-Pilles-13-juillet-1923-Noms-1536x1034.jpg 1536w, https:\/\/lespilles.fr\/lespillesautrefois\/wp-content\/uploads\/2024\/11\/02b-Jeunes-filles-aux-Pilles-13-juillet-1923-Noms-2048x1378.jpg 2048w\" sizes=\"auto, (max-width: 300px) 100vw, 300px\" \/><\/a><\/figure>\n<\/figure>\n\n\n\n<p> Mais au village il existait aussi des distractions : quoi de plus convivial qu&rsquo;une bonne partie de p\u00e9tanque apr\u00e8s une dure journ\u00e9e de labeur. Et pour rencontrer les demoiselles, le dancing Pillois offrait de belles opportunit\u00e9s !<\/p>\n\n\n\n<figure class=\"wp-block-gallery has-nested-images columns-default is-cropped wp-block-gallery-3 is-layout-flex wp-block-gallery-is-layout-flex\">\n<figure class=\"wp-block-image size-medium\"><a href=\"https:\/\/lespilles.fr\/lespillesautrefois\/wp-content\/uploads\/2024\/11\/04-La-Boule-Pilloise-scaled.jpg\" target=\"_blank\"><img loading=\"lazy\" decoding=\"async\" width=\"300\" height=\"220\" data-id=\"2041\" src=\"https:\/\/lespilles.fr\/lespillesautrefois\/wp-content\/uploads\/2024\/11\/04-La-Boule-Pilloise-300x220.jpg\" alt=\"\" class=\"wp-image-2041\" srcset=\"https:\/\/lespilles.fr\/lespillesautrefois\/wp-content\/uploads\/2024\/11\/04-La-Boule-Pilloise-300x220.jpg 300w, https:\/\/lespilles.fr\/lespillesautrefois\/wp-content\/uploads\/2024\/11\/04-La-Boule-Pilloise-1024x750.jpg 1024w, https:\/\/lespilles.fr\/lespillesautrefois\/wp-content\/uploads\/2024\/11\/04-La-Boule-Pilloise-768x562.jpg 768w, https:\/\/lespilles.fr\/lespillesautrefois\/wp-content\/uploads\/2024\/11\/04-La-Boule-Pilloise-1536x1125.jpg 1536w, https:\/\/lespilles.fr\/lespillesautrefois\/wp-content\/uploads\/2024\/11\/04-La-Boule-Pilloise-2048x1500.jpg 2048w\" sizes=\"auto, (max-width: 300px) 100vw, 300px\" \/><\/a><\/figure>\n\n\n\n<figure class=\"wp-block-image size-medium\"><a href=\"https:\/\/lespilles.fr\/lespillesautrefois\/wp-content\/uploads\/2024\/11\/03-Dancing-pillois-scaled.jpg\" target=\"_blank\"><img loading=\"lazy\" decoding=\"async\" width=\"204\" height=\"300\" data-id=\"2040\" src=\"https:\/\/lespilles.fr\/lespillesautrefois\/wp-content\/uploads\/2024\/11\/03-Dancing-pillois-204x300.jpg\" alt=\"\" class=\"wp-image-2040\" srcset=\"https:\/\/lespilles.fr\/lespillesautrefois\/wp-content\/uploads\/2024\/11\/03-Dancing-pillois-204x300.jpg 204w, https:\/\/lespilles.fr\/lespillesautrefois\/wp-content\/uploads\/2024\/11\/03-Dancing-pillois-698x1024.jpg 698w, https:\/\/lespilles.fr\/lespillesautrefois\/wp-content\/uploads\/2024\/11\/03-Dancing-pillois-768x1127.jpg 768w, https:\/\/lespilles.fr\/lespillesautrefois\/wp-content\/uploads\/2024\/11\/03-Dancing-pillois-1047x1536.jpg 1047w, https:\/\/lespilles.fr\/lespillesautrefois\/wp-content\/uploads\/2024\/11\/03-Dancing-pillois-1396x2048.jpg 1396w, https:\/\/lespilles.fr\/lespillesautrefois\/wp-content\/uploads\/2024\/11\/03-Dancing-pillois-scaled.jpg 1745w\" sizes=\"auto, (max-width: 204px) 100vw, 204px\" \/><\/a><\/figure>\n<\/figure>\n\n\n\n<p>Et une bonne partie de p\u00eache dans l&rsquo;Eygues \u00e9tait d\u00e9j\u00e0 d&rsquo;actualit\u00e9 !<\/p>\n\n\n\n<figure class=\"wp-block-gallery has-nested-images columns-default is-cropped wp-block-gallery-4 is-layout-flex wp-block-gallery-is-layout-flex\">\n<figure class=\"wp-block-image size-medium\"><a href=\"https:\/\/lespilles.fr\/lespillesautrefois\/wp-content\/uploads\/2024\/11\/Frederic-SERRE-ete-1943-scaled.jpg\" target=\"_blank\"><img loading=\"lazy\" decoding=\"async\" width=\"182\" height=\"300\" data-id=\"2047\" src=\"https:\/\/lespilles.fr\/lespillesautrefois\/wp-content\/uploads\/2024\/11\/Frederic-SERRE-ete-1943-182x300.jpg\" alt=\"\" class=\"wp-image-2047\" srcset=\"https:\/\/lespilles.fr\/lespillesautrefois\/wp-content\/uploads\/2024\/11\/Frederic-SERRE-ete-1943-182x300.jpg 182w, https:\/\/lespilles.fr\/lespillesautrefois\/wp-content\/uploads\/2024\/11\/Frederic-SERRE-ete-1943-621x1024.jpg 621w, https:\/\/lespilles.fr\/lespillesautrefois\/wp-content\/uploads\/2024\/11\/Frederic-SERRE-ete-1943-768x1267.jpg 768w, https:\/\/lespilles.fr\/lespillesautrefois\/wp-content\/uploads\/2024\/11\/Frederic-SERRE-ete-1943-931x1536.jpg 931w, https:\/\/lespilles.fr\/lespillesautrefois\/wp-content\/uploads\/2024\/11\/Frederic-SERRE-ete-1943-1241x2048.jpg 1241w, https:\/\/lespilles.fr\/lespillesautrefois\/wp-content\/uploads\/2024\/11\/Frederic-SERRE-ete-1943-scaled.jpg 1552w\" sizes=\"auto, (max-width: 182px) 100vw, 182px\" \/><\/a><figcaption class=\"wp-element-caption\">Mr Serre<\/figcaption><\/figure>\n\n\n\n<figure class=\"wp-block-image size-medium\"><a href=\"https:\/\/lespilles.fr\/lespillesautrefois\/wp-content\/uploads\/2024\/11\/05-La-Gaule-de-lEygues-scaled.jpg\" target=\"_blank\"><img loading=\"lazy\" decoding=\"async\" width=\"233\" height=\"300\" data-id=\"2042\" src=\"https:\/\/lespilles.fr\/lespillesautrefois\/wp-content\/uploads\/2024\/11\/05-La-Gaule-de-lEygues-233x300.jpg\" alt=\"\" class=\"wp-image-2042\" srcset=\"https:\/\/lespilles.fr\/lespillesautrefois\/wp-content\/uploads\/2024\/11\/05-La-Gaule-de-lEygues-233x300.jpg 233w, https:\/\/lespilles.fr\/lespillesautrefois\/wp-content\/uploads\/2024\/11\/05-La-Gaule-de-lEygues-797x1024.jpg 797w, https:\/\/lespilles.fr\/lespillesautrefois\/wp-content\/uploads\/2024\/11\/05-La-Gaule-de-lEygues-768x987.jpg 768w, https:\/\/lespilles.fr\/lespillesautrefois\/wp-content\/uploads\/2024\/11\/05-La-Gaule-de-lEygues-1195x1536.jpg 1195w, https:\/\/lespilles.fr\/lespillesautrefois\/wp-content\/uploads\/2024\/11\/05-La-Gaule-de-lEygues-1594x2048.jpg 1594w, https:\/\/lespilles.fr\/lespillesautrefois\/wp-content\/uploads\/2024\/11\/05-La-Gaule-de-lEygues-scaled.jpg 1992w\" sizes=\"auto, (max-width: 233px) 100vw, 233px\" \/><\/a><\/figure>\n<\/figure>\n\n\n\n<p>Dans les ann\u00e9es 60, en hiver,&nbsp; le cur\u00e9 de Condorcet mettait une salle \u00e0 la disposition des jeunes des villages environnants pour danser et twister comme nous le raconte Ma\u00ef: <a href=\"https:\/\/lespilles.fr\/lespillesautrefois\/wp-content\/uploads\/2015\/08\/Jean-Marie-Tache.pdf\" target=\"_blank\" rel=\"noreferrer noopener\">cliquer ici<\/a><\/p>\n\n\n\n<figure class=\"wp-block-image size-large\"><a href=\"https:\/\/lespilles.fr\/lespillesautrefois\/wp-content\/uploads\/2024\/11\/06-Fete-des-jeunes-a-Condorcet-1964.jpg\"><img loading=\"lazy\" decoding=\"async\" width=\"1024\" height=\"1024\" src=\"https:\/\/lespilles.fr\/lespillesautrefois\/wp-content\/uploads\/2024\/11\/06-Fete-des-jeunes-a-Condorcet-1964-1024x1024.jpg\" alt=\"\" class=\"wp-image-2043\" style=\"aspect-ratio:3\/2;object-fit:cover\" srcset=\"https:\/\/lespilles.fr\/lespillesautrefois\/wp-content\/uploads\/2024\/11\/06-Fete-des-jeunes-a-Condorcet-1964-1024x1024.jpg 1024w, https:\/\/lespilles.fr\/lespillesautrefois\/wp-content\/uploads\/2024\/11\/06-Fete-des-jeunes-a-Condorcet-1964-300x300.jpg 300w, https:\/\/lespilles.fr\/lespillesautrefois\/wp-content\/uploads\/2024\/11\/06-Fete-des-jeunes-a-Condorcet-1964-150x150.jpg 150w, https:\/\/lespilles.fr\/lespillesautrefois\/wp-content\/uploads\/2024\/11\/06-Fete-des-jeunes-a-Condorcet-1964-768x768.jpg 768w, https:\/\/lespilles.fr\/lespillesautrefois\/wp-content\/uploads\/2024\/11\/06-Fete-des-jeunes-a-Condorcet-1964.jpg 1328w\" sizes=\"auto, (max-width: 1024px) 100vw, 1024px\" \/><\/a><\/figure>\n\n\n\n<p>En \u00e9t\u00e9 chacun se retrouvait lors des f\u00eates votives (d\u00e9placement en mobylette). <\/p>\n\n\n\n<p>Le Cur\u00e9 de St-Sauveur le Gouvernet venait faire une projection de film dans le caf\u00e9 Roure :<\/p>\n\n\n\n<p>Les rendez-vous du diable d&rsquo;Haroun Tazieff ou 20000 lieux sous les mers du Cdt Cousteau !<\/p>\n\n\n\n<p>Nos anciens aussi aimaient d\u00e9j\u00e0 faire des voyages et se retrouver autour d&rsquo;une bonne table&#8230;<\/p>\n\n\n\n<figure class=\"wp-block-gallery has-nested-images columns-default is-cropped wp-block-gallery-5 is-layout-flex wp-block-gallery-is-layout-flex\">\n<figure class=\"wp-block-image size-medium\"><a href=\"https:\/\/lespilles.fr\/lespillesautrefois\/wp-content\/uploads\/2024\/11\/08-LesPilles.jpg\" target=\"_blank\"><img loading=\"lazy\" decoding=\"async\" width=\"300\" height=\"187\" data-id=\"2045\" src=\"https:\/\/lespilles.fr\/lespillesautrefois\/wp-content\/uploads\/2024\/11\/08-LesPilles-300x187.jpg\" alt=\"\" class=\"wp-image-2045\" srcset=\"https:\/\/lespilles.fr\/lespillesautrefois\/wp-content\/uploads\/2024\/11\/08-LesPilles-300x187.jpg 300w, https:\/\/lespilles.fr\/lespillesautrefois\/wp-content\/uploads\/2024\/11\/08-LesPilles-1024x637.jpg 1024w, https:\/\/lespilles.fr\/lespillesautrefois\/wp-content\/uploads\/2024\/11\/08-LesPilles-768x478.jpg 768w, https:\/\/lespilles.fr\/lespillesautrefois\/wp-content\/uploads\/2024\/11\/08-LesPilles-1536x956.jpg 1536w, https:\/\/lespilles.fr\/lespillesautrefois\/wp-content\/uploads\/2024\/11\/08-LesPilles-2048x1275.jpg 2048w\" sizes=\"auto, (max-width: 300px) 100vw, 300px\" \/><\/a><\/figure>\n\n\n\n<figure class=\"wp-block-image size-medium\"><a href=\"https:\/\/lespilles.fr\/lespillesautrefois\/wp-content\/uploads\/2024\/11\/07-Les-anciens-en-viree-scaled.jpg\" target=\"_blank\"><img loading=\"lazy\" decoding=\"async\" width=\"300\" height=\"225\" data-id=\"2044\" src=\"https:\/\/lespilles.fr\/lespillesautrefois\/wp-content\/uploads\/2024\/11\/07-Les-anciens-en-viree-300x225.jpg\" alt=\"\" class=\"wp-image-2044\" srcset=\"https:\/\/lespilles.fr\/lespillesautrefois\/wp-content\/uploads\/2024\/11\/07-Les-anciens-en-viree-300x225.jpg 300w, https:\/\/lespilles.fr\/lespillesautrefois\/wp-content\/uploads\/2024\/11\/07-Les-anciens-en-viree-1024x768.jpg 1024w, https:\/\/lespilles.fr\/lespillesautrefois\/wp-content\/uploads\/2024\/11\/07-Les-anciens-en-viree-768x576.jpg 768w, https:\/\/lespilles.fr\/lespillesautrefois\/wp-content\/uploads\/2024\/11\/07-Les-anciens-en-viree-1536x1151.jpg 1536w, https:\/\/lespilles.fr\/lespillesautrefois\/wp-content\/uploads\/2024\/11\/07-Les-anciens-en-viree-2048x1535.jpg 2048w\" sizes=\"auto, (max-width: 300px) 100vw, 300px\" \/><\/a><\/figure>\n<\/figure>\n","protected":false},"excerpt":{"rendered":"<p>Hier comme aujourd&rsquo;hui, les jeunes et les moins jeunes aiment se distraire. Autrefois les gar\u00e7ons partaient \u00ab\u00a0en vir\u00e9e \u00e0 Nyons\u00a0\u00bb Les demoiselles se retrouvaient pour papoter et se promener : Mais au village il existait aussi des distractions : quoi de plus convivial qu&rsquo;une bonne partie de p\u00e9tanque apr\u00e8s une dure journ\u00e9e de labeur. Et &hellip; <a href=\"https:\/\/lespilles.fr\/lespillesautrefois\/?page_id=26\" class=\"more-link\">Continuer la lecture de <span class=\"screen-reader-text\">Distractions<\/span> <span class=\"meta-nav\">&rarr;<\/span><\/a><\/p>\n","protected":false},"author":1,"featured_media":0,"parent":0,"menu_order":0,"comment_status":"closed","ping_status":"open","template":"","meta":{"footnotes":""},"class_list":["post-26","page","type-page","status-publish","hentry"],"_links":{"self":[{"href":"https:\/\/lespilles.fr\/lespillesautrefois\/index.php?rest_route=\/wp\/v2\/pages\/26","targetHints":{"allow":["GET"]}}],"collection":[{"href":"https:\/\/lespilles.fr\/lespillesautrefois\/index.php?rest_route=\/wp\/v2\/pages"}],"about":[{"href":"https:\/\/lespilles.fr\/lespillesautrefois\/index.php?rest_route=\/wp\/v2\/types\/page"}],"author":[{"embeddable":true,"href":"https:\/\/lespilles.fr\/lespillesautrefois\/index.php?rest_route=\/wp\/v2\/users\/1"}],"replies":[{"embeddable":true,"href":"https:\/\/lespilles.fr\/lespillesautrefois\/index.php?rest_route=%2Fwp%2Fv2%2Fcomments&post=26"}],"version-history":[{"count":22,"href":"https:\/\/lespilles.fr\/lespillesautrefois\/index.php?rest_route=\/wp\/v2\/pages\/26\/revisions"}],"predecessor-version":[{"id":2190,"href":"https:\/\/lespilles.fr\/lespillesautrefois\/index.php?rest_route=\/wp\/v2\/pages\/26\/revisions\/2190"}],"wp:attachment":[{"href":"https:\/\/lespilles.fr\/lespillesautrefois\/index.php?rest_route=%2Fwp%2Fv2%2Fmedia&parent=26"}],"curies":[{"name":"wp","href":"https:\/\/api.w.org\/{rel}","templated":true}]}}