{"id":15,"date":"2014-02-03T15:36:26","date_gmt":"2014-02-03T14:36:26","guid":{"rendered":"http:\/\/lespilles.fr\/lespillesautrefois\/?page_id=15"},"modified":"2024-11-27T07:08:50","modified_gmt":"2024-11-27T06:08:50","slug":"le-cheval-pompon","status":"publish","type":"page","link":"https:\/\/lespilles.fr\/lespillesautrefois\/?page_id=15","title":{"rendered":"Le cheval Pompon"},"content":{"rendered":"\n<p>Pompon \u00e9tait le cheval de Monsieur Henri Long.<\/p>\n\n\n\n<p>L&rsquo;apr\u00e8s-midi, apr\u00e8s sa journ\u00e9e de labeur, Henri Long le laissait aller jusqu&rsquo;au lavoir de l&rsquo;\u00e9glise pour qu&rsquo;il puisse se d\u00e9salt\u00e9rer.<\/p>\n\n\n\n<p>En revenant il s&rsquo;arr\u00eatait chez Madame Lagrabe, \u00ab\u00a0toquait\u00a0\u00bb \u00e0 sa porte jusqu&rsquo;\u00e0 ce qu&rsquo;elle lui donne un sucre ou autre friandise.<\/p>\n\n\n\n<figure class=\"wp-block-gallery has-nested-images columns-default is-cropped wp-block-gallery-1 is-layout-flex wp-block-gallery-is-layout-flex\">\n<figure class=\"wp-block-image size-large\"><a href=\"https:\/\/lespilles.fr\/lespillesautrefois\/wp-content\/uploads\/2024\/11\/3-Pompon-descend-la-grandrue.jpg\" target=\"_blank\"><img loading=\"lazy\" decoding=\"async\" width=\"1024\" height=\"735\" data-id=\"2025\" src=\"https:\/\/lespilles.fr\/lespillesautrefois\/wp-content\/uploads\/2024\/11\/3-Pompon-descend-la-grandrue-1024x735.jpg\" alt=\"\" class=\"wp-image-2025\" srcset=\"https:\/\/lespilles.fr\/lespillesautrefois\/wp-content\/uploads\/2024\/11\/3-Pompon-descend-la-grandrue-1024x735.jpg 1024w, https:\/\/lespilles.fr\/lespillesautrefois\/wp-content\/uploads\/2024\/11\/3-Pompon-descend-la-grandrue-300x215.jpg 300w, https:\/\/lespilles.fr\/lespillesautrefois\/wp-content\/uploads\/2024\/11\/3-Pompon-descend-la-grandrue-768x551.jpg 768w, https:\/\/lespilles.fr\/lespillesautrefois\/wp-content\/uploads\/2024\/11\/3-Pompon-descend-la-grandrue-1536x1103.jpg 1536w, https:\/\/lespilles.fr\/lespillesautrefois\/wp-content\/uploads\/2024\/11\/3-Pompon-descend-la-grandrue-2048x1470.jpg 2048w\" sizes=\"auto, (max-width: 1024px) 100vw, 1024px\" \/><\/a><\/figure>\n\n\n\n<figure class=\"wp-block-image size-large\"><a href=\"https:\/\/lespilles.fr\/lespillesautrefois\/wp-content\/uploads\/2024\/11\/4-.pour-se-desalterer-a-la-fontaine-du-lavoir.jpg\" target=\"_blank\"><img loading=\"lazy\" decoding=\"async\" width=\"1024\" height=\"750\" data-id=\"2026\" src=\"https:\/\/lespilles.fr\/lespillesautrefois\/wp-content\/uploads\/2024\/11\/4-.pour-se-desalterer-a-la-fontaine-du-lavoir-1024x750.jpg\" alt=\"\" class=\"wp-image-2026\" srcset=\"https:\/\/lespilles.fr\/lespillesautrefois\/wp-content\/uploads\/2024\/11\/4-.pour-se-desalterer-a-la-fontaine-du-lavoir-1024x750.jpg 1024w, https:\/\/lespilles.fr\/lespillesautrefois\/wp-content\/uploads\/2024\/11\/4-.pour-se-desalterer-a-la-fontaine-du-lavoir-300x220.jpg 300w, https:\/\/lespilles.fr\/lespillesautrefois\/wp-content\/uploads\/2024\/11\/4-.pour-se-desalterer-a-la-fontaine-du-lavoir-768x563.jpg 768w, https:\/\/lespilles.fr\/lespillesautrefois\/wp-content\/uploads\/2024\/11\/4-.pour-se-desalterer-a-la-fontaine-du-lavoir-1536x1125.jpg 1536w, https:\/\/lespilles.fr\/lespillesautrefois\/wp-content\/uploads\/2024\/11\/4-.pour-se-desalterer-a-la-fontaine-du-lavoir-2048x1500.jpg 2048w\" sizes=\"auto, (max-width: 1024px) 100vw, 1024px\" \/><\/a><\/figure>\n\n\n\n<figure class=\"wp-block-image size-large\"><a href=\"https:\/\/lespilles.fr\/lespillesautrefois\/wp-content\/uploads\/2024\/11\/6-Au-retour-Pompon-sarrera-chez-Mme-Lagrabe-pour-demander-une-friandise-scaled.jpg\" target=\"_blank\"><img loading=\"lazy\" decoding=\"async\" width=\"1024\" height=\"755\" data-id=\"2028\" src=\"https:\/\/lespilles.fr\/lespillesautrefois\/wp-content\/uploads\/2024\/11\/6-Au-retour-Pompon-sarrera-chez-Mme-Lagrabe-pour-demander-une-friandise-1024x755.jpg\" alt=\"\" class=\"wp-image-2028\" srcset=\"https:\/\/lespilles.fr\/lespillesautrefois\/wp-content\/uploads\/2024\/11\/6-Au-retour-Pompon-sarrera-chez-Mme-Lagrabe-pour-demander-une-friandise-1024x755.jpg 1024w, https:\/\/lespilles.fr\/lespillesautrefois\/wp-content\/uploads\/2024\/11\/6-Au-retour-Pompon-sarrera-chez-Mme-Lagrabe-pour-demander-une-friandise-300x221.jpg 300w, https:\/\/lespilles.fr\/lespillesautrefois\/wp-content\/uploads\/2024\/11\/6-Au-retour-Pompon-sarrera-chez-Mme-Lagrabe-pour-demander-une-friandise-768x566.jpg 768w, https:\/\/lespilles.fr\/lespillesautrefois\/wp-content\/uploads\/2024\/11\/6-Au-retour-Pompon-sarrera-chez-Mme-Lagrabe-pour-demander-une-friandise-1536x1132.jpg 1536w, https:\/\/lespilles.fr\/lespillesautrefois\/wp-content\/uploads\/2024\/11\/6-Au-retour-Pompon-sarrera-chez-Mme-Lagrabe-pour-demander-une-friandise-2048x1509.jpg 2048w\" sizes=\"auto, (max-width: 1024px) 100vw, 1024px\" \/><\/a><\/figure>\n\n\n\n<figure class=\"wp-block-image size-large\"><a href=\"https:\/\/lespilles.fr\/lespillesautrefois\/wp-content\/uploads\/2024\/11\/Pompon-le-cheval-dHenri-Long-et-le-petit-Christian-Gielly.jpg\" target=\"_blank\"><img loading=\"lazy\" decoding=\"async\" width=\"725\" height=\"490\" data-id=\"2029\" src=\"https:\/\/lespilles.fr\/lespillesautrefois\/wp-content\/uploads\/2024\/11\/Pompon-le-cheval-dHenri-Long-et-le-petit-Christian-Gielly.jpg\" alt=\"\" class=\"wp-image-2029\" srcset=\"https:\/\/lespilles.fr\/lespillesautrefois\/wp-content\/uploads\/2024\/11\/Pompon-le-cheval-dHenri-Long-et-le-petit-Christian-Gielly.jpg 725w, https:\/\/lespilles.fr\/lespillesautrefois\/wp-content\/uploads\/2024\/11\/Pompon-le-cheval-dHenri-Long-et-le-petit-Christian-Gielly-300x203.jpg 300w\" sizes=\"auto, (max-width: 725px) 100vw, 725px\" \/><\/a><\/figure>\n\n\n\n<figure class=\"wp-block-image size-large\"><a href=\"https:\/\/lespilles.fr\/lespillesautrefois\/wp-content\/uploads\/2024\/11\/2-Retour-au-bercail.jpg\" target=\"_blank\"><img loading=\"lazy\" decoding=\"async\" width=\"1024\" height=\"639\" data-id=\"2024\" src=\"https:\/\/lespilles.fr\/lespillesautrefois\/wp-content\/uploads\/2024\/11\/2-Retour-au-bercail-1024x639.jpg\" alt=\"\" class=\"wp-image-2024\" srcset=\"https:\/\/lespilles.fr\/lespillesautrefois\/wp-content\/uploads\/2024\/11\/2-Retour-au-bercail-1024x639.jpg 1024w, https:\/\/lespilles.fr\/lespillesautrefois\/wp-content\/uploads\/2024\/11\/2-Retour-au-bercail-300x187.jpg 300w, https:\/\/lespilles.fr\/lespillesautrefois\/wp-content\/uploads\/2024\/11\/2-Retour-au-bercail-768x480.jpg 768w, https:\/\/lespilles.fr\/lespillesautrefois\/wp-content\/uploads\/2024\/11\/2-Retour-au-bercail-1536x959.jpg 1536w, https:\/\/lespilles.fr\/lespillesautrefois\/wp-content\/uploads\/2024\/11\/2-Retour-au-bercail-2048x1279.jpg 2048w\" sizes=\"auto, (max-width: 1024px) 100vw, 1024px\" \/><\/a><\/figure>\n<\/figure>\n","protected":false},"excerpt":{"rendered":"<p>Pompon \u00e9tait le cheval de Monsieur Henri Long. L&rsquo;apr\u00e8s-midi, apr\u00e8s sa journ\u00e9e de labeur, Henri Long le laissait aller jusqu&rsquo;au lavoir de l&rsquo;\u00e9glise pour qu&rsquo;il puisse se d\u00e9salt\u00e9rer. En revenant il s&rsquo;arr\u00eatait chez Madame Lagrabe, \u00ab\u00a0toquait\u00a0\u00bb \u00e0 sa porte jusqu&rsquo;\u00e0 ce qu&rsquo;elle lui donne un sucre ou autre friandise.<\/p>\n","protected":false},"author":1,"featured_media":0,"parent":0,"menu_order":0,"comment_status":"closed","ping_status":"open","template":"","meta":{"footnotes":""},"class_list":["post-15","page","type-page","status-publish","hentry"],"_links":{"self":[{"href":"https:\/\/lespilles.fr\/lespillesautrefois\/index.php?rest_route=\/wp\/v2\/pages\/15","targetHints":{"allow":["GET"]}}],"collection":[{"href":"https:\/\/lespilles.fr\/lespillesautrefois\/index.php?rest_route=\/wp\/v2\/pages"}],"about":[{"href":"https:\/\/lespilles.fr\/lespillesautrefois\/index.php?rest_route=\/wp\/v2\/types\/page"}],"author":[{"embeddable":true,"href":"https:\/\/lespilles.fr\/lespillesautrefois\/index.php?rest_route=\/wp\/v2\/users\/1"}],"replies":[{"embeddable":true,"href":"https:\/\/lespilles.fr\/lespillesautrefois\/index.php?rest_route=%2Fwp%2Fv2%2Fcomments&post=15"}],"version-history":[{"count":10,"href":"https:\/\/lespilles.fr\/lespillesautrefois\/index.php?rest_route=\/wp\/v2\/pages\/15\/revisions"}],"predecessor-version":[{"id":2051,"href":"https:\/\/lespilles.fr\/lespillesautrefois\/index.php?rest_route=\/wp\/v2\/pages\/15\/revisions\/2051"}],"wp:attachment":[{"href":"https:\/\/lespilles.fr\/lespillesautrefois\/index.php?rest_route=%2Fwp%2Fv2%2Fmedia&parent=15"}],"curies":[{"name":"wp","href":"https:\/\/api.w.org\/{rel}","templated":true}]}}