{"id":13,"date":"2014-02-03T15:35:32","date_gmt":"2014-02-03T14:35:32","guid":{"rendered":"http:\/\/lespilles.fr\/lespillesautrefois\/?page_id=13"},"modified":"2024-12-05T13:10:37","modified_gmt":"2024-12-05T12:10:37","slug":"la-vie-au-village-autrefois","status":"publish","type":"page","link":"https:\/\/lespilles.fr\/lespillesautrefois\/?page_id=13","title":{"rendered":"La vie au village autrefois"},"content":{"rendered":"<h2 align=\"center\">Les Pilles vu de la gu\u00e9rite ann\u00e9es 50<\/h2>\n<p style=\"text-align: left;\" align=\"center\"><a href=\"https:\/\/lespilles.fr\/lespillesautrefois\/wp-content\/uploads\/2014\/02\/Les-Pilles-vu-de-la-gu\u00e9rite-ann\u00e9es-50.jpg\"><span style=\"color: #000000;\"><a href=\"https:\/\/lespilles.fr\/lespillesautrefois\/wp-content\/uploads\/2014\/02\/Les-Pilles-vu-de-la-gu\u00e9rite-ann\u00e9es-50.jpg\"><img loading=\"lazy\" decoding=\"async\" class=\"alignnone size-medium wp-image-511\" src=\"https:\/\/lespilles.fr\/lespillesautrefois\/wp-content\/uploads\/2014\/02\/Les-Pilles-vu-de-la-gu\u00e9rite-ann\u00e9es-50-300x205.jpg\" alt=\"Les Pilles vu de la gu\u00e9rite ann\u00e9es 50\" width=\"300\" height=\"205\" srcset=\"https:\/\/lespilles.fr\/lespillesautrefois\/wp-content\/uploads\/2014\/02\/Les-Pilles-vu-de-la-gu\u00e9rite-ann\u00e9es-50-300x205.jpg 300w, https:\/\/lespilles.fr\/lespillesautrefois\/wp-content\/uploads\/2014\/02\/Les-Pilles-vu-de-la-gu\u00e9rite-ann\u00e9es-50-1024x698.jpg 1024w, https:\/\/lespilles.fr\/lespillesautrefois\/wp-content\/uploads\/2014\/02\/Les-Pilles-vu-de-la-gu\u00e9rite-ann\u00e9es-50.jpg 1923w\" sizes=\"auto, (max-width: 300px) 100vw, 300px\" \/><\/a><\/span><\/a><\/p>\n<p style=\"text-align: left;\" align=\"center\"><a href=\"https:\/\/lespilles.fr\/lespillesautrefois\/wp-content\/uploads\/2014\/02\/Les-Pilles-vu-de-la-gu\u00e9rite-ann\u00e9es-50.jpg\"><span style=\"color: #000000;\">On remarque les meules de foin derri\u00e8re chez Bryan. Le lavoir .<\/span> <\/a><\/p>\n<p>&nbsp;<\/p>\n<h2 align=\"center\">Les Pilles en 1910<\/h2>\n<p>Commune tr\u00e8s artisanale (toutes les vall\u00e9es passaient par l\u00e0 depuis Bouvi\u00e8res, R\u00e9muzat, La Motte Chalancon)<\/p>\n<p>&#8211;\u00a0\u00a0\u00a0\u00a0\u00a0\u00a0\u00a0 3 cordonniers\u00a0: Martin, Blanc et les Fr\u00e8res Campo<\/p>\n<p>&#8211;\u00a0\u00a0\u00a0\u00a0\u00a0\u00a0\u00a0 3 mar\u00e9chaux-ferrants\u00a0: A.Monin, Jules Blanchet et Rieubon<\/p>\n<p>&#8211;\u00a0\u00a0\u00a0\u00a0\u00a0\u00a0\u00a0 4 caf\u00e9s\u00a0: Armand, Auric, Flanol\u00a0?, Roseland\u00a0?<\/p>\n<p>&#8211;\u00a0\u00a0\u00a0\u00a0\u00a0\u00a0\u00a0 4 \u00e9piceries\u00a0: Serre, Freynet, Dupoux, Gielly (marchand de grains)<\/p>\n<p>&#8211;\u00a0\u00a0\u00a0\u00a0\u00a0\u00a0\u00a0 1 marchand de tenues (mercerie) Freynet<\/p>\n<p>&#8211;\u00a0\u00a0\u00a0\u00a0\u00a0\u00a0\u00a0 2 tailleurs\u00a0: Freynet et Pascal<\/p>\n<p>&#8211;\u00a0\u00a0\u00a0\u00a0\u00a0\u00a0\u00a0 La Poste avec\u00a0 3 facteurs\u00a0: tourn\u00e9e de\u00a0 Condorcet, St Ferr\u00e9ol, Valouse et l\u2019Estelon \u00e0 pied, tourn\u00e9e de Les Pilles et Ch\u00e2teauneuf de Bordette, tourn\u00e9e de Curnier, Arpavon et Montaulieu<\/p>\n<p>&#8211;\u00a0\u00a0\u00a0\u00a0\u00a0\u00a0\u00a0 3 boulangeries\u00a0: Gielly, Brachet, Benessia<\/p>\n<p>&#8211;\u00a0\u00a0\u00a0\u00a0\u00a0\u00a0\u00a0 2 menuisiers\u00a0: Pierre de Labaye et Peyrol<\/p>\n<p>&#8211;\u00a0\u00a0\u00a0\u00a0\u00a0\u00a0\u00a0 1 charron\u00a0: Bommenel<\/p>\n<p>&#8211;\u00a0\u00a0\u00a0\u00a0\u00a0\u00a0\u00a0 3 couturi\u00e8res\u00a0: Freynet, Dupoux, Peyrol<\/p>\n<p>&#8211;\u00a0\u00a0\u00a0\u00a0\u00a0\u00a0\u00a0 1 notaire<\/p>\n<p>&nbsp;<\/p>\n\n\n<figure class=\"wp-block-gallery has-nested-images columns-2 is-cropped wp-block-gallery-1 is-layout-flex wp-block-gallery-is-layout-flex\">\n<figure class=\"wp-block-image size-medium\"><a href=\"https:\/\/lespilles.fr\/lespillesautrefois\/wp-content\/uploads\/2024\/11\/Gorges-de-Trente-Pas-3.jpg\" target=\"_blank\"><img loading=\"lazy\" decoding=\"async\" width=\"221\" height=\"300\" data-id=\"2203\" src=\"https:\/\/lespilles.fr\/lespillesautrefois\/wp-content\/uploads\/2024\/11\/Gorges-de-Trente-Pas-3-221x300.jpg\" alt=\"\" class=\"wp-image-2203\" srcset=\"https:\/\/lespilles.fr\/lespillesautrefois\/wp-content\/uploads\/2024\/11\/Gorges-de-Trente-Pas-3-221x300.jpg 221w, https:\/\/lespilles.fr\/lespillesautrefois\/wp-content\/uploads\/2024\/11\/Gorges-de-Trente-Pas-3.jpg 689w\" sizes=\"auto, (max-width: 221px) 100vw, 221px\" \/><\/a><figcaption class=\"wp-element-caption\">Mr Bommenel et sa famille en promenade dans les gorges de Trente Pas<\/figcaption><\/figure>\n\n\n\n<figure class=\"wp-block-image size-medium\"><a href=\"https:\/\/lespilles.fr\/lespillesautrefois\/wp-content\/uploads\/2024\/11\/LesPilles1910ErnestineLe\u00a6uonieDenise.jpg\" target=\"_blank\"><img loading=\"lazy\" decoding=\"async\" width=\"300\" height=\"250\" data-id=\"2293\" src=\"https:\/\/lespilles.fr\/lespillesautrefois\/wp-content\/uploads\/2024\/11\/LesPilles1910ErnestineLe\u00a6uonieDenise-300x250.jpg\" alt=\"\" class=\"wp-image-2293\" srcset=\"https:\/\/lespilles.fr\/lespillesautrefois\/wp-content\/uploads\/2024\/11\/LesPilles1910ErnestineLe\u00a6uonieDenise-300x250.jpg 300w, https:\/\/lespilles.fr\/lespillesautrefois\/wp-content\/uploads\/2024\/11\/LesPilles1910ErnestineLe\u00a6uonieDenise-1024x853.jpg 1024w, https:\/\/lespilles.fr\/lespillesautrefois\/wp-content\/uploads\/2024\/11\/LesPilles1910ErnestineLe\u00a6uonieDenise-768x640.jpg 768w, https:\/\/lespilles.fr\/lespillesautrefois\/wp-content\/uploads\/2024\/11\/LesPilles1910ErnestineLe\u00a6uonieDenise-1536x1279.jpg 1536w, https:\/\/lespilles.fr\/lespillesautrefois\/wp-content\/uploads\/2024\/11\/LesPilles1910ErnestineLe\u00a6uonieDenise.jpg 1596w\" sizes=\"auto, (max-width: 300px) 100vw, 300px\" \/><\/a><figcaption class=\"wp-element-caption\">Ernestine Freynet-L\u00e9oncie Dupoux-Denise Martin-&#8230;?<\/figcaption><\/figure>\n\n\n\n<figure class=\"wp-block-image size-medium\"><a href=\"https:\/\/lespilles.fr\/lespillesautrefois\/wp-content\/uploads\/2024\/11\/Baignade-aux-bords-de-lAygues.jpg\" target=\"_blank\"><img loading=\"lazy\" decoding=\"async\" width=\"300\" height=\"207\" data-id=\"2291\" src=\"https:\/\/lespilles.fr\/lespillesautrefois\/wp-content\/uploads\/2024\/11\/Baignade-aux-bords-de-lAygues-300x207.jpg\" alt=\"\" class=\"wp-image-2291\" srcset=\"https:\/\/lespilles.fr\/lespillesautrefois\/wp-content\/uploads\/2024\/11\/Baignade-aux-bords-de-lAygues-300x207.jpg 300w, https:\/\/lespilles.fr\/lespillesautrefois\/wp-content\/uploads\/2024\/11\/Baignade-aux-bords-de-lAygues-1024x707.jpg 1024w, https:\/\/lespilles.fr\/lespillesautrefois\/wp-content\/uploads\/2024\/11\/Baignade-aux-bords-de-lAygues-768x530.jpg 768w, https:\/\/lespilles.fr\/lespillesautrefois\/wp-content\/uploads\/2024\/11\/Baignade-aux-bords-de-lAygues.jpg 1164w\" sizes=\"auto, (max-width: 300px) 100vw, 300px\" \/><\/a><\/figure>\n\n\n\n<figure class=\"wp-block-image size-medium\"><a href=\"https:\/\/lespilles.fr\/lespillesautrefois\/wp-content\/uploads\/2024\/11\/Aux-Pilles-en-1925.jpg\" target=\"_blank\"><img loading=\"lazy\" decoding=\"async\" width=\"300\" height=\"209\" data-id=\"2290\" src=\"https:\/\/lespilles.fr\/lespillesautrefois\/wp-content\/uploads\/2024\/11\/Aux-Pilles-en-1925-300x209.jpg\" alt=\"\" class=\"wp-image-2290\" srcset=\"https:\/\/lespilles.fr\/lespillesautrefois\/wp-content\/uploads\/2024\/11\/Aux-Pilles-en-1925-300x209.jpg 300w, https:\/\/lespilles.fr\/lespillesautrefois\/wp-content\/uploads\/2024\/11\/Aux-Pilles-en-1925-1024x713.jpg 1024w, https:\/\/lespilles.fr\/lespillesautrefois\/wp-content\/uploads\/2024\/11\/Aux-Pilles-en-1925-768x535.jpg 768w, https:\/\/lespilles.fr\/lespillesautrefois\/wp-content\/uploads\/2024\/11\/Aux-Pilles-en-1925.jpg 1137w\" sizes=\"auto, (max-width: 300px) 100vw, 300px\" \/><\/a><\/figure>\n\n\n\n<figure class=\"wp-block-image size-medium\"><a href=\"https:\/\/lespilles.fr\/lespillesautrefois\/wp-content\/uploads\/2024\/11\/08-Les-paroissiennes-scaled.jpg\" target=\"_blank\"><img loading=\"lazy\" decoding=\"async\" width=\"300\" height=\"195\" data-id=\"2289\" src=\"https:\/\/lespilles.fr\/lespillesautrefois\/wp-content\/uploads\/2024\/11\/08-Les-paroissiennes-300x195.jpg\" alt=\"\" class=\"wp-image-2289\" srcset=\"https:\/\/lespilles.fr\/lespillesautrefois\/wp-content\/uploads\/2024\/11\/08-Les-paroissiennes-300x195.jpg 300w, https:\/\/lespilles.fr\/lespillesautrefois\/wp-content\/uploads\/2024\/11\/08-Les-paroissiennes-1024x664.jpg 1024w, https:\/\/lespilles.fr\/lespillesautrefois\/wp-content\/uploads\/2024\/11\/08-Les-paroissiennes-768x498.jpg 768w, https:\/\/lespilles.fr\/lespillesautrefois\/wp-content\/uploads\/2024\/11\/08-Les-paroissiennes-1536x996.jpg 1536w, https:\/\/lespilles.fr\/lespillesautrefois\/wp-content\/uploads\/2024\/11\/08-Les-paroissiennes-2048x1328.jpg 2048w\" sizes=\"auto, (max-width: 300px) 100vw, 300px\" \/><\/a><figcaption class=\"wp-element-caption\">Le P\u00e8re Laxageborde et ses paroissiennes<\/figcaption><\/figure>\n\n\n\n<figure class=\"wp-block-image size-medium\"><a href=\"https:\/\/lespilles.fr\/lespillesautrefois\/wp-content\/uploads\/2024\/11\/Les-Pilles-1950-.-La-Leoncie-Marie-Gielly-nee-Flayol-Christian-Gielly-Marie-Gielly-nee-Freynet-b.jpg\" target=\"_blank\"><img loading=\"lazy\" decoding=\"async\" width=\"300\" height=\"201\" data-id=\"2292\" src=\"https:\/\/lespilles.fr\/lespillesautrefois\/wp-content\/uploads\/2024\/11\/Les-Pilles-1950-.-La-Leoncie-Marie-Gielly-nee-Flayol-Christian-Gielly-Marie-Gielly-nee-Freynet-b-300x201.jpg\" alt=\"\" class=\"wp-image-2292\" srcset=\"https:\/\/lespilles.fr\/lespillesautrefois\/wp-content\/uploads\/2024\/11\/Les-Pilles-1950-.-La-Leoncie-Marie-Gielly-nee-Flayol-Christian-Gielly-Marie-Gielly-nee-Freynet-b-300x201.jpg 300w, https:\/\/lespilles.fr\/lespillesautrefois\/wp-content\/uploads\/2024\/11\/Les-Pilles-1950-.-La-Leoncie-Marie-Gielly-nee-Flayol-Christian-Gielly-Marie-Gielly-nee-Freynet-b-1024x687.jpg 1024w, https:\/\/lespilles.fr\/lespillesautrefois\/wp-content\/uploads\/2024\/11\/Les-Pilles-1950-.-La-Leoncie-Marie-Gielly-nee-Flayol-Christian-Gielly-Marie-Gielly-nee-Freynet-b-768x515.jpg 768w, https:\/\/lespilles.fr\/lespillesautrefois\/wp-content\/uploads\/2024\/11\/Les-Pilles-1950-.-La-Leoncie-Marie-Gielly-nee-Flayol-Christian-Gielly-Marie-Gielly-nee-Freynet-b.jpg 1225w\" sizes=\"auto, (max-width: 300px) 100vw, 300px\" \/><\/a><figcaption class=\"wp-element-caption\">L\u00e9oncie Dupoux-Mme Gielly- Mme Gielly n\u00e9e Freynet- Christian Gielly<\/figcaption><\/figure>\n\n\n\n<figure class=\"wp-block-image size-medium\"><a href=\"https:\/\/lespilles.fr\/lespillesautrefois\/wp-content\/uploads\/2024\/11\/05-Counil-Dams.jpg\" target=\"_blank\"><img loading=\"lazy\" decoding=\"async\" width=\"205\" height=\"300\" data-id=\"2294\" src=\"https:\/\/lespilles.fr\/lespillesautrefois\/wp-content\/uploads\/2024\/11\/05-Counil-Dams-205x300.jpg\" alt=\"\" class=\"wp-image-2294\" srcset=\"https:\/\/lespilles.fr\/lespillesautrefois\/wp-content\/uploads\/2024\/11\/05-Counil-Dams-205x300.jpg 205w, https:\/\/lespilles.fr\/lespillesautrefois\/wp-content\/uploads\/2024\/11\/05-Counil-Dams-701x1024.jpg 701w, https:\/\/lespilles.fr\/lespillesautrefois\/wp-content\/uploads\/2024\/11\/05-Counil-Dams-768x1122.jpg 768w, https:\/\/lespilles.fr\/lespillesautrefois\/wp-content\/uploads\/2024\/11\/05-Counil-Dams.jpg 920w\" sizes=\"auto, (max-width: 205px) 100vw, 205px\" \/><\/a><figcaption class=\"wp-element-caption\">Marcel Counil Dams<\/figcaption><\/figure>\n<\/figure>\n","protected":false},"excerpt":{"rendered":"<p>Les Pilles vu de la gu\u00e9rite ann\u00e9es 50 On remarque les meules de foin derri\u00e8re chez Bryan. Le lavoir . &nbsp; Les Pilles en 1910 Commune tr\u00e8s artisanale (toutes les vall\u00e9es passaient par l\u00e0 depuis Bouvi\u00e8res, R\u00e9muzat, La Motte Chalancon) &#8211;\u00a0\u00a0\u00a0\u00a0\u00a0\u00a0\u00a0 3 cordonniers\u00a0: Martin, Blanc et les Fr\u00e8res Campo &#8211;\u00a0\u00a0\u00a0\u00a0\u00a0\u00a0\u00a0 3 mar\u00e9chaux-ferrants\u00a0: A.Monin, Jules Blanchet &hellip; <a href=\"https:\/\/lespilles.fr\/lespillesautrefois\/?page_id=13\" class=\"more-link\">Continuer la lecture de <span class=\"screen-reader-text\">La vie au village autrefois<\/span> <span class=\"meta-nav\">&rarr;<\/span><\/a><\/p>\n","protected":false},"author":1,"featured_media":0,"parent":0,"menu_order":0,"comment_status":"closed","ping_status":"open","template":"","meta":{"footnotes":""},"class_list":["post-13","page","type-page","status-publish","hentry"],"_links":{"self":[{"href":"https:\/\/lespilles.fr\/lespillesautrefois\/index.php?rest_route=\/wp\/v2\/pages\/13","targetHints":{"allow":["GET"]}}],"collection":[{"href":"https:\/\/lespilles.fr\/lespillesautrefois\/index.php?rest_route=\/wp\/v2\/pages"}],"about":[{"href":"https:\/\/lespilles.fr\/lespillesautrefois\/index.php?rest_route=\/wp\/v2\/types\/page"}],"author":[{"embeddable":true,"href":"https:\/\/lespilles.fr\/lespillesautrefois\/index.php?rest_route=\/wp\/v2\/users\/1"}],"replies":[{"embeddable":true,"href":"https:\/\/lespilles.fr\/lespillesautrefois\/index.php?rest_route=%2Fwp%2Fv2%2Fcomments&post=13"}],"version-history":[{"count":12,"href":"https:\/\/lespilles.fr\/lespillesautrefois\/index.php?rest_route=\/wp\/v2\/pages\/13\/revisions"}],"predecessor-version":[{"id":2322,"href":"https:\/\/lespilles.fr\/lespillesautrefois\/index.php?rest_route=\/wp\/v2\/pages\/13\/revisions\/2322"}],"wp:attachment":[{"href":"https:\/\/lespilles.fr\/lespillesautrefois\/index.php?rest_route=%2Fwp%2Fv2%2Fmedia&parent=13"}],"curies":[{"name":"wp","href":"https:\/\/api.w.org\/{rel}","templated":true}]}}