{"id":122,"date":"2014-02-03T16:44:26","date_gmt":"2014-02-03T15:44:26","guid":{"rendered":"http:\/\/lespilles.fr\/lespillesautrefois\/?page_id=122"},"modified":"2024-09-24T15:01:05","modified_gmt":"2024-09-24T14:01:05","slug":"acceuil","status":"publish","type":"page","link":"https:\/\/lespilles.fr\/lespillesautrefois\/?page_id=122","title":{"rendered":"Accueil"},"content":{"rendered":"<h2 style=\"text-align: left;\" align=\"center\">Bonjour et Bienvenue sur le site<\/h2>\n<h2 style=\"text-align: left;\" align=\"center\">Les Pilles Autrefois&#8230;<\/h2>\n<p align=\"center\"><b>Conna\u00eetre le Pass\u00e9 pour\u00a0 Mieux Vivre le Pr\u00e9sent et\u00a0\u00a0 <\/b><\/p>\n<p align=\"center\"><b>Bien Pr\u00e9parer le Futur<\/b><\/p>\n<p style=\"text-align: justify;\">\u00a0<em>L\u2019Histoire avec une majuscule, c\u2019est la vie d\u2019une nation, avec ses personnages c\u00e9l\u00e8bres, ses faits importants, ses dates d\u00e9cisives. La petite histoire par contre ne contient que des \u00eatres communs, des r\u00e9alit\u00e9s quotidiennes, des \u00e9v\u00e8nements limit\u00e9s et des pr\u00e9occupations plus ou moins prosa\u00efques.<\/em><\/p>\n<p style=\"text-align: justify;\"><em>Pourtant cette petite histoire ne manque pas d\u2019int\u00e9r\u00eat et bien souvent elle s\u2019ins\u00e8re dans la grande pour lui apporter une toile de fond pleine de v\u00e9rit\u00e9 et d\u2019humanit\u00e9. (JPC)<br \/>\n<\/em><\/p>\n<p style=\"text-align: justify;\">\u00ab\u00a0Les Pilles Autrefois\u00a0\u00bb\u00a0 a pu \u00eatre cr\u00e9\u00e9 gr\u00e2ce \u00e0 la bienveillance de nombreuses personnes du village qui m\u2019ont confi\u00e9 leurs documents familiaux afin que je puisse les scanner. Je tiens \u00e0 leur exprimer toute ma reconnaissance pour le concours qu\u2019elles m\u2019ont apport\u00e9 afin de pr\u00e9server la M\u00e9moire de Les Pilles.<\/p>\n<p style=\"text-align: justify;\">Je me dois de ne pas oublier Monsieur Jean-Pierre Calimez qui, en son temps, a fait un formidable travail de recherches historiques sur lesquelles je me suis appuy\u00e9e.\u00a0 Merci \u00e0 sa fille, Madame Dani\u00e8le Alexandre, de m\u2019avoir confi\u00e9 tous ses documents.<\/p>\n<p style=\"text-align: justify;\">Merci \u00e9galement \u00e0\u00a0 notre technicien internet, Yan Bernard, pour avoir mis ses comp\u00e9tences au service de la r\u00e9alisation de ce site.<\/p>\n<p style=\"text-align: justify;\">Si vous avez, vous aussi, des traces du pass\u00e9 de notre beau village, n\u2019h\u00e9sitez pas \u00e0 me contacter. Photos, lettres parlant de la vie du village, articles, livres, souvenirs personnels, objets ayant un rapport avec\u00a0 le pass\u00e9 mais aussi noms de personnes sur les photos\u2026<\/p>\n<p style=\"text-align: justify;\">Je vous remercie d\u2019avance de votre active participation pour nous permettre de mieux conna\u00eetre Les Pilles Autrefois.<\/p>\n<p align=\"right\">Maryl\u00e8ne DELMARRE<\/p>\n<p align=\"right\">lespilles.histoireetpatrimoine @gmail.com \/ marrydel@orange.fr<\/p>\n<p style=\"text-align: left;\" align=\"right\"><em>Photos des Familles Pascal-Long, Counil-Dams, Delmarre, Revol, Debaque, Ricou, Gondouin, Canton, Bedouet, Beaumont, Tache, Calimez-Alexandre, Liotaud-Fournon, Vasset, Guibert, Meynard-Bommenel, Mery, Ben\u00e9ssia, Gielly, Campo-Zins, B\u00e9raud-Roux,<br \/>\n<\/em><\/p>\n","protected":false},"excerpt":{"rendered":"<p>Bonjour et Bienvenue sur le site Les Pilles Autrefois&#8230; Conna\u00eetre le Pass\u00e9 pour\u00a0 Mieux Vivre le Pr\u00e9sent et\u00a0\u00a0 Bien Pr\u00e9parer le Futur \u00a0L\u2019Histoire avec une majuscule, c\u2019est la vie d\u2019une nation, avec ses personnages c\u00e9l\u00e8bres, ses faits importants, ses dates d\u00e9cisives. La petite histoire par contre ne contient que des \u00eatres communs, des r\u00e9alit\u00e9s quotidiennes, &hellip; <a href=\"https:\/\/lespilles.fr\/lespillesautrefois\/?page_id=122\" class=\"more-link\">Continuer la lecture de <span class=\"screen-reader-text\">Accueil<\/span> <span class=\"meta-nav\">&rarr;<\/span><\/a><\/p>\n","protected":false},"author":1,"featured_media":0,"parent":0,"menu_order":0,"comment_status":"closed","ping_status":"open","template":"","meta":{"footnotes":""},"class_list":["post-122","page","type-page","status-publish","hentry"],"_links":{"self":[{"href":"https:\/\/lespilles.fr\/lespillesautrefois\/index.php?rest_route=\/wp\/v2\/pages\/122","targetHints":{"allow":["GET"]}}],"collection":[{"href":"https:\/\/lespilles.fr\/lespillesautrefois\/index.php?rest_route=\/wp\/v2\/pages"}],"about":[{"href":"https:\/\/lespilles.fr\/lespillesautrefois\/index.php?rest_route=\/wp\/v2\/types\/page"}],"author":[{"embeddable":true,"href":"https:\/\/lespilles.fr\/lespillesautrefois\/index.php?rest_route=\/wp\/v2\/users\/1"}],"replies":[{"embeddable":true,"href":"https:\/\/lespilles.fr\/lespillesautrefois\/index.php?rest_route=%2Fwp%2Fv2%2Fcomments&post=122"}],"version-history":[{"count":42,"href":"https:\/\/lespilles.fr\/lespillesautrefois\/index.php?rest_route=\/wp\/v2\/pages\/122\/revisions"}],"predecessor-version":[{"id":1935,"href":"https:\/\/lespilles.fr\/lespillesautrefois\/index.php?rest_route=\/wp\/v2\/pages\/122\/revisions\/1935"}],"wp:attachment":[{"href":"https:\/\/lespilles.fr\/lespillesautrefois\/index.php?rest_route=%2Fwp%2Fv2%2Fmedia&parent=122"}],"curies":[{"name":"wp","href":"https:\/\/api.w.org\/{rel}","templated":true}]}}