{"id":59,"date":"2014-02-03T15:51:04","date_gmt":"2014-02-03T14:51:04","guid":{"rendered":"http:\/\/lespilles.fr\/lespillesautrefois\/?page_id=59"},"modified":"2024-11-29T14:30:34","modified_gmt":"2024-11-29T13:30:34","slug":"la-guerre-du-tunnel","status":"publish","type":"page","link":"http:\/\/lespilles.fr\/lespillesautrefois\/?page_id=59","title":{"rendered":"Le tunnel"},"content":{"rendered":"\n<p class=\"has-medium-font-size\">Avant le tunnel:<\/p>\n\n\n\n<figure class=\"wp-block-gallery has-nested-images columns-2 is-cropped wp-block-gallery-1 is-layout-flex wp-block-gallery-is-layout-flex\">\n<figure class=\"wp-block-image size-medium\"><a href=\"https:\/\/lespilles.fr\/lespillesautrefois\/wp-content\/uploads\/2024\/11\/04-Quartier-du-Portail-scaled.jpg\" target=\"_blank\"><img loading=\"lazy\" decoding=\"async\" width=\"197\" height=\"300\" data-id=\"2265\" src=\"https:\/\/lespilles.fr\/lespillesautrefois\/wp-content\/uploads\/2024\/11\/04-Quartier-du-Portail-197x300.jpg\" alt=\"\" class=\"wp-image-2265\" srcset=\"https:\/\/lespilles.fr\/lespillesautrefois\/wp-content\/uploads\/2024\/11\/04-Quartier-du-Portail-197x300.jpg 197w, https:\/\/lespilles.fr\/lespillesautrefois\/wp-content\/uploads\/2024\/11\/04-Quartier-du-Portail-672x1024.jpg 672w, https:\/\/lespilles.fr\/lespillesautrefois\/wp-content\/uploads\/2024\/11\/04-Quartier-du-Portail-768x1170.jpg 768w, https:\/\/lespilles.fr\/lespillesautrefois\/wp-content\/uploads\/2024\/11\/04-Quartier-du-Portail-1009x1536.jpg 1009w, https:\/\/lespilles.fr\/lespillesautrefois\/wp-content\/uploads\/2024\/11\/04-Quartier-du-Portail-1345x2048.jpg 1345w, https:\/\/lespilles.fr\/lespillesautrefois\/wp-content\/uploads\/2024\/11\/04-Quartier-du-Portail-scaled.jpg 1681w\" sizes=\"auto, (max-width: 197px) 100vw, 197px\" \/><\/a><figcaption class=\"wp-element-caption\">Quartier Portail<\/figcaption><\/figure>\n\n\n\n<figure class=\"wp-block-image size-medium\"><a href=\"https:\/\/lespilles.fr\/lespillesautrefois\/wp-content\/uploads\/2024\/11\/05-Le-Portail-Epicerie-Gondouin-scaled.jpg\" target=\"_blank\"><img loading=\"lazy\" decoding=\"async\" width=\"300\" height=\"189\" data-id=\"2266\" src=\"https:\/\/lespilles.fr\/lespillesautrefois\/wp-content\/uploads\/2024\/11\/05-Le-Portail-Epicerie-Gondouin-300x189.jpg\" alt=\"\" class=\"wp-image-2266\" srcset=\"https:\/\/lespilles.fr\/lespillesautrefois\/wp-content\/uploads\/2024\/11\/05-Le-Portail-Epicerie-Gondouin-300x189.jpg 300w, https:\/\/lespilles.fr\/lespillesautrefois\/wp-content\/uploads\/2024\/11\/05-Le-Portail-Epicerie-Gondouin-1024x647.jpg 1024w, https:\/\/lespilles.fr\/lespillesautrefois\/wp-content\/uploads\/2024\/11\/05-Le-Portail-Epicerie-Gondouin-768x485.jpg 768w, https:\/\/lespilles.fr\/lespillesautrefois\/wp-content\/uploads\/2024\/11\/05-Le-Portail-Epicerie-Gondouin-1536x970.jpg 1536w, https:\/\/lespilles.fr\/lespillesautrefois\/wp-content\/uploads\/2024\/11\/05-Le-Portail-Epicerie-Gondouin-2048x1293.jpg 2048w\" sizes=\"auto, (max-width: 300px) 100vw, 300px\" \/><\/a><figcaption class=\"wp-element-caption\">\u00c9picerie au Portail<\/figcaption><\/figure>\n\n\n\n<figure class=\"wp-block-image size-medium\"><a href=\"https:\/\/lespilles.fr\/lespillesautrefois\/wp-content\/uploads\/2024\/11\/06-Le-Portail-Maison-Brun-scaled.jpg\" target=\"_blank\"><img loading=\"lazy\" decoding=\"async\" width=\"196\" height=\"300\" data-id=\"2267\" src=\"https:\/\/lespilles.fr\/lespillesautrefois\/wp-content\/uploads\/2024\/11\/06-Le-Portail-Maison-Brun-196x300.jpg\" alt=\"\" class=\"wp-image-2267\" srcset=\"https:\/\/lespilles.fr\/lespillesautrefois\/wp-content\/uploads\/2024\/11\/06-Le-Portail-Maison-Brun-196x300.jpg 196w, https:\/\/lespilles.fr\/lespillesautrefois\/wp-content\/uploads\/2024\/11\/06-Le-Portail-Maison-Brun-668x1024.jpg 668w, https:\/\/lespilles.fr\/lespillesautrefois\/wp-content\/uploads\/2024\/11\/06-Le-Portail-Maison-Brun-768x1176.jpg 768w, https:\/\/lespilles.fr\/lespillesautrefois\/wp-content\/uploads\/2024\/11\/06-Le-Portail-Maison-Brun-1003x1536.jpg 1003w, https:\/\/lespilles.fr\/lespillesautrefois\/wp-content\/uploads\/2024\/11\/06-Le-Portail-Maison-Brun-1337x2048.jpg 1337w, https:\/\/lespilles.fr\/lespillesautrefois\/wp-content\/uploads\/2024\/11\/06-Le-Portail-Maison-Brun-scaled.jpg 1671w\" sizes=\"auto, (max-width: 196px) 100vw, 196px\" \/><\/a><figcaption class=\"wp-element-caption\">Maison Brun au Portail<\/figcaption><\/figure>\n\n\n\n<figure class=\"wp-block-image size-medium\"><a href=\"https:\/\/lespilles.fr\/lespillesautrefois\/wp-content\/uploads\/2024\/11\/09-La-Jardiniere-scaled.jpg\" target=\"_blank\"><img loading=\"lazy\" decoding=\"async\" width=\"300\" height=\"188\" data-id=\"2268\" src=\"https:\/\/lespilles.fr\/lespillesautrefois\/wp-content\/uploads\/2024\/11\/09-La-Jardiniere-300x188.jpg\" alt=\"\" class=\"wp-image-2268\" srcset=\"https:\/\/lespilles.fr\/lespillesautrefois\/wp-content\/uploads\/2024\/11\/09-La-Jardiniere-300x188.jpg 300w, https:\/\/lespilles.fr\/lespillesautrefois\/wp-content\/uploads\/2024\/11\/09-La-Jardiniere-1024x643.jpg 1024w, https:\/\/lespilles.fr\/lespillesautrefois\/wp-content\/uploads\/2024\/11\/09-La-Jardiniere-768x482.jpg 768w, https:\/\/lespilles.fr\/lespillesautrefois\/wp-content\/uploads\/2024\/11\/09-La-Jardiniere-1536x964.jpg 1536w, https:\/\/lespilles.fr\/lespillesautrefois\/wp-content\/uploads\/2024\/11\/09-La-Jardiniere-2048x1286.jpg 2048w\" sizes=\"auto, (max-width: 300px) 100vw, 300px\" \/><\/a><figcaption class=\"wp-element-caption\">Quartier de la Jardini\u00e8re<\/figcaption><\/figure>\n\n\n\n<figure class=\"wp-block-image size-medium\"><a href=\"https:\/\/lespilles.fr\/lespillesautrefois\/wp-content\/uploads\/2024\/11\/10-maisons-demolies-scaled.jpg\" target=\"_blank\"><img loading=\"lazy\" decoding=\"async\" width=\"199\" height=\"300\" data-id=\"2269\" src=\"https:\/\/lespilles.fr\/lespillesautrefois\/wp-content\/uploads\/2024\/11\/10-maisons-demolies-199x300.jpg\" alt=\"\" class=\"wp-image-2269\" srcset=\"https:\/\/lespilles.fr\/lespillesautrefois\/wp-content\/uploads\/2024\/11\/10-maisons-demolies-199x300.jpg 199w, https:\/\/lespilles.fr\/lespillesautrefois\/wp-content\/uploads\/2024\/11\/10-maisons-demolies-680x1024.jpg 680w, https:\/\/lespilles.fr\/lespillesautrefois\/wp-content\/uploads\/2024\/11\/10-maisons-demolies-768x1156.jpg 768w, https:\/\/lespilles.fr\/lespillesautrefois\/wp-content\/uploads\/2024\/11\/10-maisons-demolies-1020x1536.jpg 1020w, https:\/\/lespilles.fr\/lespillesautrefois\/wp-content\/uploads\/2024\/11\/10-maisons-demolies-1360x2048.jpg 1360w, https:\/\/lespilles.fr\/lespillesautrefois\/wp-content\/uploads\/2024\/11\/10-maisons-demolies-scaled.jpg 1700w\" sizes=\"auto, (max-width: 199px) 100vw, 199px\" \/><\/a><figcaption class=\"wp-element-caption\">Maisons d\u00e9molies<\/figcaption><\/figure>\n\n\n\n<figure class=\"wp-block-image size-medium\"><a href=\"https:\/\/lespilles.fr\/lespillesautrefois\/wp-content\/uploads\/2024\/11\/11-maison-Ricou-demolie-scaled.jpg\" target=\"_blank\"><img loading=\"lazy\" decoding=\"async\" width=\"199\" height=\"300\" data-id=\"2270\" src=\"https:\/\/lespilles.fr\/lespillesautrefois\/wp-content\/uploads\/2024\/11\/11-maison-Ricou-demolie-199x300.jpg\" alt=\"\" class=\"wp-image-2270\" srcset=\"https:\/\/lespilles.fr\/lespillesautrefois\/wp-content\/uploads\/2024\/11\/11-maison-Ricou-demolie-199x300.jpg 199w, https:\/\/lespilles.fr\/lespillesautrefois\/wp-content\/uploads\/2024\/11\/11-maison-Ricou-demolie-678x1024.jpg 678w, https:\/\/lespilles.fr\/lespillesautrefois\/wp-content\/uploads\/2024\/11\/11-maison-Ricou-demolie-768x1161.jpg 768w, https:\/\/lespilles.fr\/lespillesautrefois\/wp-content\/uploads\/2024\/11\/11-maison-Ricou-demolie-1016x1536.jpg 1016w, https:\/\/lespilles.fr\/lespillesautrefois\/wp-content\/uploads\/2024\/11\/11-maison-Ricou-demolie-1355x2048.jpg 1355w, https:\/\/lespilles.fr\/lespillesautrefois\/wp-content\/uploads\/2024\/11\/11-maison-Ricou-demolie-scaled.jpg 1694w\" sizes=\"auto, (max-width: 199px) 100vw, 199px\" \/><\/a><figcaption class=\"wp-element-caption\">Maison Ricou<\/figcaption><\/figure>\n\n\n\n<figure class=\"wp-block-image size-medium\"><a href=\"https:\/\/lespilles.fr\/lespillesautrefois\/wp-content\/uploads\/2024\/11\/02-Le-village-scaled.jpg\" target=\"_blank\"><img loading=\"lazy\" decoding=\"async\" width=\"300\" height=\"216\" data-id=\"2264\" src=\"https:\/\/lespilles.fr\/lespillesautrefois\/wp-content\/uploads\/2024\/11\/02-Le-village-300x216.jpg\" alt=\"\" class=\"wp-image-2264\" srcset=\"https:\/\/lespilles.fr\/lespillesautrefois\/wp-content\/uploads\/2024\/11\/02-Le-village-300x216.jpg 300w, https:\/\/lespilles.fr\/lespillesautrefois\/wp-content\/uploads\/2024\/11\/02-Le-village-1024x737.jpg 1024w, https:\/\/lespilles.fr\/lespillesautrefois\/wp-content\/uploads\/2024\/11\/02-Le-village-768x553.jpg 768w, https:\/\/lespilles.fr\/lespillesautrefois\/wp-content\/uploads\/2024\/11\/02-Le-village-1536x1106.jpg 1536w, https:\/\/lespilles.fr\/lespillesautrefois\/wp-content\/uploads\/2024\/11\/02-Le-village-2048x1474.jpg 2048w\" sizes=\"auto, (max-width: 300px) 100vw, 300px\" \/><\/a><\/figure>\n<\/figure>\n\n\n\n<h2 class=\"wp-block-heading\">La guerre du tunnel<\/h2>\n\n\n\n<p class=\"has-medium-font-size\">Un projet hallucinant fut \u00e9voqu\u00e9 dans les ann\u00e9es 70 : la destruction de toutes les maisons c\u00f4t\u00e9 Eygues pour agrandir la route ! Rien de moins !<\/p>\n\n\n\n<p class=\"has-medium-font-size\">Il y eut une lev\u00e9e de boucliers pour faire \u00e9chouer ce projet d\u00e9ment, et en particulier l&rsquo;\u00e9dition d&rsquo;un num\u00e9ro sp\u00e9cial de l&rsquo;association Art de Basse-Normandie, par les soins de Mr Ren\u00e9 Le D\u00e9sert, pour d\u00e9noncer un tel massacre.<\/p>\n\n\n\n<h2 class=\"wp-block-heading\">Num\u00e9ro Sp\u00e9cial<\/h2>\n\n\n\n<p class=\"has-medium-font-size\">Pour lire ce num\u00e9ro, cliquez sur&nbsp; <a href=\"https:\/\/lespilles.fr\/lespillesautrefois\/wp-content\/uploads\/2014\/02\/Les-Pilles-Sp\u00e9cial.pdf\">Les Pilles Sp\u00e9cial<\/a><\/p>\n\n\n\n<p><\/p>\n","protected":false},"excerpt":{"rendered":"<p>Avant le tunnel: La guerre du tunnel Un projet hallucinant fut \u00e9voqu\u00e9 dans les ann\u00e9es 70 : la destruction de toutes les maisons c\u00f4t\u00e9 Eygues pour agrandir la route ! Rien de moins ! Il y eut une lev\u00e9e de boucliers pour faire \u00e9chouer ce projet d\u00e9ment, et en particulier l&rsquo;\u00e9dition d&rsquo;un num\u00e9ro sp\u00e9cial de &hellip; <a href=\"http:\/\/lespilles.fr\/lespillesautrefois\/?page_id=59\" class=\"more-link\">Continuer la lecture de <span class=\"screen-reader-text\">Le tunnel<\/span> <span class=\"meta-nav\">&rarr;<\/span><\/a><\/p>\n","protected":false},"author":1,"featured_media":0,"parent":0,"menu_order":0,"comment_status":"closed","ping_status":"open","template":"","meta":{"footnotes":""},"class_list":["post-59","page","type-page","status-publish","hentry"],"_links":{"self":[{"href":"http:\/\/lespilles.fr\/lespillesautrefois\/index.php?rest_route=\/wp\/v2\/pages\/59","targetHints":{"allow":["GET"]}}],"collection":[{"href":"http:\/\/lespilles.fr\/lespillesautrefois\/index.php?rest_route=\/wp\/v2\/pages"}],"about":[{"href":"http:\/\/lespilles.fr\/lespillesautrefois\/index.php?rest_route=\/wp\/v2\/types\/page"}],"author":[{"embeddable":true,"href":"http:\/\/lespilles.fr\/lespillesautrefois\/index.php?rest_route=\/wp\/v2\/users\/1"}],"replies":[{"embeddable":true,"href":"http:\/\/lespilles.fr\/lespillesautrefois\/index.php?rest_route=%2Fwp%2Fv2%2Fcomments&post=59"}],"version-history":[{"count":15,"href":"http:\/\/lespilles.fr\/lespillesautrefois\/index.php?rest_route=\/wp\/v2\/pages\/59\/revisions"}],"predecessor-version":[{"id":2275,"href":"http:\/\/lespilles.fr\/lespillesautrefois\/index.php?rest_route=\/wp\/v2\/pages\/59\/revisions\/2275"}],"wp:attachment":[{"href":"http:\/\/lespilles.fr\/lespillesautrefois\/index.php?rest_route=%2Fwp%2Fv2%2Fmedia&parent=59"}],"curies":[{"name":"wp","href":"https:\/\/api.w.org\/{rel}","templated":true}]}}