{"id":50,"date":"2014-02-03T15:48:43","date_gmt":"2014-02-03T14:48:43","guid":{"rendered":"http:\/\/lespilles.fr\/lespillesautrefois\/?page_id=50"},"modified":"2024-11-28T17:06:19","modified_gmt":"2024-11-28T16:06:19","slug":"lavoirs","status":"publish","type":"page","link":"http:\/\/lespilles.fr\/lespillesautrefois\/?page_id=50","title":{"rendered":"Lavoirs"},"content":{"rendered":"\n<p>Il y avait encore r\u00e9cemment 4 lavoirs (dont 3 couverts) dans le village :<\/p>\n\n\n\n<p>&#8211;&nbsp;&nbsp;&nbsp; Celui du quartier St-Denis fut d\u00e9truit lors de la construction de la place &#8230;.qui s&rsquo;effondra peu de temps apr\u00e8s sa r\u00e9alisation !<\/p>\n\n\n\n<p>&#8211;&nbsp; &nbsp; Celui du quartier du Portail qui disparut sous les assauts des engins de d\u00e9molition pour la construction du tunnel.<\/p>\n\n\n\n<p>&#8211;&nbsp;&nbsp;&nbsp; Celui de l&rsquo;\u00e9glise qui fut d\u00e9truit sans raison v\u00e9ritable !<\/p>\n\n\n\n<p>&#8211;&nbsp;&nbsp;&nbsp; Ne reste que le lavoir de la rue de la Combe &#8230;.<\/p>\n\n\n\n<figure class=\"wp-block-gallery has-nested-images columns-2 is-cropped wp-block-gallery-1 is-layout-flex wp-block-gallery-is-layout-flex\">\n<figure class=\"wp-block-image size-medium\"><a href=\"https:\/\/lespilles.fr\/lespillesautrefois\/wp-content\/uploads\/2024\/11\/Lavoir-du-Portail-1-scaled.jpg\" target=\"_blank\"><img loading=\"lazy\" decoding=\"async\" width=\"199\" height=\"300\" data-id=\"2156\" src=\"https:\/\/lespilles.fr\/lespillesautrefois\/wp-content\/uploads\/2024\/11\/Lavoir-du-Portail-1-199x300.jpg\" alt=\"\" class=\"wp-image-2156\" srcset=\"https:\/\/lespilles.fr\/lespillesautrefois\/wp-content\/uploads\/2024\/11\/Lavoir-du-Portail-1-199x300.jpg 199w, https:\/\/lespilles.fr\/lespillesautrefois\/wp-content\/uploads\/2024\/11\/Lavoir-du-Portail-1-678x1024.jpg 678w, https:\/\/lespilles.fr\/lespillesautrefois\/wp-content\/uploads\/2024\/11\/Lavoir-du-Portail-1-768x1161.jpg 768w, https:\/\/lespilles.fr\/lespillesautrefois\/wp-content\/uploads\/2024\/11\/Lavoir-du-Portail-1-1016x1536.jpg 1016w, https:\/\/lespilles.fr\/lespillesautrefois\/wp-content\/uploads\/2024\/11\/Lavoir-du-Portail-1-1355x2048.jpg 1355w, https:\/\/lespilles.fr\/lespillesautrefois\/wp-content\/uploads\/2024\/11\/Lavoir-du-Portail-1-scaled.jpg 1694w\" sizes=\"auto, (max-width: 199px) 100vw, 199px\" \/><\/a><figcaption class=\"wp-element-caption\">Quartier du Portail<\/figcaption><\/figure>\n\n\n\n<figure class=\"wp-block-image size-medium\"><a href=\"https:\/\/lespilles.fr\/lespillesautrefois\/wp-content\/uploads\/2024\/11\/Lavoir-du-Portail-2-scaled.jpg\" target=\"_blank\"><img loading=\"lazy\" decoding=\"async\" width=\"300\" height=\"191\" data-id=\"2157\" src=\"https:\/\/lespilles.fr\/lespillesautrefois\/wp-content\/uploads\/2024\/11\/Lavoir-du-Portail-2-300x191.jpg\" alt=\"\" class=\"wp-image-2157\" srcset=\"https:\/\/lespilles.fr\/lespillesautrefois\/wp-content\/uploads\/2024\/11\/Lavoir-du-Portail-2-300x191.jpg 300w, https:\/\/lespilles.fr\/lespillesautrefois\/wp-content\/uploads\/2024\/11\/Lavoir-du-Portail-2-1024x653.jpg 1024w, https:\/\/lespilles.fr\/lespillesautrefois\/wp-content\/uploads\/2024\/11\/Lavoir-du-Portail-2-768x490.jpg 768w, https:\/\/lespilles.fr\/lespillesautrefois\/wp-content\/uploads\/2024\/11\/Lavoir-du-Portail-2-1536x980.jpg 1536w, https:\/\/lespilles.fr\/lespillesautrefois\/wp-content\/uploads\/2024\/11\/Lavoir-du-Portail-2-2048x1306.jpg 2048w\" sizes=\"auto, (max-width: 300px) 100vw, 300px\" \/><\/a><figcaption class=\"wp-element-caption\">Quartier du Portail<\/figcaption><\/figure>\n\n\n\n<figure class=\"wp-block-image size-medium\"><a href=\"https:\/\/lespilles.fr\/lespillesautrefois\/wp-content\/uploads\/2024\/11\/Lavoir-St-Denis-1.jpg\" target=\"_blank\"><img loading=\"lazy\" decoding=\"async\" width=\"300\" height=\"295\" data-id=\"2158\" src=\"https:\/\/lespilles.fr\/lespillesautrefois\/wp-content\/uploads\/2024\/11\/Lavoir-St-Denis-1-300x295.jpg\" alt=\"\" class=\"wp-image-2158\" srcset=\"https:\/\/lespilles.fr\/lespillesautrefois\/wp-content\/uploads\/2024\/11\/Lavoir-St-Denis-1-300x295.jpg 300w, https:\/\/lespilles.fr\/lespillesautrefois\/wp-content\/uploads\/2024\/11\/Lavoir-St-Denis-1-1024x1005.jpg 1024w, https:\/\/lespilles.fr\/lespillesautrefois\/wp-content\/uploads\/2024\/11\/Lavoir-St-Denis-1-768x754.jpg 768w, https:\/\/lespilles.fr\/lespillesautrefois\/wp-content\/uploads\/2024\/11\/Lavoir-St-Denis-1.jpg 1327w\" sizes=\"auto, (max-width: 300px) 100vw, 300px\" \/><\/a><figcaption class=\"wp-element-caption\">Place st Denis<\/figcaption><\/figure>\n\n\n\n<figure class=\"wp-block-image size-medium\"><a href=\"https:\/\/lespilles.fr\/lespillesautrefois\/wp-content\/uploads\/2024\/11\/Lavoir-st-Denis-2.jpg\" target=\"_blank\"><img loading=\"lazy\" decoding=\"async\" width=\"230\" height=\"300\" data-id=\"2159\" src=\"https:\/\/lespilles.fr\/lespillesautrefois\/wp-content\/uploads\/2024\/11\/Lavoir-st-Denis-2-230x300.jpg\" alt=\"\" class=\"wp-image-2159\" srcset=\"https:\/\/lespilles.fr\/lespillesautrefois\/wp-content\/uploads\/2024\/11\/Lavoir-st-Denis-2-230x300.jpg 230w, https:\/\/lespilles.fr\/lespillesautrefois\/wp-content\/uploads\/2024\/11\/Lavoir-st-Denis-2-785x1024.jpg 785w, https:\/\/lespilles.fr\/lespillesautrefois\/wp-content\/uploads\/2024\/11\/Lavoir-st-Denis-2-768x1002.jpg 768w, https:\/\/lespilles.fr\/lespillesautrefois\/wp-content\/uploads\/2024\/11\/Lavoir-st-Denis-2.jpg 867w\" sizes=\"auto, (max-width: 230px) 100vw, 230px\" \/><\/a><figcaption class=\"wp-element-caption\">Place st Denis<\/figcaption><\/figure>\n<\/figure>\n","protected":false},"excerpt":{"rendered":"<p>Il y avait encore r\u00e9cemment 4 lavoirs (dont 3 couverts) dans le village : &#8211;&nbsp;&nbsp;&nbsp; Celui du quartier St-Denis fut d\u00e9truit lors de la construction de la place &#8230;.qui s&rsquo;effondra peu de temps apr\u00e8s sa r\u00e9alisation ! &#8211;&nbsp; &nbsp; Celui du quartier du Portail qui disparut sous les assauts des engins de d\u00e9molition pour la &hellip; <a href=\"http:\/\/lespilles.fr\/lespillesautrefois\/?page_id=50\" class=\"more-link\">Continuer la lecture de <span class=\"screen-reader-text\">Lavoirs<\/span> <span class=\"meta-nav\">&rarr;<\/span><\/a><\/p>\n","protected":false},"author":1,"featured_media":0,"parent":0,"menu_order":0,"comment_status":"closed","ping_status":"open","template":"","meta":{"footnotes":""},"class_list":["post-50","page","type-page","status-publish","hentry"],"_links":{"self":[{"href":"http:\/\/lespilles.fr\/lespillesautrefois\/index.php?rest_route=\/wp\/v2\/pages\/50","targetHints":{"allow":["GET"]}}],"collection":[{"href":"http:\/\/lespilles.fr\/lespillesautrefois\/index.php?rest_route=\/wp\/v2\/pages"}],"about":[{"href":"http:\/\/lespilles.fr\/lespillesautrefois\/index.php?rest_route=\/wp\/v2\/types\/page"}],"author":[{"embeddable":true,"href":"http:\/\/lespilles.fr\/lespillesautrefois\/index.php?rest_route=\/wp\/v2\/users\/1"}],"replies":[{"embeddable":true,"href":"http:\/\/lespilles.fr\/lespillesautrefois\/index.php?rest_route=%2Fwp%2Fv2%2Fcomments&post=50"}],"version-history":[{"count":7,"href":"http:\/\/lespilles.fr\/lespillesautrefois\/index.php?rest_route=\/wp\/v2\/pages\/50\/revisions"}],"predecessor-version":[{"id":2194,"href":"http:\/\/lespilles.fr\/lespillesautrefois\/index.php?rest_route=\/wp\/v2\/pages\/50\/revisions\/2194"}],"wp:attachment":[{"href":"http:\/\/lespilles.fr\/lespillesautrefois\/index.php?rest_route=%2Fwp%2Fv2%2Fmedia&parent=50"}],"curies":[{"name":"wp","href":"https:\/\/api.w.org\/{rel}","templated":true}]}}