{"id":5,"date":"2014-02-03T15:26:06","date_gmt":"2014-02-03T14:26:06","guid":{"rendered":"http:\/\/lespilles.fr\/lespillesautrefois\/?page_id=5"},"modified":"2024-11-28T16:31:22","modified_gmt":"2024-11-28T15:31:22","slug":"cartes-postales","status":"publish","type":"page","link":"http:\/\/lespilles.fr\/lespillesautrefois\/?page_id=5","title":{"rendered":"Cartes Postales"},"content":{"rendered":"\n<p>Une page o\u00f9 l&rsquo;on trouvera plein de jolies cartes postales class\u00e9es en 3 diaporamas:<\/p>\n\n\n\n<p>&#8211;&nbsp;&nbsp;&nbsp;&nbsp; Vues g\u00e9n\u00e9rales : Les Pilles avant 1944 <\/p>\n\n\n\n<figure class=\"wp-block-gallery has-nested-images columns-default is-cropped wp-block-gallery-1 is-layout-flex wp-block-gallery-is-layout-flex\">\n<figure class=\"wp-block-image size-medium\"><a href=\"https:\/\/lespilles.fr\/lespillesautrefois\/wp-content\/uploads\/2024\/11\/01-Vue-generale-Ouest-1.jpg\" target=\"_blank\"><img loading=\"lazy\" decoding=\"async\" width=\"300\" height=\"188\" data-id=\"1986\" src=\"https:\/\/lespilles.fr\/lespillesautrefois\/wp-content\/uploads\/2024\/11\/01-Vue-generale-Ouest-1-300x188.jpg\" alt=\"\" class=\"wp-image-1986\" srcset=\"https:\/\/lespilles.fr\/lespillesautrefois\/wp-content\/uploads\/2024\/11\/01-Vue-generale-Ouest-1-300x188.jpg 300w, https:\/\/lespilles.fr\/lespillesautrefois\/wp-content\/uploads\/2024\/11\/01-Vue-generale-Ouest-1-768x482.jpg 768w, https:\/\/lespilles.fr\/lespillesautrefois\/wp-content\/uploads\/2024\/11\/01-Vue-generale-Ouest-1.jpg 1024w\" sizes=\"auto, (max-width: 300px) 100vw, 300px\" \/><\/a><\/figure>\n\n\n\n<figure class=\"wp-block-image size-medium\"><a href=\"https:\/\/lespilles.fr\/lespillesautrefois\/wp-content\/uploads\/2024\/11\/01-Vue-generale-Ouest-scaled.jpg\" target=\"_blank\"><img loading=\"lazy\" decoding=\"async\" width=\"300\" height=\"186\" data-id=\"1987\" src=\"https:\/\/lespilles.fr\/lespillesautrefois\/wp-content\/uploads\/2024\/11\/01-Vue-generale-Ouest-300x186.jpg\" alt=\"\" class=\"wp-image-1987\" srcset=\"https:\/\/lespilles.fr\/lespillesautrefois\/wp-content\/uploads\/2024\/11\/01-Vue-generale-Ouest-300x186.jpg 300w, https:\/\/lespilles.fr\/lespillesautrefois\/wp-content\/uploads\/2024\/11\/01-Vue-generale-Ouest-1024x633.jpg 1024w, https:\/\/lespilles.fr\/lespillesautrefois\/wp-content\/uploads\/2024\/11\/01-Vue-generale-Ouest-768x475.jpg 768w, https:\/\/lespilles.fr\/lespillesautrefois\/wp-content\/uploads\/2024\/11\/01-Vue-generale-Ouest-1536x950.jpg 1536w, https:\/\/lespilles.fr\/lespillesautrefois\/wp-content\/uploads\/2024\/11\/01-Vue-generale-Ouest-2048x1266.jpg 2048w\" sizes=\"auto, (max-width: 300px) 100vw, 300px\" \/><\/a><\/figure>\n\n\n\n<figure class=\"wp-block-image size-medium\"><a href=\"https:\/\/lespilles.fr\/lespillesautrefois\/wp-content\/uploads\/2024\/11\/1-Vue-des-Pres-du-Beal-copie.jpg\" target=\"_blank\"><img loading=\"lazy\" decoding=\"async\" width=\"300\" height=\"175\" data-id=\"1989\" src=\"https:\/\/lespilles.fr\/lespillesautrefois\/wp-content\/uploads\/2024\/11\/1-Vue-des-Pres-du-Beal-copie-300x175.jpg\" alt=\"\" class=\"wp-image-1989\" srcset=\"https:\/\/lespilles.fr\/lespillesautrefois\/wp-content\/uploads\/2024\/11\/1-Vue-des-Pres-du-Beal-copie-300x175.jpg 300w, https:\/\/lespilles.fr\/lespillesautrefois\/wp-content\/uploads\/2024\/11\/1-Vue-des-Pres-du-Beal-copie-1024x597.jpg 1024w, https:\/\/lespilles.fr\/lespillesautrefois\/wp-content\/uploads\/2024\/11\/1-Vue-des-Pres-du-Beal-copie-768x448.jpg 768w, https:\/\/lespilles.fr\/lespillesautrefois\/wp-content\/uploads\/2024\/11\/1-Vue-des-Pres-du-Beal-copie-1536x896.jpg 1536w, https:\/\/lespilles.fr\/lespillesautrefois\/wp-content\/uploads\/2024\/11\/1-Vue-des-Pres-du-Beal-copie.jpg 1800w\" sizes=\"auto, (max-width: 300px) 100vw, 300px\" \/><\/a><\/figure>\n<\/figure>\n\n\n\n<p>&#8211;&nbsp;&nbsp;&nbsp;&nbsp;&nbsp; Vues g\u00e9n\u00e9rales du village apr\u00e8s 1944<\/p>\n\n\n\n<figure class=\"wp-block-gallery has-nested-images columns-default is-cropped wp-block-gallery-2 is-layout-flex wp-block-gallery-is-layout-flex\">\n<figure class=\"wp-block-image size-medium\"><a href=\"https:\/\/lespilles.fr\/lespillesautrefois\/wp-content\/uploads\/2024\/11\/01-Vue-Generale.jpg\" target=\"_blank\"><img loading=\"lazy\" decoding=\"async\" width=\"300\" height=\"188\" data-id=\"1988\" src=\"https:\/\/lespilles.fr\/lespillesautrefois\/wp-content\/uploads\/2024\/11\/01-Vue-Generale-300x188.jpg\" alt=\"\" class=\"wp-image-1988\" srcset=\"https:\/\/lespilles.fr\/lespillesautrefois\/wp-content\/uploads\/2024\/11\/01-Vue-Generale-300x188.jpg 300w, https:\/\/lespilles.fr\/lespillesautrefois\/wp-content\/uploads\/2024\/11\/01-Vue-Generale-768x482.jpg 768w, https:\/\/lespilles.fr\/lespillesautrefois\/wp-content\/uploads\/2024\/11\/01-Vue-Generale.jpg 1024w\" sizes=\"auto, (max-width: 300px) 100vw, 300px\" \/><\/a><\/figure>\n\n\n\n<figure class=\"wp-block-image size-medium\"><a href=\"https:\/\/lespilles.fr\/lespillesautrefois\/wp-content\/uploads\/2024\/11\/02-Vue-aerienne.jpg\" target=\"_blank\"><img loading=\"lazy\" decoding=\"async\" width=\"300\" height=\"185\" data-id=\"1992\" src=\"https:\/\/lespilles.fr\/lespillesautrefois\/wp-content\/uploads\/2024\/11\/02-Vue-aerienne-300x185.jpg\" alt=\"\" class=\"wp-image-1992\" srcset=\"https:\/\/lespilles.fr\/lespillesautrefois\/wp-content\/uploads\/2024\/11\/02-Vue-aerienne-300x185.jpg 300w, https:\/\/lespilles.fr\/lespillesautrefois\/wp-content\/uploads\/2024\/11\/02-Vue-aerienne-768x475.jpg 768w, https:\/\/lespilles.fr\/lespillesautrefois\/wp-content\/uploads\/2024\/11\/02-Vue-aerienne.jpg 1024w\" sizes=\"auto, (max-width: 300px) 100vw, 300px\" \/><\/a><\/figure>\n\n\n\n<figure class=\"wp-block-image size-medium\"><a href=\"https:\/\/lespilles.fr\/lespillesautrefois\/wp-content\/uploads\/2024\/11\/2-Vue-aerienne.jpg\" target=\"_blank\"><img loading=\"lazy\" decoding=\"async\" width=\"300\" height=\"199\" data-id=\"1995\" src=\"https:\/\/lespilles.fr\/lespillesautrefois\/wp-content\/uploads\/2024\/11\/2-Vue-aerienne-300x199.jpg\" alt=\"\" class=\"wp-image-1995\" srcset=\"https:\/\/lespilles.fr\/lespillesautrefois\/wp-content\/uploads\/2024\/11\/2-Vue-aerienne-300x199.jpg 300w, https:\/\/lespilles.fr\/lespillesautrefois\/wp-content\/uploads\/2024\/11\/2-Vue-aerienne-768x510.jpg 768w, https:\/\/lespilles.fr\/lespillesautrefois\/wp-content\/uploads\/2024\/11\/2-Vue-aerienne.jpg 798w\" sizes=\"auto, (max-width: 300px) 100vw, 300px\" \/><\/a><\/figure>\n\n\n\n<figure class=\"wp-block-image size-medium\"><a href=\"https:\/\/lespilles.fr\/lespillesautrefois\/wp-content\/uploads\/2024\/11\/2-Souvenir-2.jpg\" target=\"_blank\"><img loading=\"lazy\" decoding=\"async\" width=\"300\" height=\"207\" data-id=\"1994\" src=\"https:\/\/lespilles.fr\/lespillesautrefois\/wp-content\/uploads\/2024\/11\/2-Souvenir-2-300x207.jpg\" alt=\"\" class=\"wp-image-1994\" srcset=\"https:\/\/lespilles.fr\/lespillesautrefois\/wp-content\/uploads\/2024\/11\/2-Souvenir-2-300x207.jpg 300w, https:\/\/lespilles.fr\/lespillesautrefois\/wp-content\/uploads\/2024\/11\/2-Souvenir-2-768x530.jpg 768w, https:\/\/lespilles.fr\/lespillesautrefois\/wp-content\/uploads\/2024\/11\/2-Souvenir-2.jpg 1024w\" sizes=\"auto, (max-width: 300px) 100vw, 300px\" \/><\/a><\/figure>\n\n\n\n<figure class=\"wp-block-image size-medium\"><a href=\"https:\/\/lespilles.fr\/lespillesautrefois\/wp-content\/uploads\/2024\/11\/2-Souvenir-1.jpg\" target=\"_blank\"><img loading=\"lazy\" decoding=\"async\" width=\"300\" height=\"206\" data-id=\"1993\" src=\"https:\/\/lespilles.fr\/lespillesautrefois\/wp-content\/uploads\/2024\/11\/2-Souvenir-1-300x206.jpg\" alt=\"\" class=\"wp-image-1993\" srcset=\"https:\/\/lespilles.fr\/lespillesautrefois\/wp-content\/uploads\/2024\/11\/2-Souvenir-1-300x206.jpg 300w, https:\/\/lespilles.fr\/lespillesautrefois\/wp-content\/uploads\/2024\/11\/2-Souvenir-1-768x527.jpg 768w, https:\/\/lespilles.fr\/lespillesautrefois\/wp-content\/uploads\/2024\/11\/2-Souvenir-1.jpg 1024w\" sizes=\"auto, (max-width: 300px) 100vw, 300px\" \/><\/a><\/figure>\n\n\n\n<figure class=\"wp-block-image size-medium\"><a href=\"https:\/\/lespilles.fr\/lespillesautrefois\/wp-content\/uploads\/2024\/11\/2-Vue-generale-Ouest.jpg\" target=\"_blank\"><img loading=\"lazy\" decoding=\"async\" width=\"300\" height=\"204\" data-id=\"1997\" src=\"https:\/\/lespilles.fr\/lespillesautrefois\/wp-content\/uploads\/2024\/11\/2-Vue-generale-Ouest-300x204.jpg\" alt=\"\" class=\"wp-image-1997\" srcset=\"https:\/\/lespilles.fr\/lespillesautrefois\/wp-content\/uploads\/2024\/11\/2-Vue-generale-Ouest-300x204.jpg 300w, https:\/\/lespilles.fr\/lespillesautrefois\/wp-content\/uploads\/2024\/11\/2-Vue-generale-Ouest-768x522.jpg 768w, https:\/\/lespilles.fr\/lespillesautrefois\/wp-content\/uploads\/2024\/11\/2-Vue-generale-Ouest.jpg 1024w\" sizes=\"auto, (max-width: 300px) 100vw, 300px\" \/><\/a><\/figure>\n<\/figure>\n\n\n\n<p>&nbsp;&#8211;&nbsp;&nbsp;&nbsp;&nbsp;&nbsp; Vues de diff\u00e9rents quartiers du village<\/p>\n\n\n\n<figure class=\"wp-block-gallery has-nested-images columns-2 is-cropped wp-block-gallery-3 is-layout-flex wp-block-gallery-is-layout-flex\">\n<figure class=\"wp-block-image size-medium\"><a href=\"https:\/\/lespilles.fr\/lespillesautrefois\/wp-content\/uploads\/2024\/11\/03-Rocher-de-lAiguille.jpg\" target=\"_blank\"><img loading=\"lazy\" decoding=\"async\" width=\"300\" height=\"179\" data-id=\"2000\" src=\"https:\/\/lespilles.fr\/lespillesautrefois\/wp-content\/uploads\/2024\/11\/03-Rocher-de-lAiguille-300x179.jpg\" alt=\"\" class=\"wp-image-2000\" srcset=\"https:\/\/lespilles.fr\/lespillesautrefois\/wp-content\/uploads\/2024\/11\/03-Rocher-de-lAiguille-300x179.jpg 300w, https:\/\/lespilles.fr\/lespillesautrefois\/wp-content\/uploads\/2024\/11\/03-Rocher-de-lAiguille-768x458.jpg 768w, https:\/\/lespilles.fr\/lespillesautrefois\/wp-content\/uploads\/2024\/11\/03-Rocher-de-lAiguille.jpg 1024w\" sizes=\"auto, (max-width: 300px) 100vw, 300px\" \/><\/a><\/figure>\n\n\n\n<figure class=\"wp-block-image size-medium\"><a href=\"https:\/\/lespilles.fr\/lespillesautrefois\/wp-content\/uploads\/2024\/11\/3-carte-postale1905.jpg\" target=\"_blank\"><img loading=\"lazy\" decoding=\"async\" width=\"197\" height=\"300\" data-id=\"2001\" src=\"https:\/\/lespilles.fr\/lespillesautrefois\/wp-content\/uploads\/2024\/11\/3-carte-postale1905-197x300.jpg\" alt=\"\" class=\"wp-image-2001\" srcset=\"https:\/\/lespilles.fr\/lespillesautrefois\/wp-content\/uploads\/2024\/11\/3-carte-postale1905-197x300.jpg 197w, https:\/\/lespilles.fr\/lespillesautrefois\/wp-content\/uploads\/2024\/11\/3-carte-postale1905.jpg 348w\" sizes=\"auto, (max-width: 197px) 100vw, 197px\" \/><\/a><\/figure>\n\n\n\n<figure class=\"wp-block-image size-medium\"><a href=\"https:\/\/lespilles.fr\/lespillesautrefois\/wp-content\/uploads\/2024\/11\/3-Quartier-de-la-Jardinerie.jpg\" target=\"_blank\"><img loading=\"lazy\" decoding=\"async\" width=\"187\" height=\"300\" data-id=\"2003\" src=\"https:\/\/lespilles.fr\/lespillesautrefois\/wp-content\/uploads\/2024\/11\/3-Quartier-de-la-Jardinerie-187x300.jpg\" alt=\"\" class=\"wp-image-2003\" srcset=\"https:\/\/lespilles.fr\/lespillesautrefois\/wp-content\/uploads\/2024\/11\/3-Quartier-de-la-Jardinerie-187x300.jpg 187w, https:\/\/lespilles.fr\/lespillesautrefois\/wp-content\/uploads\/2024\/11\/3-Quartier-de-la-Jardinerie.jpg 639w\" sizes=\"auto, (max-width: 187px) 100vw, 187px\" \/><\/a><\/figure>\n\n\n\n<figure class=\"wp-block-image size-medium\"><a href=\"https:\/\/lespilles.fr\/lespillesautrefois\/wp-content\/uploads\/2024\/11\/3-Quartier-du-Portail.jpg\" target=\"_blank\"><img loading=\"lazy\" decoding=\"async\" width=\"300\" height=\"181\" data-id=\"2005\" src=\"https:\/\/lespilles.fr\/lespillesautrefois\/wp-content\/uploads\/2024\/11\/3-Quartier-du-Portail-300x181.jpg\" alt=\"\" class=\"wp-image-2005\" srcset=\"https:\/\/lespilles.fr\/lespillesautrefois\/wp-content\/uploads\/2024\/11\/3-Quartier-du-Portail-300x181.jpg 300w, https:\/\/lespilles.fr\/lespillesautrefois\/wp-content\/uploads\/2024\/11\/3-Quartier-du-Portail-768x464.jpg 768w, https:\/\/lespilles.fr\/lespillesautrefois\/wp-content\/uploads\/2024\/11\/3-Quartier-du-Portail.jpg 1024w\" sizes=\"auto, (max-width: 300px) 100vw, 300px\" \/><\/a><\/figure>\n\n\n\n<figure class=\"wp-block-image size-medium\"><a href=\"https:\/\/lespilles.fr\/lespillesautrefois\/wp-content\/uploads\/2024\/11\/3a-Quartier-St-Denis.jpg\" target=\"_blank\"><img loading=\"lazy\" decoding=\"async\" width=\"300\" height=\"201\" data-id=\"2006\" src=\"https:\/\/lespilles.fr\/lespillesautrefois\/wp-content\/uploads\/2024\/11\/3a-Quartier-St-Denis-300x201.jpg\" alt=\"\" class=\"wp-image-2006\" srcset=\"https:\/\/lespilles.fr\/lespillesautrefois\/wp-content\/uploads\/2024\/11\/3a-Quartier-St-Denis-300x201.jpg 300w, https:\/\/lespilles.fr\/lespillesautrefois\/wp-content\/uploads\/2024\/11\/3a-Quartier-St-Denis-768x515.jpg 768w, https:\/\/lespilles.fr\/lespillesautrefois\/wp-content\/uploads\/2024\/11\/3a-Quartier-St-Denis.jpg 1024w\" sizes=\"auto, (max-width: 300px) 100vw, 300px\" \/><\/a><\/figure>\n\n\n\n<figure class=\"wp-block-image size-medium\"><a href=\"https:\/\/lespilles.fr\/lespillesautrefois\/wp-content\/uploads\/2024\/11\/3-Quartier-de-leglise.jpg\" target=\"_blank\"><img loading=\"lazy\" decoding=\"async\" width=\"193\" height=\"300\" data-id=\"2004\" src=\"https:\/\/lespilles.fr\/lespillesautrefois\/wp-content\/uploads\/2024\/11\/3-Quartier-de-leglise-193x300.jpg\" alt=\"\" class=\"wp-image-2004\" srcset=\"https:\/\/lespilles.fr\/lespillesautrefois\/wp-content\/uploads\/2024\/11\/3-Quartier-de-leglise-193x300.jpg 193w, https:\/\/lespilles.fr\/lespillesautrefois\/wp-content\/uploads\/2024\/11\/3-Quartier-de-leglise.jpg 658w\" sizes=\"auto, (max-width: 193px) 100vw, 193px\" \/><\/a><\/figure>\n\n\n\n<figure class=\"wp-block-image size-medium\"><a href=\"https:\/\/lespilles.fr\/lespillesautrefois\/wp-content\/uploads\/2024\/11\/le-portail-2.jpg\" target=\"_blank\"><img loading=\"lazy\" decoding=\"async\" width=\"300\" height=\"185\" data-id=\"2007\" src=\"https:\/\/lespilles.fr\/lespillesautrefois\/wp-content\/uploads\/2024\/11\/le-portail-2-300x185.jpg\" alt=\"\" class=\"wp-image-2007\" srcset=\"https:\/\/lespilles.fr\/lespillesautrefois\/wp-content\/uploads\/2024\/11\/le-portail-2-300x185.jpg 300w, https:\/\/lespilles.fr\/lespillesautrefois\/wp-content\/uploads\/2024\/11\/le-portail-2-1024x633.jpg 1024w, https:\/\/lespilles.fr\/lespillesautrefois\/wp-content\/uploads\/2024\/11\/le-portail-2-768x474.jpg 768w, https:\/\/lespilles.fr\/lespillesautrefois\/wp-content\/uploads\/2024\/11\/le-portail-2-1536x949.jpg 1536w, https:\/\/lespilles.fr\/lespillesautrefois\/wp-content\/uploads\/2024\/11\/le-portail-2-2048x1265.jpg 2048w\" sizes=\"auto, (max-width: 300px) 100vw, 300px\" \/><\/a><\/figure>\n\n\n\n<figure class=\"wp-block-image size-medium\"><a href=\"https:\/\/lespilles.fr\/lespillesautrefois\/wp-content\/uploads\/2024\/11\/3-Monuments-aux-Morts.jpg\" target=\"_blank\"><img loading=\"lazy\" decoding=\"async\" width=\"189\" height=\"300\" data-id=\"2002\" src=\"https:\/\/lespilles.fr\/lespillesautrefois\/wp-content\/uploads\/2024\/11\/3-Monuments-aux-Morts-189x300.jpg\" alt=\"\" class=\"wp-image-2002\" srcset=\"https:\/\/lespilles.fr\/lespillesautrefois\/wp-content\/uploads\/2024\/11\/3-Monuments-aux-Morts-189x300.jpg 189w, https:\/\/lespilles.fr\/lespillesautrefois\/wp-content\/uploads\/2024\/11\/3-Monuments-aux-Morts.jpg 644w\" sizes=\"auto, (max-width: 189px) 100vw, 189px\" \/><\/a><\/figure>\n<\/figure>\n\n\n\n<p><\/p>\n\n\n\n<p>&nbsp;<\/p>\n\n\n\n<p><\/p>\n\n\n\n<p>&nbsp;<\/p>\n\n\n\n<p><\/p>\n\n\n\n<p>&nbsp;<\/p>\n\n\n\n<p>&nbsp;<\/p>\n\n\n\n<p>&nbsp;<\/p>\n\n\n\n<p>&nbsp;<\/p>\n\n\n\n<p>&nbsp;<\/p>\n\n\n\n<p>&nbsp;<\/p>\n\n\n\n<p><\/p>\n","protected":false},"excerpt":{"rendered":"<p>Une page o\u00f9 l&rsquo;on trouvera plein de jolies cartes postales class\u00e9es en 3 diaporamas: &#8211;&nbsp;&nbsp;&nbsp;&nbsp; Vues g\u00e9n\u00e9rales : Les Pilles avant 1944 &#8211;&nbsp;&nbsp;&nbsp;&nbsp;&nbsp; Vues g\u00e9n\u00e9rales du village apr\u00e8s 1944 &nbsp;&#8211;&nbsp;&nbsp;&nbsp;&nbsp;&nbsp; Vues de diff\u00e9rents quartiers du village &nbsp; &nbsp; &nbsp; &nbsp; &nbsp; &nbsp; &nbsp; &nbsp;<\/p>\n","protected":false},"author":1,"featured_media":0,"parent":0,"menu_order":0,"comment_status":"closed","ping_status":"open","template":"","meta":{"footnotes":""},"class_list":["post-5","page","type-page","status-publish","hentry"],"_links":{"self":[{"href":"http:\/\/lespilles.fr\/lespillesautrefois\/index.php?rest_route=\/wp\/v2\/pages\/5","targetHints":{"allow":["GET"]}}],"collection":[{"href":"http:\/\/lespilles.fr\/lespillesautrefois\/index.php?rest_route=\/wp\/v2\/pages"}],"about":[{"href":"http:\/\/lespilles.fr\/lespillesautrefois\/index.php?rest_route=\/wp\/v2\/types\/page"}],"author":[{"embeddable":true,"href":"http:\/\/lespilles.fr\/lespillesautrefois\/index.php?rest_route=\/wp\/v2\/users\/1"}],"replies":[{"embeddable":true,"href":"http:\/\/lespilles.fr\/lespillesautrefois\/index.php?rest_route=%2Fwp%2Fv2%2Fcomments&post=5"}],"version-history":[{"count":25,"href":"http:\/\/lespilles.fr\/lespillesautrefois\/index.php?rest_route=\/wp\/v2\/pages\/5\/revisions"}],"predecessor-version":[{"id":2183,"href":"http:\/\/lespilles.fr\/lespillesautrefois\/index.php?rest_route=\/wp\/v2\/pages\/5\/revisions\/2183"}],"wp:attachment":[{"href":"http:\/\/lespilles.fr\/lespillesautrefois\/index.php?rest_route=%2Fwp%2Fv2%2Fmedia&parent=5"}],"curies":[{"name":"wp","href":"https:\/\/api.w.org\/{rel}","templated":true}]}}