{"id":48,"date":"2014-02-03T15:48:14","date_gmt":"2014-02-03T14:48:14","guid":{"rendered":"http:\/\/lespilles.fr\/lespillesautrefois\/?page_id=48"},"modified":"2017-11-10T12:50:29","modified_gmt":"2017-11-10T11:50:29","slug":"patrimoine-divers","status":"publish","type":"page","link":"http:\/\/lespilles.fr\/lespillesautrefois\/?page_id=48","title":{"rendered":"Patrimoine divers\u00a0"},"content":{"rendered":"<p>Ce dimanche 5 novembre 2017, \u00e0 l&rsquo;occasion de la Foire des Pilles, 12 personnes ont r\u00e9pondu \u00e0 l&rsquo;appel des derniers oiseaux migrateurs et des premiers hivernants.<\/p>\n<p>La sortie s&rsquo;est d\u00e9roul\u00e9e au lieudit les Tuili\u00e8res, rive gauche de l&rsquo;Eygues, en amont du village des Pilles. Ce petit secteur agricole et mara\u00eecher est riche en oiseaux, en particulier en hiver, du fait de sa physionomie vari\u00e9es de cultures, vergers, friches, haies&#8230;<\/p>\n<p>La proximit\u00e9 de l&rsquo;Eygues, des for\u00eats et des falaises, permet d&rsquo;observer des esp\u00e8ces de cort\u00e8ges diff\u00e9rents : oiseaux d&rsquo;eau, forestiers et rupicoles, d&rsquo;o\u00f9 le nombre important d&rsquo;esp\u00e8ces observ\u00e9es aujourd&rsquo;hui : 32.<\/p>\n<p>Ces esp\u00e8ces sont les suivantes :<\/p>\n<p><u>Oiseaux d&rsquo;eau : <\/u><\/p>\n<p>Canards colverts (Anas platyrhynchos)<\/p>\n<p>H\u00e9ron cendr\u00e9 (Ardea cinerea)<\/p>\n<p>Martin-p\u00eacheur d&rsquo;Europe (Alcedo atthis)<\/p>\n<p><u>Oiseaux de falaises\u00a0 et milieux associ\u00e9s <\/u>:<\/p>\n<p>Vautours fauves (Gyps fulvus)<\/p>\n<p>Vautours moines (Aegypius monachus)<\/p>\n<p>Aigle royal (Aquila chrysaetos)<\/p>\n<p>Choucas des tours (Corvus monedula)<\/p>\n<p>Grands Corbeaux (Corvus corax)<\/p>\n<p><u>Oiseaux forestiers, de bocages et de milieux ouverts (agricoles\u2026)<\/u><\/p>\n<p>\u00c9pervier d&rsquo;Europe (Accipiter nisus)<\/p>\n<p>Pigeons ramiers (Columba palumbus)<\/p>\n<p>Pic vert (Picus viridis)<\/p>\n<p>Corneilles noires (Corvus corone)<\/p>\n<p>Geais des ch\u00eanes (Garrulus glandarius)<\/p>\n<p>Pipit farlouse (Anthus pratensis)<\/p>\n<p>Bergeronnettes grises (Motacilla alba)<\/p>\n<p>Rouges-gorges familiers (Erithacus rubecula)<\/p>\n<p>Tariers p\u00e2tres (Saxicola rubicola)<\/p>\n<p>Merle noir (Turdus merula)<\/p>\n<p>Grive draine (Turdus viscivorus)<\/p>\n<p>Fauvette \u00e0 t\u00eate noire (Sylvia atricapilla)<\/p>\n<p>M\u00e9sange charbonni\u00e8re (Parus major)<\/p>\n<p>Moineaux domestiques (Passer domesticus)<\/p>\n<p>Pinsons des arbres (Fringilla coelebs)<\/p>\n<p>Serins cinis (Serinus serinus)<\/p>\n<p>Venturons montagnards (Serinus citrinella)<\/p>\n<p>Tarins des aulnes (Carduelis spinus)<\/p>\n<p>Linottes m\u00e9lodieuses (Carduelis cannabina)<\/p>\n<p>Gros-bec casse-noyaux (Coccothraustes coccothraustes)<\/p>\n<p>Bruants zizis (Emberiza cirlus)<\/p>\n<p>Troglodyte mignon (Troglodytes troglodytes)<\/p>\n<p>Alouette lulu (Lullula arborea)<\/p>\n<p>Rouge-queue noir (<em><span style=\"color: black;\">Phoenicurus ochruros)<\/span><\/em><\/p>\n<p><span style=\"color: black;\">Chardonneret \u00e9l\u00e9gant (Carduelis carduelis<\/span><\/p>\n<p>Si vous ne les connaissez pas tout : \u00e0 vos livres\u00a0 ou allez sur <a href=\"http:\/\/oiseaux.net\" target=\"_blank\">oiseaux.net\u00a0\u00a0 <\/a><\/p>\n<p>Bruno GRAVELAT\u00a0 &#8211;\u00a0 Pour le groupe local LPO &#8211; Nyons<\/p>\n","protected":false},"excerpt":{"rendered":"<p>Ce dimanche 5 novembre 2017, \u00e0 l&rsquo;occasion de la Foire des Pilles, 12 personnes ont r\u00e9pondu \u00e0 l&rsquo;appel des derniers oiseaux migrateurs et des premiers hivernants. La sortie s&rsquo;est d\u00e9roul\u00e9e au lieudit les Tuili\u00e8res, rive gauche de l&rsquo;Eygues, en amont du village des Pilles. Ce petit secteur agricole et mara\u00eecher est riche en oiseaux, en &hellip; <a href=\"http:\/\/lespilles.fr\/lespillesautrefois\/?page_id=48\" class=\"more-link\">Continuer la lecture de <span class=\"screen-reader-text\">Patrimoine divers\u00a0<\/span> <span class=\"meta-nav\">&rarr;<\/span><\/a><\/p>\n","protected":false},"author":1,"featured_media":0,"parent":0,"menu_order":0,"comment_status":"closed","ping_status":"open","template":"","meta":{"footnotes":""},"class_list":["post-48","page","type-page","status-publish","hentry"],"_links":{"self":[{"href":"http:\/\/lespilles.fr\/lespillesautrefois\/index.php?rest_route=\/wp\/v2\/pages\/48","targetHints":{"allow":["GET"]}}],"collection":[{"href":"http:\/\/lespilles.fr\/lespillesautrefois\/index.php?rest_route=\/wp\/v2\/pages"}],"about":[{"href":"http:\/\/lespilles.fr\/lespillesautrefois\/index.php?rest_route=\/wp\/v2\/types\/page"}],"author":[{"embeddable":true,"href":"http:\/\/lespilles.fr\/lespillesautrefois\/index.php?rest_route=\/wp\/v2\/users\/1"}],"replies":[{"embeddable":true,"href":"http:\/\/lespilles.fr\/lespillesautrefois\/index.php?rest_route=%2Fwp%2Fv2%2Fcomments&post=48"}],"version-history":[{"count":6,"href":"http:\/\/lespilles.fr\/lespillesautrefois\/index.php?rest_route=\/wp\/v2\/pages\/48\/revisions"}],"predecessor-version":[{"id":925,"href":"http:\/\/lespilles.fr\/lespillesautrefois\/index.php?rest_route=\/wp\/v2\/pages\/48\/revisions\/925"}],"wp:attachment":[{"href":"http:\/\/lespilles.fr\/lespillesautrefois\/index.php?rest_route=%2Fwp%2Fv2%2Fmedia&parent=48"}],"curies":[{"name":"wp","href":"https:\/\/api.w.org\/{rel}","templated":true}]}}