{"id":44,"date":"2014-02-03T15:47:13","date_gmt":"2014-02-03T14:47:13","guid":{"rendered":"http:\/\/lespilles.fr\/lespillesautrefois\/?page_id=44"},"modified":"2024-11-28T15:57:51","modified_gmt":"2024-11-28T14:57:51","slug":"ecoles","status":"publish","type":"page","link":"http:\/\/lespilles.fr\/lespillesautrefois\/?page_id=44","title":{"rendered":"\u00c9coles"},"content":{"rendered":"\n<p>Voici notre photo la plus ancienne : fin du XIX\u00e8 <\/p>\n\n\n\n<figure class=\"wp-block-gallery has-nested-images columns-default is-cropped wp-block-gallery-1 is-layout-flex wp-block-gallery-is-layout-flex\">\n<figure class=\"wp-block-image size-medium\"><a href=\"https:\/\/lespilles.fr\/lespillesautrefois\/wp-content\/uploads\/2024\/11\/2024_07_07-Marylene-04-scaled.jpg\" target=\"_blank\"><img loading=\"lazy\" decoding=\"async\" width=\"300\" height=\"241\" data-id=\"2104\" src=\"https:\/\/lespilles.fr\/lespillesautrefois\/wp-content\/uploads\/2024\/11\/2024_07_07-Marylene-04-300x241.jpg\" alt=\"\" class=\"wp-image-2104\" srcset=\"https:\/\/lespilles.fr\/lespillesautrefois\/wp-content\/uploads\/2024\/11\/2024_07_07-Marylene-04-300x241.jpg 300w, https:\/\/lespilles.fr\/lespillesautrefois\/wp-content\/uploads\/2024\/11\/2024_07_07-Marylene-04-1024x822.jpg 1024w, https:\/\/lespilles.fr\/lespillesautrefois\/wp-content\/uploads\/2024\/11\/2024_07_07-Marylene-04-768x616.jpg 768w, https:\/\/lespilles.fr\/lespillesautrefois\/wp-content\/uploads\/2024\/11\/2024_07_07-Marylene-04-1536x1233.jpg 1536w, https:\/\/lespilles.fr\/lespillesautrefois\/wp-content\/uploads\/2024\/11\/2024_07_07-Marylene-04-2048x1644.jpg 2048w\" sizes=\"auto, (max-width: 300px) 100vw, 300px\" \/><\/a><figcaption class=\"wp-element-caption\">Augustine Celse 1er rang \u00e0 gauche<\/figcaption><\/figure>\n<\/figure>\n\n\n\n<p>Les ann\u00e9es 1920 : \u00e9cole des gar\u00e7ons et \u00e9cole des filles<\/p>\n\n\n\n<figure class=\"wp-block-gallery has-nested-images columns-default is-cropped wp-block-gallery-2 is-layout-flex wp-block-gallery-is-layout-flex\">\n<figure class=\"wp-block-image size-medium\"><a href=\"https:\/\/lespilles.fr\/lespillesautrefois\/wp-content\/uploads\/2024\/11\/1920-garcons-img361-copie.jpg\" target=\"_blank\"><img loading=\"lazy\" decoding=\"async\" width=\"300\" height=\"196\" data-id=\"2092\" src=\"https:\/\/lespilles.fr\/lespillesautrefois\/wp-content\/uploads\/2024\/11\/1920-garcons-img361-copie-300x196.jpg\" alt=\"\" class=\"wp-image-2092\" srcset=\"https:\/\/lespilles.fr\/lespillesautrefois\/wp-content\/uploads\/2024\/11\/1920-garcons-img361-copie-300x196.jpg 300w, https:\/\/lespilles.fr\/lespillesautrefois\/wp-content\/uploads\/2024\/11\/1920-garcons-img361-copie-1024x670.jpg 1024w, https:\/\/lespilles.fr\/lespillesautrefois\/wp-content\/uploads\/2024\/11\/1920-garcons-img361-copie-768x502.jpg 768w, https:\/\/lespilles.fr\/lespillesautrefois\/wp-content\/uploads\/2024\/11\/1920-garcons-img361-copie-1536x1005.jpg 1536w, https:\/\/lespilles.fr\/lespillesautrefois\/wp-content\/uploads\/2024\/11\/1920-garcons-img361-copie-2048x1340.jpg 2048w\" sizes=\"auto, (max-width: 300px) 100vw, 300px\" \/><\/a><\/figure>\n\n\n\n<figure class=\"wp-block-image size-medium\"><a href=\"https:\/\/lespilles.fr\/lespillesautrefois\/wp-content\/uploads\/2024\/11\/1920-Filles-scaled.jpg\" target=\"_blank\"><img loading=\"lazy\" decoding=\"async\" width=\"300\" height=\"228\" data-id=\"2090\" src=\"https:\/\/lespilles.fr\/lespillesautrefois\/wp-content\/uploads\/2024\/11\/1920-Filles-300x228.jpg\" alt=\"\" class=\"wp-image-2090\" srcset=\"https:\/\/lespilles.fr\/lespillesautrefois\/wp-content\/uploads\/2024\/11\/1920-Filles-300x228.jpg 300w, https:\/\/lespilles.fr\/lespillesautrefois\/wp-content\/uploads\/2024\/11\/1920-Filles-1024x777.jpg 1024w, https:\/\/lespilles.fr\/lespillesautrefois\/wp-content\/uploads\/2024\/11\/1920-Filles-768x583.jpg 768w, https:\/\/lespilles.fr\/lespillesautrefois\/wp-content\/uploads\/2024\/11\/1920-Filles-1536x1166.jpg 1536w, https:\/\/lespilles.fr\/lespillesautrefois\/wp-content\/uploads\/2024\/11\/1920-Filles-2048x1554.jpg 2048w\" sizes=\"auto, (max-width: 300px) 100vw, 300px\" \/><\/a><figcaption class=\"wp-element-caption\">Alice Javelas \u00e9p. Long<\/figcaption><\/figure>\n<\/figure>\n\n\n\n<p><\/p>\n\n\n\n<figure class=\"wp-block-gallery has-nested-images columns-default is-cropped wp-block-gallery-3 is-layout-flex wp-block-gallery-is-layout-flex\">\n<figure class=\"wp-block-image size-medium\"><a href=\"https:\/\/lespilles.fr\/lespillesautrefois\/wp-content\/uploads\/2024\/11\/1924-scaled.jpg\" target=\"_blank\"><img loading=\"lazy\" decoding=\"async\" width=\"300\" height=\"234\" data-id=\"2094\" src=\"https:\/\/lespilles.fr\/lespillesautrefois\/wp-content\/uploads\/2024\/11\/1924-300x234.jpg\" alt=\"\" class=\"wp-image-2094\" srcset=\"https:\/\/lespilles.fr\/lespillesautrefois\/wp-content\/uploads\/2024\/11\/1924-300x234.jpg 300w, https:\/\/lespilles.fr\/lespillesautrefois\/wp-content\/uploads\/2024\/11\/1924-1024x798.jpg 1024w, https:\/\/lespilles.fr\/lespillesautrefois\/wp-content\/uploads\/2024\/11\/1924-768x599.jpg 768w, https:\/\/lespilles.fr\/lespillesautrefois\/wp-content\/uploads\/2024\/11\/1924-1536x1197.jpg 1536w, https:\/\/lespilles.fr\/lespillesautrefois\/wp-content\/uploads\/2024\/11\/1924-2048x1596.jpg 2048w\" sizes=\"auto, (max-width: 300px) 100vw, 300px\" \/><\/a><figcaption class=\"wp-element-caption\">1924<\/figcaption><\/figure>\n\n\n\n<figure class=\"wp-block-image size-medium\"><a href=\"https:\/\/lespilles.fr\/lespillesautrefois\/wp-content\/uploads\/2024\/11\/1930-scaled.jpg\" target=\"_blank\"><img loading=\"lazy\" decoding=\"async\" width=\"300\" height=\"219\" data-id=\"2095\" src=\"https:\/\/lespilles.fr\/lespillesautrefois\/wp-content\/uploads\/2024\/11\/1930-300x219.jpg\" alt=\"\" class=\"wp-image-2095\" srcset=\"https:\/\/lespilles.fr\/lespillesautrefois\/wp-content\/uploads\/2024\/11\/1930-300x219.jpg 300w, https:\/\/lespilles.fr\/lespillesautrefois\/wp-content\/uploads\/2024\/11\/1930-1024x746.jpg 1024w, https:\/\/lespilles.fr\/lespillesautrefois\/wp-content\/uploads\/2024\/11\/1930-768x560.jpg 768w, https:\/\/lespilles.fr\/lespillesautrefois\/wp-content\/uploads\/2024\/11\/1930-1536x1119.jpg 1536w, https:\/\/lespilles.fr\/lespillesautrefois\/wp-content\/uploads\/2024\/11\/1930-2048x1493.jpg 2048w\" sizes=\"auto, (max-width: 300px) 100vw, 300px\" \/><\/a><figcaption class=\"wp-element-caption\">1930<\/figcaption><\/figure>\n<\/figure>\n\n\n\n<p><\/p>\n\n\n\n<figure class=\"wp-block-gallery has-nested-images columns-default is-cropped wp-block-gallery-4 is-layout-flex wp-block-gallery-is-layout-flex\">\n<figure class=\"wp-block-image size-medium\"><a href=\"https:\/\/lespilles.fr\/lespillesautrefois\/wp-content\/uploads\/2024\/11\/1936a-scaled.jpg\" target=\"_blank\"><img loading=\"lazy\" decoding=\"async\" width=\"300\" height=\"242\" data-id=\"2098\" src=\"https:\/\/lespilles.fr\/lespillesautrefois\/wp-content\/uploads\/2024\/11\/1936a-300x242.jpg\" alt=\"\" class=\"wp-image-2098\" srcset=\"https:\/\/lespilles.fr\/lespillesautrefois\/wp-content\/uploads\/2024\/11\/1936a-300x242.jpg 300w, https:\/\/lespilles.fr\/lespillesautrefois\/wp-content\/uploads\/2024\/11\/1936a-1024x825.jpg 1024w, https:\/\/lespilles.fr\/lespillesautrefois\/wp-content\/uploads\/2024\/11\/1936a-768x619.jpg 768w, https:\/\/lespilles.fr\/lespillesautrefois\/wp-content\/uploads\/2024\/11\/1936a-1536x1238.jpg 1536w, https:\/\/lespilles.fr\/lespillesautrefois\/wp-content\/uploads\/2024\/11\/1936a-2048x1650.jpg 2048w\" sizes=\"auto, (max-width: 300px) 100vw, 300px\" \/><\/a><figcaption class=\"wp-element-caption\">1936<\/figcaption><\/figure>\n\n\n\n<figure class=\"wp-block-image size-medium\"><a href=\"https:\/\/lespilles.fr\/lespillesautrefois\/wp-content\/uploads\/2024\/11\/1939a-scaled.jpg\" target=\"_blank\"><img loading=\"lazy\" decoding=\"async\" width=\"300\" height=\"241\" data-id=\"2102\" src=\"https:\/\/lespilles.fr\/lespillesautrefois\/wp-content\/uploads\/2024\/11\/1939a-300x241.jpg\" alt=\"\" class=\"wp-image-2102\" srcset=\"https:\/\/lespilles.fr\/lespillesautrefois\/wp-content\/uploads\/2024\/11\/1939a-300x241.jpg 300w, https:\/\/lespilles.fr\/lespillesautrefois\/wp-content\/uploads\/2024\/11\/1939a-1024x822.jpg 1024w, https:\/\/lespilles.fr\/lespillesautrefois\/wp-content\/uploads\/2024\/11\/1939a-768x616.jpg 768w, https:\/\/lespilles.fr\/lespillesautrefois\/wp-content\/uploads\/2024\/11\/1939a-1536x1233.jpg 1536w, https:\/\/lespilles.fr\/lespillesautrefois\/wp-content\/uploads\/2024\/11\/1939a-2048x1643.jpg 2048w\" sizes=\"auto, (max-width: 300px) 100vw, 300px\" \/><\/a><figcaption class=\"wp-element-caption\">1939<\/figcaption><\/figure>\n<\/figure>\n\n\n\n<p><\/p>\n\n\n\n<figure class=\"wp-block-gallery has-nested-images columns-default is-cropped wp-block-gallery-5 is-layout-flex wp-block-gallery-is-layout-flex\">\n<figure class=\"wp-block-image size-medium\"><a href=\"https:\/\/lespilles.fr\/lespillesautrefois\/wp-content\/uploads\/2024\/11\/1937a-scaled.jpg\" target=\"_blank\"><img loading=\"lazy\" decoding=\"async\" width=\"300\" height=\"181\" data-id=\"2100\" src=\"https:\/\/lespilles.fr\/lespillesautrefois\/wp-content\/uploads\/2024\/11\/1937a-300x181.jpg\" alt=\"\" class=\"wp-image-2100\" srcset=\"https:\/\/lespilles.fr\/lespillesautrefois\/wp-content\/uploads\/2024\/11\/1937a-300x181.jpg 300w, https:\/\/lespilles.fr\/lespillesautrefois\/wp-content\/uploads\/2024\/11\/1937a-1024x619.jpg 1024w, https:\/\/lespilles.fr\/lespillesautrefois\/wp-content\/uploads\/2024\/11\/1937a-768x464.jpg 768w, https:\/\/lespilles.fr\/lespillesautrefois\/wp-content\/uploads\/2024\/11\/1937a-1536x929.jpg 1536w, https:\/\/lespilles.fr\/lespillesautrefois\/wp-content\/uploads\/2024\/11\/1937a-2048x1238.jpg 2048w\" sizes=\"auto, (max-width: 300px) 100vw, 300px\" \/><\/a><figcaption class=\"wp-element-caption\">1947<\/figcaption><\/figure>\n\n\n\n<figure class=\"wp-block-image size-medium\"><a href=\"https:\/\/lespilles.fr\/lespillesautrefois\/wp-content\/uploads\/2024\/11\/1947-Le-certif-.jpg\" target=\"_blank\"><img loading=\"lazy\" decoding=\"async\" width=\"300\" height=\"218\" data-id=\"2103\" src=\"https:\/\/lespilles.fr\/lespillesautrefois\/wp-content\/uploads\/2024\/11\/1947-Le-certif--300x218.jpg\" alt=\"\" class=\"wp-image-2103\" srcset=\"https:\/\/lespilles.fr\/lespillesautrefois\/wp-content\/uploads\/2024\/11\/1947-Le-certif--300x218.jpg 300w, https:\/\/lespilles.fr\/lespillesautrefois\/wp-content\/uploads\/2024\/11\/1947-Le-certif--1024x743.jpg 1024w, https:\/\/lespilles.fr\/lespillesautrefois\/wp-content\/uploads\/2024\/11\/1947-Le-certif--768x557.jpg 768w, https:\/\/lespilles.fr\/lespillesautrefois\/wp-content\/uploads\/2024\/11\/1947-Le-certif-.jpg 1309w\" sizes=\"auto, (max-width: 300px) 100vw, 300px\" \/><\/a><figcaption class=\"wp-element-caption\">1947 Le certif !<\/figcaption><\/figure>\n<\/figure>\n","protected":false},"excerpt":{"rendered":"<p>Voici notre photo la plus ancienne : fin du XIX\u00e8 Les ann\u00e9es 1920 : \u00e9cole des gar\u00e7ons et \u00e9cole des filles<\/p>\n","protected":false},"author":1,"featured_media":0,"parent":0,"menu_order":0,"comment_status":"closed","ping_status":"open","template":"","meta":{"footnotes":""},"class_list":["post-44","page","type-page","status-publish","hentry"],"_links":{"self":[{"href":"http:\/\/lespilles.fr\/lespillesautrefois\/index.php?rest_route=\/wp\/v2\/pages\/44","targetHints":{"allow":["GET"]}}],"collection":[{"href":"http:\/\/lespilles.fr\/lespillesautrefois\/index.php?rest_route=\/wp\/v2\/pages"}],"about":[{"href":"http:\/\/lespilles.fr\/lespillesautrefois\/index.php?rest_route=\/wp\/v2\/types\/page"}],"author":[{"embeddable":true,"href":"http:\/\/lespilles.fr\/lespillesautrefois\/index.php?rest_route=\/wp\/v2\/users\/1"}],"replies":[{"embeddable":true,"href":"http:\/\/lespilles.fr\/lespillesautrefois\/index.php?rest_route=%2Fwp%2Fv2%2Fcomments&post=44"}],"version-history":[{"count":13,"href":"http:\/\/lespilles.fr\/lespillesautrefois\/index.php?rest_route=\/wp\/v2\/pages\/44\/revisions"}],"predecessor-version":[{"id":2139,"href":"http:\/\/lespilles.fr\/lespillesautrefois\/index.php?rest_route=\/wp\/v2\/pages\/44\/revisions\/2139"}],"wp:attachment":[{"href":"http:\/\/lespilles.fr\/lespillesautrefois\/index.php?rest_route=%2Fwp%2Fv2%2Fmedia&parent=44"}],"curies":[{"name":"wp","href":"https:\/\/api.w.org\/{rel}","templated":true}]}}